

 
{"id":49539,"date":"2022-06-13T09:51:39","date_gmt":"2022-06-13T08:51:39","guid":{"rendered":"https:\/\/ajt.morton.media\/?page_id=49539"},"modified":"2022-07-14T13:01:12","modified_gmt":"2022-07-14T12:01:12","slug":"unser-ethikkodex","status":"publish","type":"page","link":"https:\/\/ajt.morton.media\/de\/unser-ethikkodex\/","title":{"rendered":"Unser Ethikkodex"},"content":{"rendered":"<p>[vc_row css=&#8220;.vc_custom_1653558378938{padding-top: 5vh !important;padding-bottom: 3vh !important;}&#8220;][vc_column width=&#8220;1\/5&#8243;][\/vc_column][vc_column width=&#8220;3\/5&#8243;][vc_column_text]<\/p>\n<h1>Ethikkodex<\/h1>\n<p>[\/vc_column_text][\/vc_column][vc_column width=&#8220;1\/5&#8243;][\/vc_column][\/vc_row][vc_row css=&#8220;.vc_custom_1653558461626{padding-top: 3vh !important;padding-bottom: 3vh !important;}&#8220;][vc_column width=&#8220;1\/5&#8243;][\/vc_column][vc_column width=&#8220;3\/5&#8243;][vc_column_text]<\/p>\n<h2>Respekt gegen\u00fcber den Menschen und dem Planeten<\/h2>\n<h4>Wir begegnen unserem Planeten als auch unseren Mitmenschen mit gr\u00f6\u00dftem Respekt.<\/h4>\n<p>Wir respektieren jede Person, mit der wir interagieren. Wir zeigen Professionalit\u00e4t, H\u00f6flichkeit und Toleranz. Wir respektieren stets die Meinung und die Privatsph\u00e4re anderer Teammitglieder. Wir respektieren unseren Planeten und wollen zu seinem Schutz beitragen. Wo immer m\u00f6glich, beziehen wir nachhaltige und umweltfreundliche Produkte und leben nach einer \u201eZero Waste\u201c-Mentalit\u00e4t.<\/p>\n<p>Wir f\u00f6rdern ein sicheres Arbeitsumfeld und einen respektvollen Umgang und m\u00f6chten Mitarbeitenden so das Gef\u00fchl geben, dass sie Bedenken ansprechen k\u00f6nnen. Nat\u00fcrlich ist man nicht immer der selben Meinung. Es ist wichtig zu diskutieren und sich auszutauschen, denn nur so k\u00f6nnen wir wachsen und gemeinsam L\u00f6sungen finden. Es ist jedoch wichtig, dass wir dabei respektvoll sind.[\/vc_column_text][\/vc_column][vc_column width=&#8220;1\/5&#8243;][\/vc_column][\/vc_row][vc_row css=&#8220;.vc_custom_1653558467589{padding-top: 3vh !important;padding-bottom: 3vh !important;}&#8220;][vc_column width=&#8220;1\/5&#8243;][\/vc_column][vc_column width=&#8220;3\/5&#8243;][vc_column_text]<\/p>\n<h2>Integrit\u00e4t und Ehrlichkeit<\/h2>\n<h4>Wir sagen die Wahrheit und vermeiden im Rahmen unserer M\u00f6glichkeiten jegliches Fehlverhalten.<\/h4>\n<p>Unsere Mission ist es, unserer Kundschaft zu Erfolg auf dem europ\u00e4ischen Markt zu verhelfen und gleichzeitig die h\u00f6chsten sozialen und \u00f6kologischen Standards zu erf\u00fcllen. Wir richten unser Handeln stets nach diesen Grunds\u00e4tzen.<\/p>\n<p>Wir arbeiten alle zusammen, um unsere gemeinsame Mission zu erf\u00fcllen. Unsere Handlungen und unser Verhalten stimmen mit unserer allgemeinen Mission \u00fcberein und helfen uns dabei, diese zu erf\u00fcllen. Unser Handeln wird von Werten wie Ehrlichkeit, Vertrauensw\u00fcrdigkeit und Verl\u00e4sslichkeit geleitet. Wir sind in all unseren Handlungen transparent.<\/p>\n<p>Wir f\u00f6rdern ein sicheres Arbeitsumfeld und einen respektvollen Umgang und m\u00f6chten Mitarbeitenden so das Gef\u00fchl geben, dass sie Bedenken ansprechen k\u00f6nnen. Nat\u00fcrlich ist man nicht immer der selben Meinung. Es ist wichtig zu diskutieren und sich auszutauschen, denn nur so k\u00f6nnen wir wachsen und gemeinsam L\u00f6sungen finden. Es ist jedoch wichtig, dass wir dabei respektvoll sind.[\/vc_column_text][\/vc_column][vc_column width=&#8220;1\/5&#8243;][\/vc_column][\/vc_row][vc_row css=&#8220;.vc_custom_1653558467589{padding-top: 3vh !important;padding-bottom: 3vh !important;}&#8220;][vc_column width=&#8220;1\/5&#8243;][\/vc_column][vc_column width=&#8220;3\/5&#8243;][vc_column_text]<\/p>\n<h2>Rechtm\u00e4\u00dfigkeit<\/h2>\n<h4>Wir kennen und befolgen stets die Gesetze.<\/h4>\n<p>Wir handeln stets im Sinne der Gesetze, die f\u00fcr unser Unternehmen in den L\u00e4ndern, in denen wir t\u00e4tig sind, gelten. Unkenntnis des Gesetzes ist keine Entschuldigung daf\u00fcr, sich nicht daran zu halten. Wenn wir die Rechtslage in einem konkreten Fall nicht kennen, erkundigen wir uns.[\/vc_column_text][\/vc_column][vc_column width=&#8220;1\/5&#8243;][\/vc_column][\/vc_row][vc_row css=&#8220;.vc_custom_1653558467589{padding-top: 3vh !important;padding-bottom: 3vh !important;}&#8220;][vc_column width=&#8220;1\/5&#8243;][\/vc_column][vc_column width=&#8220;3\/5&#8243;][vc_column_text]<\/p>\n<h2>Chancengleichheit<\/h2>\n<h4>Wir sorgen daf\u00fcr, dass im Hinblick auf Wachstum und pers\u00f6nliche Weiterentwicklung allen die gleichen Chancen gew\u00e4hrt werden.<\/h4>\n<p>Wir ber\u00fccksichtigen stets die Konsequenzen unserer Entscheidungen f\u00fcr andere Teammitglieder, unsere Kundschaft, unsere Gemeinschaften und die Umwelt. Bei Entscheidungen, die andere Menschen betreffen, sind wir stets objektiv, beispielsweise wenn wir neue Teammitglieder einstellen, bereits f\u00fcr uns t\u00e4tige Teammitglieder bef\u00f6rdern oder Arbeitsvertr\u00e4ge beenden.<\/p>\n<p>Wir schaffen ein positives, kooperatives und integratives Umfeld, in dem wir uns gegenseitig dabei unterst\u00fctzen k\u00f6nnen, unser Bestes zu geben. Wir f\u00f6rdern ein Umfeld, das frei von jeglicher Form von Diskriminierung ist und sch\u00e4tzen die Vielfalt aller Menschen.[\/vc_column_text][\/vc_column][vc_column width=&#8220;1\/5&#8243;][\/vc_column][\/vc_row][vc_row css=&#8220;.vc_custom_1653559334981{margin-bottom: 15vh !important;padding-top: 3vh !important;}&#8220;][vc_column width=&#8220;1\/5&#8243;][\/vc_column][vc_column width=&#8220;3\/5&#8243; alignment=&#8220;left&#8220;][vc_column_text]<\/p>\n<h2>Teamarbeit und Zusammenarbeit<\/h2>\n<h4>Wir arbeiten als Team zusammen und bitten andere bei Bedarf um Hilfe.<\/h4>\n<p>Wir betrachten Teamarbeit nicht als Pflicht, sondern als M\u00f6glichkeit. Wir arbeiten alle eigenst\u00e4ndig und konzentrieren uns auf unsere eigenen Projekte und Aufgaben, sind jedoch stets bereit, mit anderen zusammenzuarbeiten und sie zu unterst\u00fctzen.<\/p>\n<p>Wir gehen mit unserem Fachwissen und unserer Kompetenz gro\u00dfz\u00fcgig um. Wir stehen Weiterbildung und Weiterentwicklung offen gegen\u00fcber und z\u00f6gern nie, bei Bedarf um Hilfe zu bitten. In einem Team, das tats\u00e4chlich auf Zusammenarbeit ausgerichtet ist, gibt es immer jemanden, der bereit und in der Lage ist zu helfen.[\/vc_column_text][\/vc_column][vc_column width=&#8220;1\/5&#8243;][\/vc_column][\/vc_row]<\/p>\n","protected":false},"excerpt":{"rendered":"<p>[vc_row css=&#8220;.vc_custom_1653558378938{padding-top: 5vh !important;padding-bottom: 3vh !important;}&#8220;][vc_column width=&#8220;1\/5&#8243;][\/vc_column][vc_column width=&#8220;3\/5&#8243;][vc_column_text] Ethikkodex [\/vc_column_text][\/vc_column][vc_column width=&#8220;1\/5&#8243;][\/vc_column][\/vc_row][vc_row css=&#8220;.vc_custom_1653558461626{padding-top: 3vh !important;padding-bottom: 3vh !important;}&#8220;][vc_column width=&#8220;1\/5&#8243;][\/vc_column][vc_column width=&#8220;3\/5&#8243;][vc_column_text] Respekt gegen\u00fcber den Menschen und dem Planeten Wir begegnen unserem Planeten als auch unseren Mitmenschen mit gr\u00f6\u00dftem Respekt. Wir respektieren jede Person, mit der wir interagieren. Wir zeigen Professionalit\u00e4t, H\u00f6flichkeit und Toleranz. Wir respektieren stets die Meinung<\/p>\n","protected":false},"author":1,"featured_media":0,"parent":0,"menu_order":0,"comment_status":"closed","ping_status":"closed","template":"","meta":{"inline_featured_image":false},"yoast_head":"<!-- This site is optimized with the Yoast SEO plugin v19.10 - https:\/\/yoast.com\/wordpress\/plugins\/seo\/ -->\n<title>Unser Ethikkodex | AJT<\/title>\n<meta name=\"description\" content=\"Wir sind ein soziales und umweltbewusstes \u00dcbersetzungsunternehmen. Wir streben danach, Positives zu bewirken, und lassen uns von unserem Ethikkodex leiten.\" \/>\n<meta name=\"robots\" content=\"index, follow, max-snippet:-1, max-image-preview:large, max-video-preview:-1\" \/>\n<link rel=\"canonical\" href=\"https:\/\/ajt.morton.media\/de\/unser-ethikkodex\/\" \/>\n<meta property=\"og:locale\" content=\"de_DE\" \/>\n<meta property=\"og:type\" content=\"article\" \/>\n<meta property=\"og:title\" content=\"Unser Ethikkodex | AJT\" \/>\n<meta property=\"og:description\" content=\"Wir sind ein soziales und umweltbewusstes \u00dcbersetzungsunternehmen. Wir streben danach, Positives zu bewirken, und lassen uns von unserem Ethikkodex leiten.\" \/>\n<meta property=\"og:url\" content=\"https:\/\/ajt.morton.media\/de\/unser-ethikkodex\/\" \/>\n<meta property=\"og:site_name\" content=\"AJT\" \/>\n<meta property=\"article:modified_time\" content=\"2022-07-14T12:01:12+00:00\" \/>\n<meta name=\"twitter:label1\" content=\"Gesch\u00e4tzte Lesezeit\" \/>\n\t<meta name=\"twitter:data1\" content=\"3\u00a0Minuten\" \/>\n<script type=\"application\/ld+json\" class=\"yoast-schema-graph\">{\"@context\":\"https:\/\/schema.org\",\"@graph\":[{\"@type\":\"WebPage\",\"@id\":\"https:\/\/ajt.morton.media\/de\/unser-ethikkodex\/\",\"url\":\"https:\/\/ajt.morton.media\/de\/unser-ethikkodex\/\",\"name\":\"Unser Ethikkodex | AJT\",\"isPartOf\":{\"@id\":\"https:\/\/www.teamajt.com\/#website\"},\"datePublished\":\"2022-06-13T08:51:39+00:00\",\"dateModified\":\"2022-07-14T12:01:12+00:00\",\"description\":\"Wir sind ein soziales und umweltbewusstes \u00dcbersetzungsunternehmen. Wir streben danach, Positives zu bewirken, und lassen uns von unserem Ethikkodex leiten.\",\"breadcrumb\":{\"@id\":\"https:\/\/ajt.morton.media\/de\/unser-ethikkodex\/#breadcrumb\"},\"inLanguage\":\"de\",\"potentialAction\":[{\"@type\":\"ReadAction\",\"target\":[\"https:\/\/ajt.morton.media\/de\/unser-ethikkodex\/\"]}]},{\"@type\":\"BreadcrumbList\",\"@id\":\"https:\/\/ajt.morton.media\/de\/unser-ethikkodex\/#breadcrumb\",\"itemListElement\":[{\"@type\":\"ListItem\",\"position\":1,\"name\":\"Home\",\"item\":\"https:\/\/www.teamajt.com\/de\/\"},{\"@type\":\"ListItem\",\"position\":2,\"name\":\"Unser Ethikkodex\"}]},{\"@type\":\"WebSite\",\"@id\":\"https:\/\/www.teamajt.com\/#website\",\"url\":\"https:\/\/www.teamajt.com\/\",\"name\":\"AJT\",\"description\":\"\",\"publisher\":{\"@id\":\"https:\/\/www.teamajt.com\/#organization\"},\"potentialAction\":[{\"@type\":\"SearchAction\",\"target\":{\"@type\":\"EntryPoint\",\"urlTemplate\":\"https:\/\/www.teamajt.com\/?s={search_term_string}\"},\"query-input\":\"required name=search_term_string\"}],\"inLanguage\":\"de\"},{\"@type\":\"Organization\",\"@id\":\"https:\/\/www.teamajt.com\/#organization\",\"name\":\"Anja Jones Translation\",\"url\":\"https:\/\/www.teamajt.com\/\",\"logo\":{\"@type\":\"ImageObject\",\"inLanguage\":\"de\",\"@id\":\"https:\/\/www.teamajt.com\/#\/schema\/logo\/image\/\",\"url\":\"https:\/\/ajt.morton.media\/wp-content\/uploads\/ajt_logo.png\",\"contentUrl\":\"https:\/\/ajt.morton.media\/wp-content\/uploads\/ajt_logo.png\",\"width\":889,\"height\":877,\"caption\":\"Anja Jones Translation\"},\"image\":{\"@id\":\"https:\/\/www.teamajt.com\/#\/schema\/logo\/image\/\"}}]}<\/script>\n<!-- \/ Yoast SEO plugin. -->","yoast_head_json":{"title":"Unser Ethikkodex | AJT","description":"Wir sind ein soziales und umweltbewusstes \u00dcbersetzungsunternehmen. Wir streben danach, Positives zu bewirken, und lassen uns von unserem Ethikkodex leiten.","robots":{"index":"index","follow":"follow","max-snippet":"max-snippet:-1","max-image-preview":"max-image-preview:large","max-video-preview":"max-video-preview:-1"},"canonical":"https:\/\/ajt.morton.media\/de\/unser-ethikkodex\/","og_locale":"de_DE","og_type":"article","og_title":"Unser Ethikkodex | AJT","og_description":"Wir sind ein soziales und umweltbewusstes \u00dcbersetzungsunternehmen. Wir streben danach, Positives zu bewirken, und lassen uns von unserem Ethikkodex leiten.","og_url":"https:\/\/ajt.morton.media\/de\/unser-ethikkodex\/","og_site_name":"AJT","article_modified_time":"2022-07-14T12:01:12+00:00","twitter_misc":{"Gesch\u00e4tzte Lesezeit":"3\u00a0Minuten"},"schema":{"@context":"https:\/\/schema.org","@graph":[{"@type":"WebPage","@id":"https:\/\/ajt.morton.media\/de\/unser-ethikkodex\/","url":"https:\/\/ajt.morton.media\/de\/unser-ethikkodex\/","name":"Unser Ethikkodex | AJT","isPartOf":{"@id":"https:\/\/www.teamajt.com\/#website"},"datePublished":"2022-06-13T08:51:39+00:00","dateModified":"2022-07-14T12:01:12+00:00","description":"Wir sind ein soziales und umweltbewusstes \u00dcbersetzungsunternehmen. Wir streben danach, Positives zu bewirken, und lassen uns von unserem Ethikkodex leiten.","breadcrumb":{"@id":"https:\/\/ajt.morton.media\/de\/unser-ethikkodex\/#breadcrumb"},"inLanguage":"de","potentialAction":[{"@type":"ReadAction","target":["https:\/\/ajt.morton.media\/de\/unser-ethikkodex\/"]}]},{"@type":"BreadcrumbList","@id":"https:\/\/ajt.morton.media\/de\/unser-ethikkodex\/#breadcrumb","itemListElement":[{"@type":"ListItem","position":1,"name":"Home","item":"https:\/\/www.teamajt.com\/de\/"},{"@type":"ListItem","position":2,"name":"Unser Ethikkodex"}]},{"@type":"WebSite","@id":"https:\/\/www.teamajt.com\/#website","url":"https:\/\/www.teamajt.com\/","name":"AJT","description":"","publisher":{"@id":"https:\/\/www.teamajt.com\/#organization"},"potentialAction":[{"@type":"SearchAction","target":{"@type":"EntryPoint","urlTemplate":"https:\/\/www.teamajt.com\/?s={search_term_string}"},"query-input":"required name=search_term_string"}],"inLanguage":"de"},{"@type":"Organization","@id":"https:\/\/www.teamajt.com\/#organization","name":"Anja Jones Translation","url":"https:\/\/www.teamajt.com\/","logo":{"@type":"ImageObject","inLanguage":"de","@id":"https:\/\/www.teamajt.com\/#\/schema\/logo\/image\/","url":"https:\/\/ajt.morton.media\/wp-content\/uploads\/ajt_logo.png","contentUrl":"https:\/\/ajt.morton.media\/wp-content\/uploads\/ajt_logo.png","width":889,"height":877,"caption":"Anja Jones Translation"},"image":{"@id":"https:\/\/www.teamajt.com\/#\/schema\/logo\/image\/"}}]}},"_links":{"self":[{"href":"https:\/\/ajt.morton.media\/de\/wp-json\/wp\/v2\/pages\/49539"}],"collection":[{"href":"https:\/\/ajt.morton.media\/de\/wp-json\/wp\/v2\/pages"}],"about":[{"href":"https:\/\/ajt.morton.media\/de\/wp-json\/wp\/v2\/types\/page"}],"author":[{"embeddable":true,"href":"https:\/\/ajt.morton.media\/de\/wp-json\/wp\/v2\/users\/1"}],"replies":[{"embeddable":true,"href":"https:\/\/ajt.morton.media\/de\/wp-json\/wp\/v2\/comments?post=49539"}],"version-history":[{"count":5,"href":"https:\/\/ajt.morton.media\/de\/wp-json\/wp\/v2\/pages\/49539\/revisions"}],"predecessor-version":[{"id":50636,"href":"https:\/\/ajt.morton.media\/de\/wp-json\/wp\/v2\/pages\/49539\/revisions\/50636"}],"wp:attachment":[{"href":"https:\/\/ajt.morton.media\/de\/wp-json\/wp\/v2\/media?parent=49539"}],"curies":[{"name":"wp","href":"https:\/\/api.w.org\/{rel}","templated":true}]}}