

 
{"id":49552,"date":"2022-06-13T09:57:32","date_gmt":"2022-06-13T08:57:32","guid":{"rendered":"https:\/\/ajt.morton.media\/?page_id=49552"},"modified":"2022-07-14T14:28:05","modified_gmt":"2022-07-14T13:28:05","slug":"verhaltenskodex-fuer-unsere-lieferantinnen","status":"publish","type":"page","link":"https:\/\/ajt.morton.media\/de\/verhaltenskodex-fuer-unsere-lieferantinnen\/","title":{"rendered":"Verhaltenskodex f\u00fcr unsere Lieferant*innen"},"content":{"rendered":"<p>[vc_row css=&#8220;.vc_custom_1653564507375{padding-top: 5vh !important;padding-bottom: 3vh !important;}&#8220;][vc_column width=&#8220;1\/5&#8243;][\/vc_column][vc_column width=&#8220;3\/5&#8243;][vc_column_text]<\/p>\n<h1>Verhaltenskodex f\u00fcr unsere Lieferant*innen<\/h1>\n<p>[\/vc_column_text][\/vc_column][vc_column width=&#8220;1\/5&#8243;][\/vc_column][\/vc_row][vc_row css=&#8220;.vc_custom_1653564540845{padding-top: 3vh !important;padding-bottom: 3vh !important;}&#8220;][vc_column width=&#8220;1\/5&#8243;][\/vc_column][vc_column width=&#8220;3\/5&#8243;][vc_column_text]<\/p>\n<h2>Einleitung<\/h2>\n<p>Das Team bei AJT zeichnet sich durch Diversit\u00e4t aus. Was alle diese talentierten Menschen teilen: ihre gemeinsame Leidenschaft f\u00fcr Sprachen und Kommunikation. Wir arbeiten mit einigen der erfolgreichsten Marken der Welt zusammen und bieten ihnen erstklassige \u00dcbersetzungsdienste an. Dabei m\u00fcssen wir nicht nur einwandfreie Arbeit leisten, sondern auch vorbildliches Verhalten an den Tag legen. Im Einklang mit unserem <a href=\"https:\/\/ajt.morton.media\/code-of-ethics\/\">Ethikkodex<\/a> streben wir danach, unsere Gesch\u00e4fte mit Professionalit\u00e4t, Respekt, Ethik und Ehrlichkeit sowie mit dem h\u00f6chsten Ma\u00df an sozialer und umweltpolitischer Integrit\u00e4t zu f\u00fchren sowie mit dem h\u00f6chsten Ma\u00df an sozialer und umweltpolitischer Integrit\u00e4t zu f\u00fchren.<\/p>\n<p>Wir sind fest davon \u00fcberzeugt, dass wir die beste Leistung erbringen, wenn wir mit Lieferant*innen zusammenarbeiten, die unsere Werte und ethischen Grunds\u00e4tze teilen. Egal ob Sie freiberuflich oder als Unternehmen t\u00e4tig sind, als vertrauensw\u00fcrdige*r AJT-Lieferant*in sind Sie ein wesentlicher Bestandteil unseres Gesch\u00e4fts\u00f6kosystems. Ihre Handlungen und Ihr Verhalten (gemeinsam als Ihr professionelles Verhalten bezeichnet) werden deshalb AJT zugerechnet. Unsere Allgemeinen Gesch\u00e4ftsbedingungen bilden die rechtlichen Rahmenbedingungen f\u00fcr unsere Gesch\u00e4ftsbeziehungen. Unser Verhaltenskodex f\u00fcr Lieferant*innen hingegen legt die Mindeststandards des professionellen Verhaltens fest, das wir von allen unseren Lieferant*innen erwarten.[\/vc_column_text][\/vc_column][vc_column width=&#8220;1\/5&#8243;][\/vc_column][\/vc_row][vc_row css=&#8220;.vc_custom_1653564540845{padding-top: 3vh !important;padding-bottom: 3vh !important;}&#8220;][vc_column width=&#8220;1\/5&#8243;][\/vc_column][vc_column width=&#8220;3\/5&#8243;][vc_column_text]<\/p>\n<h2 class=\"p1\"><span class=\"s1\">Umweltbezogene Grunds\u00e4tze<\/span><\/h2>\n<h4 class=\"p1\"><span class=\"s1\">Wir achten sehr genau auf die Umweltauswirkungen unserer Gesch\u00e4ftst\u00e4tigkeit und tun unser M\u00f6glichstes, diese Auswirkungen zu minimieren.<\/span><\/h4>\n<p class=\"p2\"><span class=\"s1\">Wir verlangen von all unseren Lieferant*innen, dass sie zumindest die lokalen und nationalen Umweltvorschriften einhalten. Als Lieferant*in von AJT haben Sie sicherzustellen, dass Ihre Handlungen die Umwelt so wenig wie m\u00f6glich beeintr\u00e4chtigen. Sie m\u00fcssen sie deshalb so umweltschonend und effizient wie m\u00f6glich ausf\u00fchren. Wir ersuchen Sie, Ihr M\u00f6glichstes zu tun, um die durch Ihre Handlungen verursachten Emissionen zu reduzieren oder zu beseitigen, die nat\u00fcrlichen Ressourcen zu schonen, die Verwendung gef\u00e4hrlicher Substanzen zu vermeiden bzw. einzuschr\u00e4nken und Abf\u00e4lle so weit wie m\u00f6glich wiederzuverwenden oder zu recyclen.<\/span><\/p>\n<p>[\/vc_column_text][\/vc_column][vc_column width=&#8220;1\/5&#8243;][\/vc_column][\/vc_row][vc_row css=&#8220;.vc_custom_1653564540845{padding-top: 3vh !important;padding-bottom: 3vh !important;}&#8220;][vc_column width=&#8220;1\/5&#8243;][\/vc_column][vc_column width=&#8220;3\/5&#8243;][vc_column_text]<\/p>\n<h2 class=\"p1\"><span class=\"s1\">Soziale Grunds\u00e4tze<\/span><\/h2>\n<h4 class=\"p1\"><span class=\"s1\">Wir f\u00f6rdern ein Umfeld, das frei von jeglicher Form von Diskriminierung ist, und sch\u00e4tzen die Vielfalt der Menschen.<\/span><\/h4>\n<p class=\"p2\"><span class=\"s1\">Wir alle haben das Recht, menschenw\u00fcrdig behandelt zu werden. Wir erwarten von unseren Lieferant*innen, dass sie alle Menschen, einschlie\u00dflich Kundschaft, Mitarbeitende, Subunternehmer und andere Interessengruppen, mit dem h\u00f6chsten Ma\u00df an Respekt, H\u00f6flichkeit, Ehrlichkeit und Fairness behandeln. Unsere Lieferant*innen d\u00fcrfen niemanden aufgrund von ethischer Zugeh\u00f6rigkeit, Kastenzugeh\u00f6rigkeit, Nationalit\u00e4t, Religion, Alter, Behinderung, Geschlecht, Familienstand, sexueller Orientierung, Gewerkschaftszugeh\u00f6rigkeit oder politischer Zugeh\u00f6rigkeit diskriminieren.<\/span><\/p>\n<p>[\/vc_column_text][\/vc_column][vc_column width=&#8220;1\/5&#8243;][\/vc_column][\/vc_row][vc_row css=&#8220;.vc_custom_1653565014476{padding-top: 3vh !important;padding-bottom: 15vh !important;}&#8220;][vc_column width=&#8220;1\/5&#8243;][\/vc_column][vc_column width=&#8220;3\/5&#8243;][vc_column_text]<\/p>\n<h2 class=\"p1\"><span class=\"s1\">Berufliche Grunds\u00e4tze<\/span><\/h2>\n<h4 class=\"p2\"><span class=\"s1\">Mit unseren Kund*innen und Lieferant*innen bauen wir langfristige Beziehungen auf, die auf Ehrlichkeit, Vertrauen und gegenseitigem Respekt basieren.<\/span><\/h4>\n<p class=\"p3\"><span class=\"s1\">Unsere Mission ist es, unsere Kund*innen bei der Erf\u00fcllung ihrer eigenen Unternehmensmission zu unterst\u00fctzen: international erfolgreich zu sein. Daher betrachten wir die Ziele unserer Kund*innen als unsere eigenen und erwarten dies auch von unseren Lieferant*innen. Es gibt kein \u201ewir\u201c oder \u201esie\u201c. Wir arbeiten alle zusammen, um unsere gemeinsamen Aufgaben zu erf\u00fcllen. Unser Handeln wird von Werten wie Ehrlichkeit, Vertrauensw\u00fcrdigkeit und Verl\u00e4sslichkeit geleitet. Wir sind in all unseren Handlungen transparent und erwarten dasselbe von unseren Lieferant*innen.<\/span><\/p>\n<p>[\/vc_column_text][\/vc_column][vc_column width=&#8220;1\/5&#8243;][\/vc_column][\/vc_row]<\/p>\n","protected":false},"excerpt":{"rendered":"<p>[vc_row css=&#8220;.vc_custom_1653564507375{padding-top: 5vh !important;padding-bottom: 3vh !important;}&#8220;][vc_column width=&#8220;1\/5&#8243;][\/vc_column][vc_column width=&#8220;3\/5&#8243;][vc_column_text] Verhaltenskodex f\u00fcr unsere Lieferant*innen [\/vc_column_text][\/vc_column][vc_column width=&#8220;1\/5&#8243;][\/vc_column][\/vc_row][vc_row css=&#8220;.vc_custom_1653564540845{padding-top: 3vh !important;padding-bottom: 3vh !important;}&#8220;][vc_column width=&#8220;1\/5&#8243;][\/vc_column][vc_column width=&#8220;3\/5&#8243;][vc_column_text] Einleitung Das Team bei AJT zeichnet sich durch Diversit\u00e4t aus. Was alle diese talentierten Menschen teilen: ihre gemeinsame Leidenschaft f\u00fcr Sprachen und Kommunikation. Wir arbeiten mit einigen der erfolgreichsten Marken der Welt zusammen und<\/p>\n","protected":false},"author":1,"featured_media":0,"parent":0,"menu_order":0,"comment_status":"closed","ping_status":"closed","template":"","meta":{"inline_featured_image":false},"yoast_head":"<!-- This site is optimized with the Yoast SEO plugin v19.10 - https:\/\/yoast.com\/wordpress\/plugins\/seo\/ -->\n<title>Verhaltenskodex f\u00fcr unsere Lieferant*innen | AJT<\/title>\n<meta name=\"description\" content=\"Der Verhaltenskodex f\u00fcr unsere Lieferant*innen beschreibt die Mindeststandards des professionellen Verhaltens, das wir von allen unseren Lieferant*innen erwarten.\" \/>\n<meta name=\"robots\" content=\"index, follow, max-snippet:-1, max-image-preview:large, max-video-preview:-1\" \/>\n<link rel=\"canonical\" href=\"https:\/\/ajt.morton.media\/de\/verhaltenskodex-fuer-unsere-lieferantinnen\/\" \/>\n<meta property=\"og:locale\" content=\"de_DE\" \/>\n<meta property=\"og:type\" content=\"article\" \/>\n<meta property=\"og:title\" content=\"Verhaltenskodex f\u00fcr unsere Lieferant*innen | AJT\" \/>\n<meta property=\"og:description\" content=\"Der Verhaltenskodex f\u00fcr unsere Lieferant*innen beschreibt die Mindeststandards des professionellen Verhaltens, das wir von allen unseren Lieferant*innen erwarten.\" \/>\n<meta property=\"og:url\" content=\"https:\/\/ajt.morton.media\/de\/verhaltenskodex-fuer-unsere-lieferantinnen\/\" \/>\n<meta property=\"og:site_name\" content=\"AJT\" \/>\n<meta property=\"article:modified_time\" content=\"2022-07-14T13:28:05+00:00\" \/>\n<meta name=\"twitter:label1\" content=\"Gesch\u00e4tzte Lesezeit\" \/>\n\t<meta name=\"twitter:data1\" content=\"4\u00a0Minuten\" \/>\n<script type=\"application\/ld+json\" class=\"yoast-schema-graph\">{\"@context\":\"https:\/\/schema.org\",\"@graph\":[{\"@type\":\"WebPage\",\"@id\":\"https:\/\/ajt.morton.media\/de\/verhaltenskodex-fuer-unsere-lieferantinnen\/\",\"url\":\"https:\/\/ajt.morton.media\/de\/verhaltenskodex-fuer-unsere-lieferantinnen\/\",\"name\":\"Verhaltenskodex f\u00fcr unsere Lieferant*innen | AJT\",\"isPartOf\":{\"@id\":\"https:\/\/www.teamajt.com\/#website\"},\"datePublished\":\"2022-06-13T08:57:32+00:00\",\"dateModified\":\"2022-07-14T13:28:05+00:00\",\"description\":\"Der Verhaltenskodex f\u00fcr unsere Lieferant*innen beschreibt die Mindeststandards des professionellen Verhaltens, das wir von allen unseren Lieferant*innen erwarten.\",\"breadcrumb\":{\"@id\":\"https:\/\/ajt.morton.media\/de\/verhaltenskodex-fuer-unsere-lieferantinnen\/#breadcrumb\"},\"inLanguage\":\"de\",\"potentialAction\":[{\"@type\":\"ReadAction\",\"target\":[\"https:\/\/ajt.morton.media\/de\/verhaltenskodex-fuer-unsere-lieferantinnen\/\"]}]},{\"@type\":\"BreadcrumbList\",\"@id\":\"https:\/\/ajt.morton.media\/de\/verhaltenskodex-fuer-unsere-lieferantinnen\/#breadcrumb\",\"itemListElement\":[{\"@type\":\"ListItem\",\"position\":1,\"name\":\"Home\",\"item\":\"https:\/\/www.teamajt.com\/de\/\"},{\"@type\":\"ListItem\",\"position\":2,\"name\":\"Verhaltenskodex f\u00fcr unsere Lieferant*innen\"}]},{\"@type\":\"WebSite\",\"@id\":\"https:\/\/www.teamajt.com\/#website\",\"url\":\"https:\/\/www.teamajt.com\/\",\"name\":\"AJT\",\"description\":\"\",\"publisher\":{\"@id\":\"https:\/\/www.teamajt.com\/#organization\"},\"potentialAction\":[{\"@type\":\"SearchAction\",\"target\":{\"@type\":\"EntryPoint\",\"urlTemplate\":\"https:\/\/www.teamajt.com\/?s={search_term_string}\"},\"query-input\":\"required name=search_term_string\"}],\"inLanguage\":\"de\"},{\"@type\":\"Organization\",\"@id\":\"https:\/\/www.teamajt.com\/#organization\",\"name\":\"Anja Jones Translation\",\"url\":\"https:\/\/www.teamajt.com\/\",\"logo\":{\"@type\":\"ImageObject\",\"inLanguage\":\"de\",\"@id\":\"https:\/\/www.teamajt.com\/#\/schema\/logo\/image\/\",\"url\":\"https:\/\/ajt.morton.media\/wp-content\/uploads\/ajt_logo.png\",\"contentUrl\":\"https:\/\/ajt.morton.media\/wp-content\/uploads\/ajt_logo.png\",\"width\":889,\"height\":877,\"caption\":\"Anja Jones Translation\"},\"image\":{\"@id\":\"https:\/\/www.teamajt.com\/#\/schema\/logo\/image\/\"}}]}<\/script>\n<!-- \/ Yoast SEO plugin. -->","yoast_head_json":{"title":"Verhaltenskodex f\u00fcr unsere Lieferant*innen | AJT","description":"Der Verhaltenskodex f\u00fcr unsere Lieferant*innen beschreibt die Mindeststandards des professionellen Verhaltens, das wir von allen unseren Lieferant*innen erwarten.","robots":{"index":"index","follow":"follow","max-snippet":"max-snippet:-1","max-image-preview":"max-image-preview:large","max-video-preview":"max-video-preview:-1"},"canonical":"https:\/\/ajt.morton.media\/de\/verhaltenskodex-fuer-unsere-lieferantinnen\/","og_locale":"de_DE","og_type":"article","og_title":"Verhaltenskodex f\u00fcr unsere Lieferant*innen | AJT","og_description":"Der Verhaltenskodex f\u00fcr unsere Lieferant*innen beschreibt die Mindeststandards des professionellen Verhaltens, das wir von allen unseren Lieferant*innen erwarten.","og_url":"https:\/\/ajt.morton.media\/de\/verhaltenskodex-fuer-unsere-lieferantinnen\/","og_site_name":"AJT","article_modified_time":"2022-07-14T13:28:05+00:00","twitter_misc":{"Gesch\u00e4tzte Lesezeit":"4\u00a0Minuten"},"schema":{"@context":"https:\/\/schema.org","@graph":[{"@type":"WebPage","@id":"https:\/\/ajt.morton.media\/de\/verhaltenskodex-fuer-unsere-lieferantinnen\/","url":"https:\/\/ajt.morton.media\/de\/verhaltenskodex-fuer-unsere-lieferantinnen\/","name":"Verhaltenskodex f\u00fcr unsere Lieferant*innen | AJT","isPartOf":{"@id":"https:\/\/www.teamajt.com\/#website"},"datePublished":"2022-06-13T08:57:32+00:00","dateModified":"2022-07-14T13:28:05+00:00","description":"Der Verhaltenskodex f\u00fcr unsere Lieferant*innen beschreibt die Mindeststandards des professionellen Verhaltens, das wir von allen unseren Lieferant*innen erwarten.","breadcrumb":{"@id":"https:\/\/ajt.morton.media\/de\/verhaltenskodex-fuer-unsere-lieferantinnen\/#breadcrumb"},"inLanguage":"de","potentialAction":[{"@type":"ReadAction","target":["https:\/\/ajt.morton.media\/de\/verhaltenskodex-fuer-unsere-lieferantinnen\/"]}]},{"@type":"BreadcrumbList","@id":"https:\/\/ajt.morton.media\/de\/verhaltenskodex-fuer-unsere-lieferantinnen\/#breadcrumb","itemListElement":[{"@type":"ListItem","position":1,"name":"Home","item":"https:\/\/www.teamajt.com\/de\/"},{"@type":"ListItem","position":2,"name":"Verhaltenskodex f\u00fcr unsere Lieferant*innen"}]},{"@type":"WebSite","@id":"https:\/\/www.teamajt.com\/#website","url":"https:\/\/www.teamajt.com\/","name":"AJT","description":"","publisher":{"@id":"https:\/\/www.teamajt.com\/#organization"},"potentialAction":[{"@type":"SearchAction","target":{"@type":"EntryPoint","urlTemplate":"https:\/\/www.teamajt.com\/?s={search_term_string}"},"query-input":"required name=search_term_string"}],"inLanguage":"de"},{"@type":"Organization","@id":"https:\/\/www.teamajt.com\/#organization","name":"Anja Jones Translation","url":"https:\/\/www.teamajt.com\/","logo":{"@type":"ImageObject","inLanguage":"de","@id":"https:\/\/www.teamajt.com\/#\/schema\/logo\/image\/","url":"https:\/\/ajt.morton.media\/wp-content\/uploads\/ajt_logo.png","contentUrl":"https:\/\/ajt.morton.media\/wp-content\/uploads\/ajt_logo.png","width":889,"height":877,"caption":"Anja Jones Translation"},"image":{"@id":"https:\/\/www.teamajt.com\/#\/schema\/logo\/image\/"}}]}},"_links":{"self":[{"href":"https:\/\/ajt.morton.media\/de\/wp-json\/wp\/v2\/pages\/49552"}],"collection":[{"href":"https:\/\/ajt.morton.media\/de\/wp-json\/wp\/v2\/pages"}],"about":[{"href":"https:\/\/ajt.morton.media\/de\/wp-json\/wp\/v2\/types\/page"}],"author":[{"embeddable":true,"href":"https:\/\/ajt.morton.media\/de\/wp-json\/wp\/v2\/users\/1"}],"replies":[{"embeddable":true,"href":"https:\/\/ajt.morton.media\/de\/wp-json\/wp\/v2\/comments?post=49552"}],"version-history":[{"count":5,"href":"https:\/\/ajt.morton.media\/de\/wp-json\/wp\/v2\/pages\/49552\/revisions"}],"predecessor-version":[{"id":50645,"href":"https:\/\/ajt.morton.media\/de\/wp-json\/wp\/v2\/pages\/49552\/revisions\/50645"}],"wp:attachment":[{"href":"https:\/\/ajt.morton.media\/de\/wp-json\/wp\/v2\/media?parent=49552"}],"curies":[{"name":"wp","href":"https:\/\/api.w.org\/{rel}","templated":true}]}}