

 
{"id":49889,"date":"2022-07-07T11:54:53","date_gmt":"2022-07-07T10:54:53","guid":{"rendered":"https:\/\/ajt.morton.media\/?page_id=49889"},"modified":"2024-08-05T10:14:27","modified_gmt":"2024-08-05T09:14:27","slug":"kontakt-zu-ajt","status":"publish","type":"page","link":"https:\/\/ajt.morton.media\/de\/kontakt-zu-ajt\/","title":{"rendered":"Kontakt zu AJT"},"content":{"rendered":"<p>[vc_row full_width=&#8220;stretch_row&#8220; content_placement=&#8220;middle&#8220; css=&#8220;.vc_custom_1652780478166{padding-top: 8vh !important;padding-bottom: 10vh !important;background-color: #f8f8f8 !important;}&#8220;][vc_column][vc_row_inner content_placement=&#8220;middle&#8220; el_id=&#8220;desktop-view&#8220;][vc_column_inner width=&#8220;5\/12&#8243; offset=&#8220;vc_hidden-sm vc_hidden-xs&#8220;][vc_column_text]<\/p>\n<h1>Kontakt zu AJT<\/h1>\n<p>[\/vc_column_text][vc_column_text]<\/p>\n<p style=\"color: #1f375d;\">Als Unternehmen ohne physischen Standort haben wir keine direkte Telefonnummer. Gespr\u00e4chsbereit sind wir nat\u00fcrlich trotzdem. Schreiben Sie uns eine Nachricht \u00fcber eine der unten aufgef\u00fchrten Optionen und wir rufen Sie schnellstm\u00f6glich an.<\/p>\n<p>[\/vc_column_text][\/vc_column_inner][vc_column_inner width=&#8220;7\/12&#8243; offset=&#8220;vc_hidden-sm vc_hidden-xs&#8220;][vc_single_image image=&#8220;49003&#8243; img_size=&#8220;&#8220; alignment=&#8220;center&#8220; el_class=&#8220;svg-image&#8220; css=&#8220;.vc_custom_1652780693627{padding-top: 10px !important;padding-right: 10px !important;padding-bottom: 10px !important;padding-left: 10px !important;}&#8220;][\/vc_column_inner][\/vc_row_inner][vc_row_inner content_placement=&#8220;middle&#8220; el_id=&#8220;tablet-view&#8220;][vc_column_inner width=&#8220;1\/2&#8243; offset=&#8220;vc_hidden-lg vc_hidden-md vc_hidden-xs&#8220;][vc_column_text]<\/p>\n<h1>Kontakt zu AJT<\/h1>\n<p>[\/vc_column_text][vc_column_text]<\/p>\n<p style=\"color: #1f375d;\">Als Unternehmen ohne physischen Standort haben wir keine direkte Telefonnummer. Gespr\u00e4chsbereit sind wir nat\u00fcrlich trotzdem. Schreiben Sie uns eine Nachricht \u00fcber eine der unten aufgef\u00fchrten Optionen und wir rufen Sie schnellstm\u00f6glich an.<\/p>\n<p>[\/vc_column_text][\/vc_column_inner][vc_column_inner width=&#8220;1\/2&#8243; offset=&#8220;vc_hidden-lg vc_hidden-md vc_hidden-xs&#8220;][vc_single_image image=&#8220;49003&#8243; img_size=&#8220;&#8220; alignment=&#8220;center&#8220; el_class=&#8220;svg-image&#8220; css=&#8220;.vc_custom_1652780693627{padding-top: 10px !important;padding-right: 10px !important;padding-bottom: 10px !important;padding-left: 10px !important;}&#8220;][\/vc_column_inner][\/vc_row_inner][vc_row_inner content_placement=&#8220;top&#8220; el_id=&#8220;mobile-view&#8220;][vc_column_inner offset=&#8220;vc_hidden-lg vc_hidden-md vc_hidden-sm&#8220;][vc_single_image image=&#8220;49003&#8243; img_size=&#8220;&#8220; alignment=&#8220;center&#8220; el_class=&#8220;svg-image&#8220; css=&#8220;.vc_custom_1652780693627{padding-top: 10px !important;padding-right: 10px !important;padding-bottom: 10px !important;padding-left: 10px !important;}&#8220;][vc_column_text]<\/p>\n<h1>Kontakt zu AJT<\/h1>\n<p>[\/vc_column_text][vc_column_text]<\/p>\n<p style=\"color: #1f375d;\">Als Unternehmen ohne physischen Standort haben wir keine direkte Telefonnummer. Gespr\u00e4chsbereit sind wir nat\u00fcrlich trotzdem. Schreiben Sie uns eine Nachricht \u00fcber eine der unten aufgef\u00fchrten Optionen und wir rufen Sie schnellstm\u00f6glich an.<\/p>\n<p>[\/vc_column_text][\/vc_column_inner][\/vc_row_inner][\/vc_column][\/vc_row][vc_row css=&#8220;.vc_custom_1651850604606{margin-top: 10vh !important;margin-bottom: 5vh !important;}&#8220;][vc_column][vc_column_text]<\/p>\n<h2 style=\"text-align: center;\"><strong><em>Keine falsche Scheu<\/em><\/strong><\/h2>\n<p style=\"text-align: center;\">Wir reden gerne. Und Schreiben ist unsere Leidenschaft. Immerhin sind wir Sprachprofis.<\/p>\n<p>[\/vc_column_text][\/vc_column][\/vc_row][vc_row css=&#8220;.vc_custom_1643304026444{padding: 50px !important;}&#8220;][vc_column width=&#8220;1\/2&#8243;][vc_column_text]<\/p>\n<h3>Nachricht verfassen<\/h3>\n<p>[\/vc_column_text]<div role=\"form\" class=\"wpcf7\" id=\"wpcf7-f45591-o1\" lang=\"en-US\" dir=\"ltr\">\n<div class=\"screen-reader-response\"><p role=\"status\" aria-live=\"polite\" aria-atomic=\"true\"><\/p> <ul><\/ul><\/div>\n<form action=\"\/de\/wp-json\/wp\/v2\/pages\/49889#wpcf7-f45591-o1\" method=\"post\" class=\"wpcf7-form init\" novalidate=\"novalidate\" data-status=\"init\">\n<div style=\"display: none;\">\n<input type=\"hidden\" name=\"_wpcf7\" value=\"45591\" \/>\n<input type=\"hidden\" name=\"_wpcf7_version\" value=\"5.6.4\" \/>\n<input type=\"hidden\" name=\"_wpcf7_locale\" value=\"en_US\" \/>\n<input type=\"hidden\" name=\"_wpcf7_unit_tag\" value=\"wpcf7-f45591-o1\" \/>\n<input type=\"hidden\" name=\"_wpcf7_container_post\" value=\"0\" \/>\n<input type=\"hidden\" name=\"_wpcf7_posted_data_hash\" value=\"\" \/>\n<input type=\"hidden\" name=\"_wpcf7_recaptcha_response\" value=\"\" \/>\n<\/div>\n<p><label>Ihr Name<label><br \/>\n<span class=\"wpcf7-form-control-wrap\" data-name=\"your-name\"><input type=\"text\" name=\"your-name\" value=\"\" size=\"40\" class=\"wpcf7-form-control wpcf7-text wpcf7-validates-as-required\" aria-required=\"true\" aria-invalid=\"false\" \/><\/span> <\/p>\n<p><label>Ihre E-Mail-Adresse<\/label><br \/>\n<span class=\"wpcf7-form-control-wrap\" data-name=\"your-email\"><input type=\"email\" name=\"your-email\" value=\"\" size=\"40\" class=\"wpcf7-form-control wpcf7-text wpcf7-email wpcf7-validates-as-required wpcf7-validates-as-email\" aria-required=\"true\" aria-invalid=\"false\" \/><\/span> <\/p>\n<p><label>Ihre Telefonnummer<\/label><br \/>\n<span class=\"wpcf7-form-control-wrap\" data-name=\"your-phone\"><input type=\"tel\" name=\"your-phone\" value=\"\" size=\"40\" class=\"wpcf7-form-control wpcf7-text wpcf7-tel wpcf7-validates-as-tel\" aria-invalid=\"false\" \/><\/span> <\/p>\n<p><label>Betreff<\/label><br \/>\n<span class=\"wpcf7-form-control-wrap\" data-name=\"your-subject\"><input type=\"text\" name=\"your-subject\" value=\"\" size=\"40\" class=\"wpcf7-form-control wpcf7-text\" aria-invalid=\"false\" \/><\/span> <\/p>\n<p><label>Ihre Nachricht<\/label><br \/>\n<span class=\"wpcf7-form-control-wrap\" data-name=\"your-message\"><textarea name=\"your-message\" cols=\"40\" rows=\"4\" class=\"wpcf7-form-control wpcf7-textarea\" aria-invalid=\"false\"><\/textarea><\/span> <\/p>\n<p><input type=\"submit\" value=\"Nachricht senden\" class=\"wpcf7-form-control has-spinner wpcf7-submit\" \/><\/p>\n<div class=\"wpcf7-response-output\" aria-hidden=\"true\"><\/div><\/form><\/div>[\/vc_column][vc_column width=&#8220;1\/2&#8243; css=&#8220;.vc_custom_1541433578271{margin-left: 24px !important;}&#8220;][vc_column_text]<\/p>\n<h3>E-Mail schreiben<\/h3>\n<p><a style=\"color: #1f375d;\" href=\"mailto:hello@teamajt.com\">hello@teamajt.com<\/a>[\/vc_column_text][vc_column_text]<\/p>\n<h3>Postadresse<\/h3>\n<p>AJT<br \/>\nMor Workspace<br \/>\nTreloggan Lane<br \/>\nNewquay<br \/>\nCornwall<br \/>\nTR7 2FP<br \/>\nVereinigtes K\u00f6nigreich[\/vc_column_text][\/vc_column][\/vc_row][vc_row full_width=&#8220;stretch_row&#8220; css=&#8220;.vc_custom_1652106641018{padding-top: 5vh !important;padding-bottom: 5vh !important;background-color: #f8f8f8 !important;}&#8220;][vc_column][vc_row_inner][vc_column_inner width=&#8220;1\/3&#8243;][vc_column_text]<\/p>\n<h3>Firmendaten<\/h3>\n<p>AJT ist der Handelsname von Jones Enterprises Ltd.[\/vc_column_text][\/vc_column_inner][vc_column_inner width=&#8220;1\/3&#8243;][vc_column_text]<strong>Eingetragene Firmenadresse<\/strong><br \/>\nBuilding A, Green Court<br \/>\nTruro Business Park<br \/>\nThreemilestone<br \/>\nTruro<br \/>\nCornwall<br \/>\nTR4 9LF<br \/>\nVereinigtes K\u00f6nigreich[\/vc_column_text][\/vc_column_inner][vc_column_inner width=&#8220;1\/3&#8243;][vc_column_text]<strong>Handelsregisternummer<\/strong><br \/>\n8409933<\/p>\n<p><strong>Umsatzsteuer-Identifikationsnummer<\/strong><br \/>\n178721771[\/vc_column_text][\/vc_column_inner][\/vc_row_inner][\/vc_column][\/vc_row][vc_row][vc_column][vc_column_text]<\/p>\n<div id=\"excerpt\" class=\"memsource-post-attribute\">\n<div class=\"memsource-post-attribute-end\"><\/div>\n<\/div>\n<p>[\/vc_column_text][\/vc_column][\/vc_row]<\/p>\n","protected":false},"excerpt":{"rendered":"<p>[vc_row full_width=&#8220;stretch_row&#8220; content_placement=&#8220;middle&#8220; css=&#8220;.vc_custom_1652780478166{padding-top: 8vh !important;padding-bottom: 10vh !important;background-color: #f8f8f8 !important;}&#8220;][vc_column][vc_row_inner content_placement=&#8220;middle&#8220; el_id=&#8220;desktop-view&#8220;][vc_column_inner width=&#8220;5\/12&#8243; offset=&#8220;vc_hidden-sm vc_hidden-xs&#8220;][vc_column_text] Kontakt zu AJT [\/vc_column_text][vc_column_text] Als Unternehmen ohne physischen Standort haben wir keine direkte Telefonnummer. Gespr\u00e4chsbereit sind wir nat\u00fcrlich trotzdem. Schreiben Sie uns eine Nachricht \u00fcber eine der unten aufgef\u00fchrten Optionen und wir rufen Sie schnellstm\u00f6glich an. [\/vc_column_text][\/vc_column_inner][vc_column_inner width=&#8220;7\/12&#8243; offset=&#8220;vc_hidden-sm vc_hidden-xs&#8220;][vc_single_image<\/p>\n","protected":false},"author":1,"featured_media":0,"parent":0,"menu_order":0,"comment_status":"closed","ping_status":"closed","template":"","meta":{"inline_featured_image":false},"yoast_head":"<!-- This site is optimized with the Yoast SEO plugin v19.10 - https:\/\/yoast.com\/wordpress\/plugins\/seo\/ -->\n<title>Kontakt | AJT<\/title>\n<meta name=\"description\" content=\"Keine falsche Scheu. Wir reden gerne. Und Schreiben ist unsere Leidenschaft. Immerhin sind wir Sprachprofis. Buchen Sie ein Informationsgespr\u00e4ch oder schreiben Sie uns eine E-Mail, um mit uns \u00fcber Ihre Lokalisierungsprojekte zu sprechen.\" \/>\n<meta name=\"robots\" content=\"index, follow, max-snippet:-1, max-image-preview:large, max-video-preview:-1\" \/>\n<link rel=\"canonical\" href=\"https:\/\/ajt.morton.media\/de\/kontakt-zu-ajt\/\" \/>\n<meta property=\"og:locale\" content=\"de_DE\" \/>\n<meta property=\"og:type\" content=\"article\" \/>\n<meta property=\"og:title\" content=\"Kontakt | AJT\" \/>\n<meta property=\"og:description\" content=\"Keine falsche Scheu. Wir reden gerne. Und Schreiben ist unsere Leidenschaft. Immerhin sind wir Sprachprofis. Buchen Sie ein Informationsgespr\u00e4ch oder schreiben Sie uns eine E-Mail, um mit uns \u00fcber Ihre Lokalisierungsprojekte zu sprechen.\" \/>\n<meta property=\"og:url\" content=\"https:\/\/ajt.morton.media\/de\/kontakt-zu-ajt\/\" \/>\n<meta property=\"og:site_name\" content=\"AJT\" \/>\n<meta property=\"article:modified_time\" content=\"2024-08-05T09:14:27+00:00\" \/>\n<meta name=\"twitter:label1\" content=\"Gesch\u00e4tzte Lesezeit\" \/>\n\t<meta name=\"twitter:data1\" content=\"2\u00a0Minuten\" \/>\n<script type=\"application\/ld+json\" class=\"yoast-schema-graph\">{\"@context\":\"https:\/\/schema.org\",\"@graph\":[{\"@type\":\"WebPage\",\"@id\":\"https:\/\/ajt.morton.media\/de\/kontakt-zu-ajt\/\",\"url\":\"https:\/\/ajt.morton.media\/de\/kontakt-zu-ajt\/\",\"name\":\"Kontakt | AJT\",\"isPartOf\":{\"@id\":\"https:\/\/www.teamajt.com\/#website\"},\"datePublished\":\"2022-07-07T10:54:53+00:00\",\"dateModified\":\"2024-08-05T09:14:27+00:00\",\"description\":\"Keine falsche Scheu. Wir reden gerne. Und Schreiben ist unsere Leidenschaft. Immerhin sind wir Sprachprofis. Buchen Sie ein Informationsgespr\u00e4ch oder schreiben Sie uns eine E-Mail, um mit uns \u00fcber Ihre Lokalisierungsprojekte zu sprechen.\",\"breadcrumb\":{\"@id\":\"https:\/\/ajt.morton.media\/de\/kontakt-zu-ajt\/#breadcrumb\"},\"inLanguage\":\"de\",\"potentialAction\":[{\"@type\":\"ReadAction\",\"target\":[\"https:\/\/ajt.morton.media\/de\/kontakt-zu-ajt\/\"]}]},{\"@type\":\"BreadcrumbList\",\"@id\":\"https:\/\/ajt.morton.media\/de\/kontakt-zu-ajt\/#breadcrumb\",\"itemListElement\":[{\"@type\":\"ListItem\",\"position\":1,\"name\":\"Home\",\"item\":\"https:\/\/www.teamajt.com\/de\/\"},{\"@type\":\"ListItem\",\"position\":2,\"name\":\"Kontakt zu AJT\"}]},{\"@type\":\"WebSite\",\"@id\":\"https:\/\/www.teamajt.com\/#website\",\"url\":\"https:\/\/www.teamajt.com\/\",\"name\":\"AJT\",\"description\":\"\",\"publisher\":{\"@id\":\"https:\/\/www.teamajt.com\/#organization\"},\"potentialAction\":[{\"@type\":\"SearchAction\",\"target\":{\"@type\":\"EntryPoint\",\"urlTemplate\":\"https:\/\/www.teamajt.com\/?s={search_term_string}\"},\"query-input\":\"required name=search_term_string\"}],\"inLanguage\":\"de\"},{\"@type\":\"Organization\",\"@id\":\"https:\/\/www.teamajt.com\/#organization\",\"name\":\"Anja Jones Translation\",\"url\":\"https:\/\/www.teamajt.com\/\",\"logo\":{\"@type\":\"ImageObject\",\"inLanguage\":\"de\",\"@id\":\"https:\/\/www.teamajt.com\/#\/schema\/logo\/image\/\",\"url\":\"https:\/\/ajt.morton.media\/wp-content\/uploads\/ajt_logo.png\",\"contentUrl\":\"https:\/\/ajt.morton.media\/wp-content\/uploads\/ajt_logo.png\",\"width\":889,\"height\":877,\"caption\":\"Anja Jones Translation\"},\"image\":{\"@id\":\"https:\/\/www.teamajt.com\/#\/schema\/logo\/image\/\"}}]}<\/script>\n<!-- \/ Yoast SEO plugin. -->","yoast_head_json":{"title":"Kontakt | AJT","description":"Keine falsche Scheu. Wir reden gerne. Und Schreiben ist unsere Leidenschaft. Immerhin sind wir Sprachprofis. Buchen Sie ein Informationsgespr\u00e4ch oder schreiben Sie uns eine E-Mail, um mit uns \u00fcber Ihre Lokalisierungsprojekte zu sprechen.","robots":{"index":"index","follow":"follow","max-snippet":"max-snippet:-1","max-image-preview":"max-image-preview:large","max-video-preview":"max-video-preview:-1"},"canonical":"https:\/\/ajt.morton.media\/de\/kontakt-zu-ajt\/","og_locale":"de_DE","og_type":"article","og_title":"Kontakt | AJT","og_description":"Keine falsche Scheu. Wir reden gerne. Und Schreiben ist unsere Leidenschaft. Immerhin sind wir Sprachprofis. Buchen Sie ein Informationsgespr\u00e4ch oder schreiben Sie uns eine E-Mail, um mit uns \u00fcber Ihre Lokalisierungsprojekte zu sprechen.","og_url":"https:\/\/ajt.morton.media\/de\/kontakt-zu-ajt\/","og_site_name":"AJT","article_modified_time":"2024-08-05T09:14:27+00:00","twitter_misc":{"Gesch\u00e4tzte Lesezeit":"2\u00a0Minuten"},"schema":{"@context":"https:\/\/schema.org","@graph":[{"@type":"WebPage","@id":"https:\/\/ajt.morton.media\/de\/kontakt-zu-ajt\/","url":"https:\/\/ajt.morton.media\/de\/kontakt-zu-ajt\/","name":"Kontakt | AJT","isPartOf":{"@id":"https:\/\/www.teamajt.com\/#website"},"datePublished":"2022-07-07T10:54:53+00:00","dateModified":"2024-08-05T09:14:27+00:00","description":"Keine falsche Scheu. Wir reden gerne. Und Schreiben ist unsere Leidenschaft. Immerhin sind wir Sprachprofis. Buchen Sie ein Informationsgespr\u00e4ch oder schreiben Sie uns eine E-Mail, um mit uns \u00fcber Ihre Lokalisierungsprojekte zu sprechen.","breadcrumb":{"@id":"https:\/\/ajt.morton.media\/de\/kontakt-zu-ajt\/#breadcrumb"},"inLanguage":"de","potentialAction":[{"@type":"ReadAction","target":["https:\/\/ajt.morton.media\/de\/kontakt-zu-ajt\/"]}]},{"@type":"BreadcrumbList","@id":"https:\/\/ajt.morton.media\/de\/kontakt-zu-ajt\/#breadcrumb","itemListElement":[{"@type":"ListItem","position":1,"name":"Home","item":"https:\/\/www.teamajt.com\/de\/"},{"@type":"ListItem","position":2,"name":"Kontakt zu AJT"}]},{"@type":"WebSite","@id":"https:\/\/www.teamajt.com\/#website","url":"https:\/\/www.teamajt.com\/","name":"AJT","description":"","publisher":{"@id":"https:\/\/www.teamajt.com\/#organization"},"potentialAction":[{"@type":"SearchAction","target":{"@type":"EntryPoint","urlTemplate":"https:\/\/www.teamajt.com\/?s={search_term_string}"},"query-input":"required name=search_term_string"}],"inLanguage":"de"},{"@type":"Organization","@id":"https:\/\/www.teamajt.com\/#organization","name":"Anja Jones Translation","url":"https:\/\/www.teamajt.com\/","logo":{"@type":"ImageObject","inLanguage":"de","@id":"https:\/\/www.teamajt.com\/#\/schema\/logo\/image\/","url":"https:\/\/ajt.morton.media\/wp-content\/uploads\/ajt_logo.png","contentUrl":"https:\/\/ajt.morton.media\/wp-content\/uploads\/ajt_logo.png","width":889,"height":877,"caption":"Anja Jones Translation"},"image":{"@id":"https:\/\/www.teamajt.com\/#\/schema\/logo\/image\/"}}]}},"_links":{"self":[{"href":"https:\/\/ajt.morton.media\/de\/wp-json\/wp\/v2\/pages\/49889"}],"collection":[{"href":"https:\/\/ajt.morton.media\/de\/wp-json\/wp\/v2\/pages"}],"about":[{"href":"https:\/\/ajt.morton.media\/de\/wp-json\/wp\/v2\/types\/page"}],"author":[{"embeddable":true,"href":"https:\/\/ajt.morton.media\/de\/wp-json\/wp\/v2\/users\/1"}],"replies":[{"embeddable":true,"href":"https:\/\/ajt.morton.media\/de\/wp-json\/wp\/v2\/comments?post=49889"}],"version-history":[{"count":6,"href":"https:\/\/ajt.morton.media\/de\/wp-json\/wp\/v2\/pages\/49889\/revisions"}],"predecessor-version":[{"id":55515,"href":"https:\/\/ajt.morton.media\/de\/wp-json\/wp\/v2\/pages\/49889\/revisions\/55515"}],"wp:attachment":[{"href":"https:\/\/ajt.morton.media\/de\/wp-json\/wp\/v2\/media?parent=49889"}],"curies":[{"name":"wp","href":"https:\/\/api.w.org\/{rel}","templated":true}]}}