

 
{"id":49891,"date":"2022-07-07T11:54:55","date_gmt":"2022-07-07T10:54:55","guid":{"rendered":"https:\/\/ajt.morton.media\/?page_id=49891"},"modified":"2022-07-14T12:48:25","modified_gmt":"2022-07-14T11:48:25","slug":"ethische-uebersetzungsdienste","status":"publish","type":"page","link":"https:\/\/ajt.morton.media\/de\/unsere-leistungen\/ethische-uebersetzungsdienste\/","title":{"rendered":"Ethische \u00dcbersetzungsdienste"},"content":{"rendered":"<p>[vc_row full_width=&#8220;stretch_row&#8220; css=&#8220;.vc_custom_1653562892545{padding-top: 5vh !important;padding-bottom: 3vh !important;}&#8220;][vc_column width=&#8220;1\/5&#8243;][\/vc_column][vc_column width=&#8220;3\/5&#8243;][vc_column_text]<\/p>\n<h1>Ethische \u00dcbersetzungsdienste<\/h1>\n<p>[\/vc_column_text][\/vc_column][vc_column width=&#8220;1\/5&#8243;][\/vc_column][\/vc_row][vc_row css=&#8220;.vc_custom_1653562911590{padding-top: 3vh !important;padding-bottom: 3vh !important;}&#8220;][vc_column width=&#8220;1\/5&#8243;][\/vc_column][vc_column width=&#8220;3\/5&#8243;][vc_column_text]<\/p>\n<h4>Sind Sie auf der Suche nach einem ethischen \u00dcbersetzungsanbieter, der Ihnen dabei hilft, international erfolgreich zu sein und gleichzeitig die h\u00f6chsten sozialen und \u00f6kologischen Standards Ihres Unternehmens erf\u00fcllt? Dann sind Sie bei uns richtig.<\/h4>\n<p>Hier bei AJT tun wir alles daf\u00fcr, um unserer Kundschaft sozial und \u00f6kologisch verantwortliche \u00dcbersetzungs- und Lokalisierungsdienste anbieten zu k\u00f6nnen. Menschen und Intention haben f\u00fcr uns einen h\u00f6heren Stellenwert als Profit und wir sind darauf bedacht, dass alle unsere Handlungen grunds\u00e4tzlich positive Auswirkungen haben.<\/p>\n<p>Wir sind der festen \u00dcberzeugung, dass jedes Unternehmen etwas Gutes bewirken kann und wir sind stolz auf das, was wir bereits erreicht haben. Bei jeder unserer Entscheidungen werden wir vom Prinzip der sozialen und \u00f6kologischen Verantwortung geleitet\u00a0\u2013 von der Zahlung angemessener L\u00f6hne an unsere talentierten Sprachtalente bis hin zur Auswahl umweltfreundlicher Anbieter.<\/p>\n<p>Wir sind der Meinung, dass wir die Konsequenzen unserer Entscheidungen f\u00fcr andere Teammitglieder, unsere Kundschaft, unsere Gemeinschaften und die Umwelt ber\u00fccksichtigen m\u00fcssen. Wir m\u00f6chten Teil einer Gesch\u00e4ftswelt sein, die den Aufbau einer integrativen und nachhaltigen Wirtschaft f\u00f6rdert und gleichzeitig zum Schutz und Erhalt unserer \u00d6kosysteme beitr\u00e4gt.<\/p>\n<p>Warum das f\u00fcr Sie bei der Inanspruchnahme von \u00dcbersetzungsdiensten relevant ist? Wenn Sie und Ihr Unternehmen unsere Vision einer fairen, integrativen und nachhaltigen Wirtschaft teilen, hilft Ihnen die Wahl eines ethischen \u00dcbersetzungsdienstleisters beim Aufbau einer ethischen Lieferkette und beim Erreichen Ihrer eigenen sozialen und \u00f6kologischen Ziele. Es gibt jedoch noch einen weiteren Grund, warum Sie sich f\u00fcr einen ethischen Anbieter entscheiden sollten. Wir sind fest davon \u00fcberzeugt, dass zufriedene \u00dcbersetzer*innen, die eine angemessene Bezahlung erhalten und gut behandelt werden, qualitativ hochwertigere \u00dcbersetzungen liefern. Bessere \u00dcbersetzungen haben eine gr\u00f6\u00dfere Wirkung, was wiederum zu einer h\u00f6heren Rentabilit\u00e4t f\u00fchrt.[\/vc_column_text][\/vc_column][vc_column width=&#8220;1\/5&#8243;][\/vc_column][\/vc_row][vc_row css=&#8220;.vc_custom_1653562911590{padding-top: 3vh !important;padding-bottom: 3vh !important;}&#8220;][vc_column width=&#8220;1\/5&#8243;][\/vc_column][vc_column width=&#8220;3\/5&#8243;][vc_column_text]<\/p>\n<h2>Angemessene Bezahlung<\/h2>\n<p>Wir setzen uns f\u00fcr ein faires und verantwortungsvolles Arbeitsverh\u00e4ltnis ein. Wir zahlen unseren Mitarbeitenden mindestens den Real Living Wage (Lohn, der die Lebenshaltung deckt) gem\u00e4\u00df den Richtlinien der britischen Living Wage Foundation. Ebenso verpflichten wir uns, unseren freiberuflichen \u00dcbersetzer*innen eine angemessene Bezahlung zu bieten.[\/vc_column_text][\/vc_column][vc_column width=&#8220;1\/5&#8243;][\/vc_column][\/vc_row][vc_row css=&#8220;.vc_custom_1653562911590{padding-top: 3vh !important;padding-bottom: 3vh !important;}&#8220;][vc_column width=&#8220;1\/5&#8243;][\/vc_column][vc_column width=&#8220;3\/5&#8243;][vc_column_text]<\/p>\n<h2>Chancengleichheit<\/h2>\n<p>Als Arbeitgeber verfolgen wir eine Politik der Chancengleichheit. Wir f\u00f6rdern ein Umfeld, das frei von jeglicher Form von rechtswidriger oder unfairer Diskriminierung ist und sch\u00e4tzen die Vielfalt aller Menschen.[\/vc_column_text][\/vc_column][vc_column width=&#8220;1\/5&#8243;][\/vc_column][\/vc_row][vc_row css=&#8220;.vc_custom_1653563091978{padding-top: 3vh !important;padding-bottom: 15vh !important;}&#8220;][vc_column width=&#8220;1\/5&#8243;][\/vc_column][vc_column width=&#8220;3\/5&#8243;][vc_column_text]<\/p>\n<h2>Umweltauswirkungen<\/h2>\n<p>Wir verpflichten uns, die Umweltauswirkungen unserer Aktivit\u00e4ten zu minimieren. Unser Unternehmen ist vollst\u00e4ndig papierlos und Cloud-basiert. Wir w\u00e4hlen und legen Wert auf umweltfreundliche und nachhaltige Produkte und Dienstleistungen.[\/vc_column_text][\/vc_column][vc_column width=&#8220;1\/5&#8243;][\/vc_column][\/vc_row]<\/p>\n<div id=\"excerpt\" class=\"memsource-post-attribute\">\n<div class=\"memsource-post-attribute-end\"><\/div>\n<\/div>\n","protected":false},"excerpt":{"rendered":"<p>[vc_row full_width=&#8220;stretch_row&#8220; css=&#8220;.vc_custom_1653562892545{padding-top: 5vh !important;padding-bottom: 3vh !important;}&#8220;][vc_column width=&#8220;1\/5&#8243;][\/vc_column][vc_column width=&#8220;3\/5&#8243;][vc_column_text] Ethische \u00dcbersetzungsdienste [\/vc_column_text][\/vc_column][vc_column width=&#8220;1\/5&#8243;][\/vc_column][\/vc_row][vc_row css=&#8220;.vc_custom_1653562911590{padding-top: 3vh !important;padding-bottom: 3vh !important;}&#8220;][vc_column width=&#8220;1\/5&#8243;][\/vc_column][vc_column width=&#8220;3\/5&#8243;][vc_column_text] Sind Sie auf der Suche nach einem ethischen \u00dcbersetzungsanbieter, der Ihnen dabei hilft, international erfolgreich zu sein und gleichzeitig die h\u00f6chsten sozialen und \u00f6kologischen Standards Ihres Unternehmens erf\u00fcllt? Dann sind Sie bei uns richtig. Hier<\/p>\n","protected":false},"author":2,"featured_media":0,"parent":49911,"menu_order":3,"comment_status":"closed","ping_status":"closed","template":"","meta":{"inline_featured_image":false},"yoast_head":"<!-- This site is optimized with the Yoast SEO plugin v19.10 - https:\/\/yoast.com\/wordpress\/plugins\/seo\/ -->\n<title>Ethische \u00dcbersetzungs- und Lokalisierungsdienste f\u00fcr europ\u00e4ische Sprachen | AJT<\/title>\n<meta name=\"description\" content=\"Wir setzen uns daf\u00fcr ein, unserer Kundschaft sozial und \u00f6kologisch verantwortliche \u00dcbersetzungs- und Lokalisierungsdienste anbieten zu k\u00f6nnen. Erfahren Sie mehr \u00fcber unsere Arbeitsweise.\" \/>\n<meta name=\"robots\" content=\"index, follow, max-snippet:-1, max-image-preview:large, max-video-preview:-1\" \/>\n<link rel=\"canonical\" href=\"https:\/\/ajt.morton.media\/de\/unsere-leistungen\/ethische-uebersetzungsdienste\/\" \/>\n<meta property=\"og:locale\" content=\"de_DE\" \/>\n<meta property=\"og:type\" content=\"article\" \/>\n<meta property=\"og:title\" content=\"Ethische \u00dcbersetzungs- und Lokalisierungsdienste f\u00fcr europ\u00e4ische Sprachen | AJT\" \/>\n<meta property=\"og:description\" content=\"Wir setzen uns daf\u00fcr ein, unserer Kundschaft sozial und \u00f6kologisch verantwortliche \u00dcbersetzungs- und Lokalisierungsdienste anbieten zu k\u00f6nnen. Erfahren Sie mehr \u00fcber unsere Arbeitsweise.\" \/>\n<meta property=\"og:url\" content=\"https:\/\/ajt.morton.media\/de\/unsere-leistungen\/ethische-uebersetzungsdienste\/\" \/>\n<meta property=\"og:site_name\" content=\"AJT\" \/>\n<meta property=\"article:modified_time\" content=\"2022-07-14T11:48:25+00:00\" \/>\n<meta name=\"twitter:label1\" content=\"Gesch\u00e4tzte Lesezeit\" \/>\n\t<meta name=\"twitter:data1\" content=\"2\u00a0Minuten\" \/>\n<script type=\"application\/ld+json\" class=\"yoast-schema-graph\">{\"@context\":\"https:\/\/schema.org\",\"@graph\":[{\"@type\":\"WebPage\",\"@id\":\"https:\/\/ajt.morton.media\/de\/unsere-leistungen\/ethische-uebersetzungsdienste\/\",\"url\":\"https:\/\/ajt.morton.media\/de\/unsere-leistungen\/ethische-uebersetzungsdienste\/\",\"name\":\"Ethische \u00dcbersetzungs- und Lokalisierungsdienste f\u00fcr europ\u00e4ische Sprachen | AJT\",\"isPartOf\":{\"@id\":\"https:\/\/www.teamajt.com\/#website\"},\"datePublished\":\"2022-07-07T10:54:55+00:00\",\"dateModified\":\"2022-07-14T11:48:25+00:00\",\"description\":\"Wir setzen uns daf\u00fcr ein, unserer Kundschaft sozial und \u00f6kologisch verantwortliche \u00dcbersetzungs- und Lokalisierungsdienste anbieten zu k\u00f6nnen. Erfahren Sie mehr \u00fcber unsere Arbeitsweise.\",\"breadcrumb\":{\"@id\":\"https:\/\/ajt.morton.media\/de\/unsere-leistungen\/ethische-uebersetzungsdienste\/#breadcrumb\"},\"inLanguage\":\"de\",\"potentialAction\":[{\"@type\":\"ReadAction\",\"target\":[\"https:\/\/ajt.morton.media\/de\/unsere-leistungen\/ethische-uebersetzungsdienste\/\"]}]},{\"@type\":\"BreadcrumbList\",\"@id\":\"https:\/\/ajt.morton.media\/de\/unsere-leistungen\/ethische-uebersetzungsdienste\/#breadcrumb\",\"itemListElement\":[{\"@type\":\"ListItem\",\"position\":1,\"name\":\"Home\",\"item\":\"https:\/\/www.teamajt.com\/de\/\"},{\"@type\":\"ListItem\",\"position\":2,\"name\":\"Unsere Leistungen\",\"item\":\"https:\/\/www.teamajt.com\/de\/unsere-leistungen\/\"},{\"@type\":\"ListItem\",\"position\":3,\"name\":\"Ethische \u00dcbersetzungsdienste\"}]},{\"@type\":\"WebSite\",\"@id\":\"https:\/\/www.teamajt.com\/#website\",\"url\":\"https:\/\/www.teamajt.com\/\",\"name\":\"AJT\",\"description\":\"\",\"publisher\":{\"@id\":\"https:\/\/www.teamajt.com\/#organization\"},\"potentialAction\":[{\"@type\":\"SearchAction\",\"target\":{\"@type\":\"EntryPoint\",\"urlTemplate\":\"https:\/\/www.teamajt.com\/?s={search_term_string}\"},\"query-input\":\"required name=search_term_string\"}],\"inLanguage\":\"de\"},{\"@type\":\"Organization\",\"@id\":\"https:\/\/www.teamajt.com\/#organization\",\"name\":\"Anja Jones Translation\",\"url\":\"https:\/\/www.teamajt.com\/\",\"logo\":{\"@type\":\"ImageObject\",\"inLanguage\":\"de\",\"@id\":\"https:\/\/www.teamajt.com\/#\/schema\/logo\/image\/\",\"url\":\"https:\/\/ajt.morton.media\/wp-content\/uploads\/ajt_logo.png\",\"contentUrl\":\"https:\/\/ajt.morton.media\/wp-content\/uploads\/ajt_logo.png\",\"width\":889,\"height\":877,\"caption\":\"Anja Jones Translation\"},\"image\":{\"@id\":\"https:\/\/www.teamajt.com\/#\/schema\/logo\/image\/\"}}]}<\/script>\n<!-- \/ Yoast SEO plugin. -->","yoast_head_json":{"title":"Ethische \u00dcbersetzungs- und Lokalisierungsdienste f\u00fcr europ\u00e4ische Sprachen | AJT","description":"Wir setzen uns daf\u00fcr ein, unserer Kundschaft sozial und \u00f6kologisch verantwortliche \u00dcbersetzungs- und Lokalisierungsdienste anbieten zu k\u00f6nnen. Erfahren Sie mehr \u00fcber unsere Arbeitsweise.","robots":{"index":"index","follow":"follow","max-snippet":"max-snippet:-1","max-image-preview":"max-image-preview:large","max-video-preview":"max-video-preview:-1"},"canonical":"https:\/\/ajt.morton.media\/de\/unsere-leistungen\/ethische-uebersetzungsdienste\/","og_locale":"de_DE","og_type":"article","og_title":"Ethische \u00dcbersetzungs- und Lokalisierungsdienste f\u00fcr europ\u00e4ische Sprachen | AJT","og_description":"Wir setzen uns daf\u00fcr ein, unserer Kundschaft sozial und \u00f6kologisch verantwortliche \u00dcbersetzungs- und Lokalisierungsdienste anbieten zu k\u00f6nnen. Erfahren Sie mehr \u00fcber unsere Arbeitsweise.","og_url":"https:\/\/ajt.morton.media\/de\/unsere-leistungen\/ethische-uebersetzungsdienste\/","og_site_name":"AJT","article_modified_time":"2022-07-14T11:48:25+00:00","twitter_misc":{"Gesch\u00e4tzte Lesezeit":"2\u00a0Minuten"},"schema":{"@context":"https:\/\/schema.org","@graph":[{"@type":"WebPage","@id":"https:\/\/ajt.morton.media\/de\/unsere-leistungen\/ethische-uebersetzungsdienste\/","url":"https:\/\/ajt.morton.media\/de\/unsere-leistungen\/ethische-uebersetzungsdienste\/","name":"Ethische \u00dcbersetzungs- und Lokalisierungsdienste f\u00fcr europ\u00e4ische Sprachen | AJT","isPartOf":{"@id":"https:\/\/www.teamajt.com\/#website"},"datePublished":"2022-07-07T10:54:55+00:00","dateModified":"2022-07-14T11:48:25+00:00","description":"Wir setzen uns daf\u00fcr ein, unserer Kundschaft sozial und \u00f6kologisch verantwortliche \u00dcbersetzungs- und Lokalisierungsdienste anbieten zu k\u00f6nnen. Erfahren Sie mehr \u00fcber unsere Arbeitsweise.","breadcrumb":{"@id":"https:\/\/ajt.morton.media\/de\/unsere-leistungen\/ethische-uebersetzungsdienste\/#breadcrumb"},"inLanguage":"de","potentialAction":[{"@type":"ReadAction","target":["https:\/\/ajt.morton.media\/de\/unsere-leistungen\/ethische-uebersetzungsdienste\/"]}]},{"@type":"BreadcrumbList","@id":"https:\/\/ajt.morton.media\/de\/unsere-leistungen\/ethische-uebersetzungsdienste\/#breadcrumb","itemListElement":[{"@type":"ListItem","position":1,"name":"Home","item":"https:\/\/www.teamajt.com\/de\/"},{"@type":"ListItem","position":2,"name":"Unsere Leistungen","item":"https:\/\/www.teamajt.com\/de\/unsere-leistungen\/"},{"@type":"ListItem","position":3,"name":"Ethische \u00dcbersetzungsdienste"}]},{"@type":"WebSite","@id":"https:\/\/www.teamajt.com\/#website","url":"https:\/\/www.teamajt.com\/","name":"AJT","description":"","publisher":{"@id":"https:\/\/www.teamajt.com\/#organization"},"potentialAction":[{"@type":"SearchAction","target":{"@type":"EntryPoint","urlTemplate":"https:\/\/www.teamajt.com\/?s={search_term_string}"},"query-input":"required name=search_term_string"}],"inLanguage":"de"},{"@type":"Organization","@id":"https:\/\/www.teamajt.com\/#organization","name":"Anja Jones Translation","url":"https:\/\/www.teamajt.com\/","logo":{"@type":"ImageObject","inLanguage":"de","@id":"https:\/\/www.teamajt.com\/#\/schema\/logo\/image\/","url":"https:\/\/ajt.morton.media\/wp-content\/uploads\/ajt_logo.png","contentUrl":"https:\/\/ajt.morton.media\/wp-content\/uploads\/ajt_logo.png","width":889,"height":877,"caption":"Anja Jones Translation"},"image":{"@id":"https:\/\/www.teamajt.com\/#\/schema\/logo\/image\/"}}]}},"_links":{"self":[{"href":"https:\/\/ajt.morton.media\/de\/wp-json\/wp\/v2\/pages\/49891"}],"collection":[{"href":"https:\/\/ajt.morton.media\/de\/wp-json\/wp\/v2\/pages"}],"about":[{"href":"https:\/\/ajt.morton.media\/de\/wp-json\/wp\/v2\/types\/page"}],"author":[{"embeddable":true,"href":"https:\/\/ajt.morton.media\/de\/wp-json\/wp\/v2\/users\/2"}],"replies":[{"embeddable":true,"href":"https:\/\/ajt.morton.media\/de\/wp-json\/wp\/v2\/comments?post=49891"}],"version-history":[{"count":2,"href":"https:\/\/ajt.morton.media\/de\/wp-json\/wp\/v2\/pages\/49891\/revisions"}],"predecessor-version":[{"id":50634,"href":"https:\/\/ajt.morton.media\/de\/wp-json\/wp\/v2\/pages\/49891\/revisions\/50634"}],"up":[{"embeddable":true,"href":"https:\/\/ajt.morton.media\/de\/wp-json\/wp\/v2\/pages\/49911"}],"wp:attachment":[{"href":"https:\/\/ajt.morton.media\/de\/wp-json\/wp\/v2\/media?parent=49891"}],"curies":[{"name":"wp","href":"https:\/\/api.w.org\/{rel}","templated":true}]}}