

 
{"id":49537,"date":"2022-06-13T09:51:37","date_gmt":"2022-06-13T08:51:37","guid":{"rendered":"https:\/\/ajt.morton.media\/?page_id=49537"},"modified":"2022-07-21T20:56:50","modified_gmt":"2022-07-21T19:56:50","slug":"nuestro-codigo-etico","status":"publish","type":"page","link":"https:\/\/ajt.morton.media\/es\/nuestro-codigo-etico\/","title":{"rendered":"Nuestro c\u00f3digo \u00e9tico"},"content":{"rendered":"<p>[vc_row css=\u00bb.vc_custom_1653558378938{padding-top: 5vh !important;padding-bottom: 3vh !important;}\u00bb][vc_column width=\u00bb1\/5&#8243;][\/vc_column][vc_column width=\u00bb3\/5&#8243;][vc_column_text]<\/p>\n<h1>C\u00f3digo \u00e9tico<\/h1>\n<p>[\/vc_column_text][\/vc_column][vc_column width=\u00bb1\/5&#8243;][\/vc_column][\/vc_row][vc_row css=\u00bb.vc_custom_1653558461626{padding-top: 3vh !important;padding-bottom: 3vh !important;}\u00bb][vc_column width=\u00bb1\/5&#8243;][\/vc_column][vc_column width=\u00bb3\/5&#8243; offset=\u00bbvc_hidden-xs\u00bb][vc_column_text]<\/p>\n<h2>Respeto por las personas y el planeta<\/h2>\n<h4>Tratamos a las personas y el planeta con respeto.<\/h4>\n<p>Respetamos a todas las personas con las que interactuamos. Actuamos con profesionalidad, educaci\u00f3n y tolerancia. Siempre respetamos las opiniones y la privacidad de los dem\u00e1s miembros del equipo. Respetamos el planeta y queremos contribuir a su protecci\u00f3n. Siempre que nos es posible, nos abastecemos de productos sostenibles y respetuosos con el medio ambiente, y nos esforzamos por no generar residuos.<\/p>\n<p>Queremos que todas las personas se sientan seguras y respetadas en el trabajo, y libres a la hora de expresarse. No pasa nada por estar en desacuerdo con los dem\u00e1s, y cuestionarnos mutuamente es una excelente forma de crecer y encontrar conjuntamente soluciones, siempre que se haga desde el respeto.[\/vc_column_text][\/vc_column][vc_column width=\u00bb1\/5&#8243;][\/vc_column][\/vc_row][vc_row css=\u00bb.vc_custom_1653558461626{padding-top: 3vh !important;padding-bottom: 3vh !important;}\u00bb][vc_column width=\u00bb1\/5&#8243;][\/vc_column][vc_column width=\u00bb3\/5&#8243; offset=\u00bbvc_hidden-lg vc_hidden-md vc_hidden-sm\u00bb][vc_column_text]<\/p>\n<h2>Respeto por las personas<br \/>\ny el planeta<\/h2>\n<h4>Tratamos a las personas y el planeta con respeto.<\/h4>\n<p>Respetamos a todas las personas con las que interactuamos. Actuamos con profesionalidad, educaci\u00f3n y tolerancia. Siempre respetamos las opiniones y la privacidad de los dem\u00e1s miembros del equipo. Respetamos el planeta y queremos contribuir a su protecci\u00f3n. Siempre que nos es posible, nos abastecemos de productos sostenibles y respetuosos con el medio ambiente, y nos esforzamos por no generar residuos.<\/p>\n<p>Queremos que todas las personas se sientan seguras y respetadas en el trabajo, y libres a la hora de expresarse. No pasa nada por estar en desacuerdo con los dem\u00e1s, y cuestionarnos mutuamente es una excelente forma de crecer y encontrar conjuntamente soluciones, siempre que se haga desde el respeto.[\/vc_column_text][\/vc_column][vc_column width=\u00bb1\/5&#8243;][\/vc_column][\/vc_row][vc_row css=\u00bb.vc_custom_1653558467589{padding-top: 3vh !important;padding-bottom: 3vh !important;}\u00bb][vc_column width=\u00bb1\/5&#8243;][\/vc_column][vc_column width=\u00bb3\/5&#8243;][vc_column_text]<\/p>\n<h2>Integridad y honestidad<\/h2>\n<h4>Decimos la verdad y evitamos comportarnos de forma inadecuada en la medida de nuestras posibilidades.<\/h4>\n<p>Nuestra misi\u00f3n es ayudar a nuestros clientes a alcanzar el \u00e9xito en el mercado europeo, al mismo tiempo que cumplimos los m\u00e1s altos est\u00e1ndares sociales y medioambientales. Siempre tenemos presente esta misi\u00f3n.<\/p>\n<p>Trabajamos en equipo para cumplir nuestra misi\u00f3n colectiva. Nuestra conducta y actitud est\u00e1n en consonancia con nuestra misi\u00f3n global y nos ayudan a trabajar para alcanzarla. Somos personas honestas y de confianza. Somos transparentes en todas nuestras actividades.<\/p>\n<p>Queremos que todas las personas se sientan seguras y respetadas en el trabajo, y libres a la hora de expresarse. No pasa nada por estar en desacuerdo con los dem\u00e1s, y cuestionarnos mutuamente es una excelente forma de crecer y encontrar conjuntamente soluciones, siempre que se haga desde el respeto.[\/vc_column_text][\/vc_column][vc_column width=\u00bb1\/5&#8243;][\/vc_column][\/vc_row][vc_row css=\u00bb.vc_custom_1653558467589{padding-top: 3vh !important;padding-bottom: 3vh !important;}\u00bb][vc_column width=\u00bb1\/5&#8243;][\/vc_column][vc_column width=\u00bb3\/5&#8243;][vc_column_text]<\/p>\n<h2>Legalidad<\/h2>\n<h4>Conocemos y cumplimos la ley, estemos donde estemos.<\/h4>\n<p>Cumplimos todas las leyes aplicables a nuestra organizaci\u00f3n y las de los pa\u00edses en los que residimos. La ignorancia no es una excusa. Si no tenemos la certeza de cu\u00e1l es la ley aplicable en un caso concreto, nos informamos al respecto.[\/vc_column_text][\/vc_column][vc_column width=\u00bb1\/5&#8243;][\/vc_column][\/vc_row][vc_row css=\u00bb.vc_custom_1653558467589{padding-top: 3vh !important;padding-bottom: 3vh !important;}\u00bb][vc_column width=\u00bb1\/5&#8243;][\/vc_column][vc_column width=\u00bb3\/5&#8243;][vc_column_text]<\/p>\n<h2>Igualdad de oportunidades<\/h2>\n<h4>Nos aseguramos de que todos puedan acceder a las mismas oportunidades de crecimiento y desarrollo.<\/h4>\n<p>Siempre tenemos en cuenta las repercusiones que nuestras decisiones pueden tener en nuestros compa\u00f1eros, clientes, comunidades y el medioambiente. Siempre actuamos con objetividad cuando tomamos decisiones que pueden afectar a otras personas, por ejemplo, cuando contratamos a nuevos miembros del equipo, ofrecemos ascensos o rescindimos contratos.<\/p>\n<p>Nos apoyamos los unos a los otros para hacer nuestro trabajo lo mejor posible al crear un entorno positivo, colaborativo e inclusivo. Fomentamos un entorno libre de cualquier forma de discriminaci\u00f3n y valoramos la diversidad de todas las personas.[\/vc_column_text][\/vc_column][vc_column width=\u00bb1\/5&#8243;][\/vc_column][\/vc_row][vc_row css=\u00bb.vc_custom_1653559334981{margin-bottom: 15vh !important;padding-top: 3vh !important;}\u00bb][vc_column width=\u00bb1\/5&#8243;][\/vc_column][vc_column width=\u00bb3\/5&#8243; alignment=\u00bbleft\u00bb][vc_column_text]<\/p>\n<h2>Trabajo en equipo y colaboraci\u00f3n<\/h2>\n<h4>Trabajamos en equipo y pedimos ayuda cuando la necesitamos.<\/h4>\n<p>Vemos el trabajo en equipo como una virtud, no como una obligaci\u00f3n. S\u00ed, todos trabajamos de forma aut\u00f3noma y nos centramos en nuestros propios proyectos y responsabilidades, pero siempre estamos dispuestos a colaborar y ayudar a los dem\u00e1s.<\/p>\n<p>Somos personas generosas con nuestros conocimientos y experiencia. Siempre estamos abiertos a aprender y evolucionar, y nunca dudamos en pedir ayuda cuando la necesitamos. En un equipo realmente colaborativo, siempre habr\u00e1 alguien dispuesto a ayudar y capacitado para ello.[\/vc_column_text][\/vc_column][vc_column width=\u00bb1\/5&#8243;][\/vc_column][\/vc_row][vc_row][vc_column][vc_column_text]<\/p>\n<div id=\"excerpt\" class=\"memsource-post-attribute\">\n<div class=\"memsource-post-attribute-end\"><\/div>\n<\/div>\n<p>[\/vc_column_text][\/vc_column][\/vc_row]<\/p>\n","protected":false},"excerpt":{"rendered":"<p>[vc_row css=\u00bb.vc_custom_1653558378938{padding-top: 5vh !important;padding-bottom: 3vh !important;}\u00bb][vc_column width=\u00bb1\/5&#8243;][\/vc_column][vc_column width=\u00bb3\/5&#8243;][vc_column_text] C\u00f3digo \u00e9tico [\/vc_column_text][\/vc_column][vc_column width=\u00bb1\/5&#8243;][\/vc_column][\/vc_row][vc_row css=\u00bb.vc_custom_1653558461626{padding-top: 3vh !important;padding-bottom: 3vh !important;}\u00bb][vc_column width=\u00bb1\/5&#8243;][\/vc_column][vc_column width=\u00bb3\/5&#8243; offset=\u00bbvc_hidden-xs\u00bb][vc_column_text] Respeto por las personas y el planeta Tratamos a las personas y el planeta con respeto. Respetamos a todas las personas con las que interactuamos. Actuamos con profesionalidad, educaci\u00f3n y tolerancia. Siempre respetamos las opiniones<\/p>\n","protected":false},"author":1,"featured_media":0,"parent":0,"menu_order":0,"comment_status":"closed","ping_status":"closed","template":"","meta":{"inline_featured_image":false},"yoast_head":"<!-- This site is optimized with the Yoast SEO plugin v19.10 - https:\/\/yoast.com\/wordpress\/plugins\/seo\/ -->\n<title>Nuestro c\u00f3digo \u00e9tico | AJT<\/title>\n<meta name=\"description\" content=\"Somos una empresa de traducci\u00f3n con responsabilidad social y medioambiental. Nos esforzamos por usar nuestra empresa como motor para hacer el bien y nos guiamos por nuestro c\u00f3digo \u00e9tico.\" \/>\n<meta name=\"robots\" content=\"index, follow, max-snippet:-1, max-image-preview:large, max-video-preview:-1\" \/>\n<link rel=\"canonical\" href=\"https:\/\/ajt.morton.media\/es\/nuestro-codigo-etico\/\" \/>\n<meta property=\"og:locale\" content=\"es_ES\" \/>\n<meta property=\"og:type\" content=\"article\" \/>\n<meta property=\"og:title\" content=\"Nuestro c\u00f3digo \u00e9tico | AJT\" \/>\n<meta property=\"og:description\" content=\"Somos una empresa de traducci\u00f3n con responsabilidad social y medioambiental. Nos esforzamos por usar nuestra empresa como motor para hacer el bien y nos guiamos por nuestro c\u00f3digo \u00e9tico.\" \/>\n<meta property=\"og:url\" content=\"https:\/\/ajt.morton.media\/es\/nuestro-codigo-etico\/\" \/>\n<meta property=\"og:site_name\" content=\"AJT\" \/>\n<meta property=\"article:modified_time\" content=\"2022-07-21T19:56:50+00:00\" \/>\n<meta name=\"twitter:label1\" content=\"Tiempo de lectura\" \/>\n\t<meta name=\"twitter:data1\" content=\"4 minutos\" \/>\n<script type=\"application\/ld+json\" class=\"yoast-schema-graph\">{\"@context\":\"https:\/\/schema.org\",\"@graph\":[{\"@type\":\"WebPage\",\"@id\":\"https:\/\/ajt.morton.media\/es\/nuestro-codigo-etico\/\",\"url\":\"https:\/\/ajt.morton.media\/es\/nuestro-codigo-etico\/\",\"name\":\"Nuestro c\u00f3digo \u00e9tico | AJT\",\"isPartOf\":{\"@id\":\"https:\/\/www.teamajt.com\/#website\"},\"datePublished\":\"2022-06-13T08:51:37+00:00\",\"dateModified\":\"2022-07-21T19:56:50+00:00\",\"description\":\"Somos una empresa de traducci\u00f3n con responsabilidad social y medioambiental. Nos esforzamos por usar nuestra empresa como motor para hacer el bien y nos guiamos por nuestro c\u00f3digo \u00e9tico.\",\"breadcrumb\":{\"@id\":\"https:\/\/ajt.morton.media\/es\/nuestro-codigo-etico\/#breadcrumb\"},\"inLanguage\":\"es\",\"potentialAction\":[{\"@type\":\"ReadAction\",\"target\":[\"https:\/\/ajt.morton.media\/es\/nuestro-codigo-etico\/\"]}]},{\"@type\":\"BreadcrumbList\",\"@id\":\"https:\/\/ajt.morton.media\/es\/nuestro-codigo-etico\/#breadcrumb\",\"itemListElement\":[{\"@type\":\"ListItem\",\"position\":1,\"name\":\"Home\",\"item\":\"https:\/\/www.teamajt.com\/es\/\"},{\"@type\":\"ListItem\",\"position\":2,\"name\":\"Nuestro c\u00f3digo \u00e9tico\"}]},{\"@type\":\"WebSite\",\"@id\":\"https:\/\/www.teamajt.com\/#website\",\"url\":\"https:\/\/www.teamajt.com\/\",\"name\":\"AJT\",\"description\":\"\",\"publisher\":{\"@id\":\"https:\/\/www.teamajt.com\/#organization\"},\"potentialAction\":[{\"@type\":\"SearchAction\",\"target\":{\"@type\":\"EntryPoint\",\"urlTemplate\":\"https:\/\/www.teamajt.com\/?s={search_term_string}\"},\"query-input\":\"required name=search_term_string\"}],\"inLanguage\":\"es\"},{\"@type\":\"Organization\",\"@id\":\"https:\/\/www.teamajt.com\/#organization\",\"name\":\"Anja Jones Translation\",\"url\":\"https:\/\/www.teamajt.com\/\",\"logo\":{\"@type\":\"ImageObject\",\"inLanguage\":\"es\",\"@id\":\"https:\/\/www.teamajt.com\/#\/schema\/logo\/image\/\",\"url\":\"https:\/\/ajt.morton.media\/wp-content\/uploads\/ajt_logo.png\",\"contentUrl\":\"https:\/\/ajt.morton.media\/wp-content\/uploads\/ajt_logo.png\",\"width\":889,\"height\":877,\"caption\":\"Anja Jones Translation\"},\"image\":{\"@id\":\"https:\/\/www.teamajt.com\/#\/schema\/logo\/image\/\"}}]}<\/script>\n<!-- \/ Yoast SEO plugin. -->","yoast_head_json":{"title":"Nuestro c\u00f3digo \u00e9tico | AJT","description":"Somos una empresa de traducci\u00f3n con responsabilidad social y medioambiental. Nos esforzamos por usar nuestra empresa como motor para hacer el bien y nos guiamos por nuestro c\u00f3digo \u00e9tico.","robots":{"index":"index","follow":"follow","max-snippet":"max-snippet:-1","max-image-preview":"max-image-preview:large","max-video-preview":"max-video-preview:-1"},"canonical":"https:\/\/ajt.morton.media\/es\/nuestro-codigo-etico\/","og_locale":"es_ES","og_type":"article","og_title":"Nuestro c\u00f3digo \u00e9tico | AJT","og_description":"Somos una empresa de traducci\u00f3n con responsabilidad social y medioambiental. Nos esforzamos por usar nuestra empresa como motor para hacer el bien y nos guiamos por nuestro c\u00f3digo \u00e9tico.","og_url":"https:\/\/ajt.morton.media\/es\/nuestro-codigo-etico\/","og_site_name":"AJT","article_modified_time":"2022-07-21T19:56:50+00:00","twitter_misc":{"Tiempo de lectura":"4 minutos"},"schema":{"@context":"https:\/\/schema.org","@graph":[{"@type":"WebPage","@id":"https:\/\/ajt.morton.media\/es\/nuestro-codigo-etico\/","url":"https:\/\/ajt.morton.media\/es\/nuestro-codigo-etico\/","name":"Nuestro c\u00f3digo \u00e9tico | AJT","isPartOf":{"@id":"https:\/\/www.teamajt.com\/#website"},"datePublished":"2022-06-13T08:51:37+00:00","dateModified":"2022-07-21T19:56:50+00:00","description":"Somos una empresa de traducci\u00f3n con responsabilidad social y medioambiental. Nos esforzamos por usar nuestra empresa como motor para hacer el bien y nos guiamos por nuestro c\u00f3digo \u00e9tico.","breadcrumb":{"@id":"https:\/\/ajt.morton.media\/es\/nuestro-codigo-etico\/#breadcrumb"},"inLanguage":"es","potentialAction":[{"@type":"ReadAction","target":["https:\/\/ajt.morton.media\/es\/nuestro-codigo-etico\/"]}]},{"@type":"BreadcrumbList","@id":"https:\/\/ajt.morton.media\/es\/nuestro-codigo-etico\/#breadcrumb","itemListElement":[{"@type":"ListItem","position":1,"name":"Home","item":"https:\/\/www.teamajt.com\/es\/"},{"@type":"ListItem","position":2,"name":"Nuestro c\u00f3digo \u00e9tico"}]},{"@type":"WebSite","@id":"https:\/\/www.teamajt.com\/#website","url":"https:\/\/www.teamajt.com\/","name":"AJT","description":"","publisher":{"@id":"https:\/\/www.teamajt.com\/#organization"},"potentialAction":[{"@type":"SearchAction","target":{"@type":"EntryPoint","urlTemplate":"https:\/\/www.teamajt.com\/?s={search_term_string}"},"query-input":"required name=search_term_string"}],"inLanguage":"es"},{"@type":"Organization","@id":"https:\/\/www.teamajt.com\/#organization","name":"Anja Jones Translation","url":"https:\/\/www.teamajt.com\/","logo":{"@type":"ImageObject","inLanguage":"es","@id":"https:\/\/www.teamajt.com\/#\/schema\/logo\/image\/","url":"https:\/\/ajt.morton.media\/wp-content\/uploads\/ajt_logo.png","contentUrl":"https:\/\/ajt.morton.media\/wp-content\/uploads\/ajt_logo.png","width":889,"height":877,"caption":"Anja Jones Translation"},"image":{"@id":"https:\/\/www.teamajt.com\/#\/schema\/logo\/image\/"}}]}},"_links":{"self":[{"href":"https:\/\/ajt.morton.media\/es\/wp-json\/wp\/v2\/pages\/49537"}],"collection":[{"href":"https:\/\/ajt.morton.media\/es\/wp-json\/wp\/v2\/pages"}],"about":[{"href":"https:\/\/ajt.morton.media\/es\/wp-json\/wp\/v2\/types\/page"}],"author":[{"embeddable":true,"href":"https:\/\/ajt.morton.media\/es\/wp-json\/wp\/v2\/users\/1"}],"replies":[{"embeddable":true,"href":"https:\/\/ajt.morton.media\/es\/wp-json\/wp\/v2\/comments?post=49537"}],"version-history":[{"count":5,"href":"https:\/\/ajt.morton.media\/es\/wp-json\/wp\/v2\/pages\/49537\/revisions"}],"predecessor-version":[{"id":50950,"href":"https:\/\/ajt.morton.media\/es\/wp-json\/wp\/v2\/pages\/49537\/revisions\/50950"}],"wp:attachment":[{"href":"https:\/\/ajt.morton.media\/es\/wp-json\/wp\/v2\/media?parent=49537"}],"curies":[{"name":"wp","href":"https:\/\/api.w.org\/{rel}","templated":true}]}}