

 
{"id":49548,"date":"2022-06-13T09:57:30","date_gmt":"2022-06-13T08:57:30","guid":{"rendered":"https:\/\/ajt.morton.media\/?page_id=49548"},"modified":"2022-07-21T21:00:00","modified_gmt":"2022-07-21T20:00:00","slug":"nuestro-codigo-de-conducta-para-proveedores","status":"publish","type":"page","link":"https:\/\/ajt.morton.media\/es\/nuestro-codigo-de-conducta-para-proveedores\/","title":{"rendered":"Nuestro c\u00f3digo de conducta para proveedores"},"content":{"rendered":"<p>[vc_row css=\u00bb.vc_custom_1653564507375{padding-top: 5vh !important;padding-bottom: 3vh !important;}\u00bb][vc_column width=\u00bb1\/5&#8243;][\/vc_column][vc_column width=\u00bb3\/5&#8243;][vc_column_text]<\/p>\n<h1>Nuestro c\u00f3digo de conducta para proveedores<\/h1>\n<p>[\/vc_column_text][\/vc_column][vc_column width=\u00bb1\/5&#8243;][\/vc_column][\/vc_row][vc_row css=\u00bb.vc_custom_1653564540845{padding-top: 3vh !important;padding-bottom: 3vh !important;}\u00bb][vc_column width=\u00bb1\/5&#8243;][\/vc_column][vc_column width=\u00bb3\/5&#8243;][vc_column_text]<\/p>\n<h2>Introducci\u00f3n<\/h2>\n<p>AJT est\u00e1 compuesto por un grupo de amantes de los idiomas y la comunicaci\u00f3n de gran talento y entusiasmo. Trabajamos con muchas de las marcas m\u00e1s conocidas del mundo y ofrecemos servicios de traducci\u00f3n de primera categor\u00eda. Pero nuestro \u00e9xito no solo se mide con nuestro trabajo, sino tambi\u00e9n con nuestra conducta. De acuerdo con nuestro <a href=\"https:\/\/ajt.morton.media\/code-of-ethics\/\">c\u00f3digo \u00e9tico<\/a>, nos esforzamos por ser profesionales, respetuosos, \u00e9ticos y transparentes. Adem\u00e1s, nuestro objetivo es desarrollar nuestra actividad manteniendo unos elevados est\u00e1ndares de integridad social y medioambiental.<\/p>\n<p>Creemos firmemente que obtenemos los mejores resultados cuando trabajamos con proveedores que comparten nuestros mismos valores y principios \u00e9ticos. Ya sea un trabajador independiente o una empresa, como proveedor de confianza de AJT ser\u00e1 una pieza integral de nuestro ecosistema empresarial y, como tal, sus acciones y comportamientos (denominados en conjunto \u00abconducta profesional\u00bb) se reflejan en AJT.\u00a0Mientras que nuestros t\u00e9rminos y condiciones establecen el marco legal de nuestra relaci\u00f3n comercial, nuestro<i> <\/i>c\u00f3digo de conducta para proveedores define los criterios m\u00ednimos de conducta profesional que esperamos de todos nuestros proveedores.[\/vc_column_text][\/vc_column][vc_column width=\u00bb1\/5&#8243;][\/vc_column][\/vc_row][vc_row css=\u00bb.vc_custom_1653564540845{padding-top: 3vh !important;padding-bottom: 3vh !important;}\u00bb][vc_column width=\u00bb1\/5&#8243;][\/vc_column][vc_column width=\u00bb3\/5&#8243;][vc_column_text]<\/p>\n<h2 class=\"p1\">Principios ecol\u00f3gicos<\/h2>\n<h4 class=\"p1\"><span class=\"s1\">Nos tomamos muy en serio la carga medioambiental de nuestras actividades y nos esforzamos por reducir sus repercusiones en la mayor medida posible.<\/span><\/h4>\n<p class=\"p2\"><span class=\"s1\">Como m\u00ednimo, esperamos que todos nuestros proveedores cumplan con las leyes medioambientales a nivel local y nacional. Como proveedor de AJT, deber\u00e1 asegurarse de que sus acciones repercutan lo menos posible en el medioambiente. Debe trabajar de la manera m\u00e1s responsable y eficiente posible desde el punto de vista medioambiental. Le animamos a poner todo lo que est\u00e1 en su mano para reducir o eliminar las emisiones que generan sus actividades, conservar los recursos naturales, evitar o minimizar el uso de sustancias peligrosas y, siempre que sea posible, fomentar la reutilizaci\u00f3n o el reciclaje de residuos.<\/span><\/p>\n<p>[\/vc_column_text][\/vc_column][vc_column width=\u00bb1\/5&#8243;][\/vc_column][\/vc_row][vc_row css=\u00bb.vc_custom_1653564540845{padding-top: 3vh !important;padding-bottom: 3vh !important;}\u00bb][vc_column width=\u00bb1\/5&#8243;][\/vc_column][vc_column width=\u00bb3\/5&#8243;][vc_column_text]<\/p>\n<h2 class=\"p1\"><span class=\"s1\">Principios sociales<\/span><\/h2>\n<h4 class=\"p1\"><span class=\"s1\">Fomentamos un entorno libre de cualquier forma de discriminaci\u00f3n y valoramos la diversidad de todas las personas.<\/span><\/h4>\n<p class=\"p2\"><span class=\"s1\">Todos somos seres humanos y merecemos ser tratados como tales. De nuestros proveedores esperamos que traten a todo el mundo, incluidos los clientes, empleados, trabajadores externos y otras personas involucradas, con el mayor respeto, educaci\u00f3n, sinceridad e imparcialidad. Nuestros proveedores no deben discriminar a ninguna persona por su raza, clase, nacionalidad, religi\u00f3n, edad, discapacidad, g\u00e9nero, estado civil, orientaci\u00f3n sexual o pertenencia a cualquier sindicato o partido pol\u00edtico.<\/span><\/p>\n<p>[\/vc_column_text][\/vc_column][vc_column width=\u00bb1\/5&#8243;][\/vc_column][\/vc_row][vc_row css=\u00bb.vc_custom_1653565014476{padding-top: 3vh !important;padding-bottom: 15vh !important;}\u00bb][vc_column width=\u00bb1\/5&#8243;][\/vc_column][vc_column width=\u00bb3\/5&#8243;][vc_column_text]<\/p>\n<h2 class=\"p1\"><span class=\"s1\">Principios profesionales<\/span><\/h2>\n<h4 class=\"p2\"><span class=\"s1\">Nos enorgullecemos de forjar relaciones duraderas con nuestros clientes y proveedores basadas en la transparencia, la confianza y el respeto mutuo.<\/span><\/h4>\n<p class=\"p3\"><span class=\"s1\">Nuestra misi\u00f3n es ayudar a nuestros clientes a cumplir su propia misi\u00f3n: tener \u00e9xito a nivel internacional. Por eso vemos los objetivos de nuestros clientes como si fueran los nuestros, y esperamos que nuestros proveedores hagan lo mismo. No hay un \u00abnosotros\u00bb o \u00abellos\u00bb. Trabajamos en equipo para cumplir nuestras misiones colectivas. Somos personas honestas y de confianza. Todas nuestras acciones se caracterizan por su transparencia, y esperamos que nuestros proveedores act\u00faen de la misma forma.<\/span><\/p>\n<p>[\/vc_column_text][\/vc_column][vc_column width=\u00bb1\/5&#8243;][\/vc_column][\/vc_row][vc_row][vc_column][vc_column_text]<\/p>\n<div id=\"excerpt\" class=\"memsource-post-attribute\">\n<div class=\"memsource-post-attribute-end\"><\/div>\n<\/div>\n<p>[\/vc_column_text][\/vc_column][\/vc_row]<\/p>\n","protected":false},"excerpt":{"rendered":"<p>[vc_row css=\u00bb.vc_custom_1653564507375{padding-top: 5vh !important;padding-bottom: 3vh !important;}\u00bb][vc_column width=\u00bb1\/5&#8243;][\/vc_column][vc_column width=\u00bb3\/5&#8243;][vc_column_text] Nuestro c\u00f3digo de conducta para proveedores [\/vc_column_text][\/vc_column][vc_column width=\u00bb1\/5&#8243;][\/vc_column][\/vc_row][vc_row css=\u00bb.vc_custom_1653564540845{padding-top: 3vh !important;padding-bottom: 3vh !important;}\u00bb][vc_column width=\u00bb1\/5&#8243;][\/vc_column][vc_column width=\u00bb3\/5&#8243;][vc_column_text] Introducci\u00f3n AJT est\u00e1 compuesto por un grupo de amantes de los idiomas y la comunicaci\u00f3n de gran talento y entusiasmo. Trabajamos con muchas de las marcas m\u00e1s conocidas del mundo y ofrecemos<\/p>\n","protected":false},"author":1,"featured_media":0,"parent":0,"menu_order":0,"comment_status":"closed","ping_status":"closed","template":"","meta":{"inline_featured_image":false},"yoast_head":"<!-- This site is optimized with the Yoast SEO plugin v19.10 - https:\/\/yoast.com\/wordpress\/plugins\/seo\/ -->\n<title>Nuestro c\u00f3digo de conducta para proveedores | AJT<\/title>\n<meta name=\"description\" content=\"Nuestro c\u00f3digo de conducta para proveedores describe los requisitos m\u00ednimos de conducta profesional que esperamos de todos nuestros proveedores.\" \/>\n<meta name=\"robots\" content=\"index, follow, max-snippet:-1, max-image-preview:large, max-video-preview:-1\" \/>\n<link rel=\"canonical\" href=\"https:\/\/ajt.morton.media\/es\/nuestro-codigo-de-conducta-para-proveedores\/\" \/>\n<meta property=\"og:locale\" content=\"es_ES\" \/>\n<meta property=\"og:type\" content=\"article\" \/>\n<meta property=\"og:title\" content=\"Nuestro c\u00f3digo de conducta para proveedores | AJT\" \/>\n<meta property=\"og:description\" content=\"Nuestro c\u00f3digo de conducta para proveedores describe los requisitos m\u00ednimos de conducta profesional que esperamos de todos nuestros proveedores.\" \/>\n<meta property=\"og:url\" content=\"https:\/\/ajt.morton.media\/es\/nuestro-codigo-de-conducta-para-proveedores\/\" \/>\n<meta property=\"og:site_name\" content=\"AJT\" \/>\n<meta property=\"article:modified_time\" content=\"2022-07-21T20:00:00+00:00\" \/>\n<meta name=\"twitter:label1\" content=\"Tiempo de lectura\" \/>\n\t<meta name=\"twitter:data1\" content=\"3 minutos\" \/>\n<script type=\"application\/ld+json\" class=\"yoast-schema-graph\">{\"@context\":\"https:\/\/schema.org\",\"@graph\":[{\"@type\":\"WebPage\",\"@id\":\"https:\/\/ajt.morton.media\/es\/nuestro-codigo-de-conducta-para-proveedores\/\",\"url\":\"https:\/\/ajt.morton.media\/es\/nuestro-codigo-de-conducta-para-proveedores\/\",\"name\":\"Nuestro c\u00f3digo de conducta para proveedores | AJT\",\"isPartOf\":{\"@id\":\"https:\/\/www.teamajt.com\/#website\"},\"datePublished\":\"2022-06-13T08:57:30+00:00\",\"dateModified\":\"2022-07-21T20:00:00+00:00\",\"description\":\"Nuestro c\u00f3digo de conducta para proveedores describe los requisitos m\u00ednimos de conducta profesional que esperamos de todos nuestros proveedores.\",\"breadcrumb\":{\"@id\":\"https:\/\/ajt.morton.media\/es\/nuestro-codigo-de-conducta-para-proveedores\/#breadcrumb\"},\"inLanguage\":\"es\",\"potentialAction\":[{\"@type\":\"ReadAction\",\"target\":[\"https:\/\/ajt.morton.media\/es\/nuestro-codigo-de-conducta-para-proveedores\/\"]}]},{\"@type\":\"BreadcrumbList\",\"@id\":\"https:\/\/ajt.morton.media\/es\/nuestro-codigo-de-conducta-para-proveedores\/#breadcrumb\",\"itemListElement\":[{\"@type\":\"ListItem\",\"position\":1,\"name\":\"Home\",\"item\":\"https:\/\/www.teamajt.com\/es\/\"},{\"@type\":\"ListItem\",\"position\":2,\"name\":\"Nuestro c\u00f3digo de conducta para proveedores\"}]},{\"@type\":\"WebSite\",\"@id\":\"https:\/\/www.teamajt.com\/#website\",\"url\":\"https:\/\/www.teamajt.com\/\",\"name\":\"AJT\",\"description\":\"\",\"publisher\":{\"@id\":\"https:\/\/www.teamajt.com\/#organization\"},\"potentialAction\":[{\"@type\":\"SearchAction\",\"target\":{\"@type\":\"EntryPoint\",\"urlTemplate\":\"https:\/\/www.teamajt.com\/?s={search_term_string}\"},\"query-input\":\"required name=search_term_string\"}],\"inLanguage\":\"es\"},{\"@type\":\"Organization\",\"@id\":\"https:\/\/www.teamajt.com\/#organization\",\"name\":\"Anja Jones Translation\",\"url\":\"https:\/\/www.teamajt.com\/\",\"logo\":{\"@type\":\"ImageObject\",\"inLanguage\":\"es\",\"@id\":\"https:\/\/www.teamajt.com\/#\/schema\/logo\/image\/\",\"url\":\"https:\/\/ajt.morton.media\/wp-content\/uploads\/ajt_logo.png\",\"contentUrl\":\"https:\/\/ajt.morton.media\/wp-content\/uploads\/ajt_logo.png\",\"width\":889,\"height\":877,\"caption\":\"Anja Jones Translation\"},\"image\":{\"@id\":\"https:\/\/www.teamajt.com\/#\/schema\/logo\/image\/\"}}]}<\/script>\n<!-- \/ Yoast SEO plugin. -->","yoast_head_json":{"title":"Nuestro c\u00f3digo de conducta para proveedores | AJT","description":"Nuestro c\u00f3digo de conducta para proveedores describe los requisitos m\u00ednimos de conducta profesional que esperamos de todos nuestros proveedores.","robots":{"index":"index","follow":"follow","max-snippet":"max-snippet:-1","max-image-preview":"max-image-preview:large","max-video-preview":"max-video-preview:-1"},"canonical":"https:\/\/ajt.morton.media\/es\/nuestro-codigo-de-conducta-para-proveedores\/","og_locale":"es_ES","og_type":"article","og_title":"Nuestro c\u00f3digo de conducta para proveedores | AJT","og_description":"Nuestro c\u00f3digo de conducta para proveedores describe los requisitos m\u00ednimos de conducta profesional que esperamos de todos nuestros proveedores.","og_url":"https:\/\/ajt.morton.media\/es\/nuestro-codigo-de-conducta-para-proveedores\/","og_site_name":"AJT","article_modified_time":"2022-07-21T20:00:00+00:00","twitter_misc":{"Tiempo de lectura":"3 minutos"},"schema":{"@context":"https:\/\/schema.org","@graph":[{"@type":"WebPage","@id":"https:\/\/ajt.morton.media\/es\/nuestro-codigo-de-conducta-para-proveedores\/","url":"https:\/\/ajt.morton.media\/es\/nuestro-codigo-de-conducta-para-proveedores\/","name":"Nuestro c\u00f3digo de conducta para proveedores | AJT","isPartOf":{"@id":"https:\/\/www.teamajt.com\/#website"},"datePublished":"2022-06-13T08:57:30+00:00","dateModified":"2022-07-21T20:00:00+00:00","description":"Nuestro c\u00f3digo de conducta para proveedores describe los requisitos m\u00ednimos de conducta profesional que esperamos de todos nuestros proveedores.","breadcrumb":{"@id":"https:\/\/ajt.morton.media\/es\/nuestro-codigo-de-conducta-para-proveedores\/#breadcrumb"},"inLanguage":"es","potentialAction":[{"@type":"ReadAction","target":["https:\/\/ajt.morton.media\/es\/nuestro-codigo-de-conducta-para-proveedores\/"]}]},{"@type":"BreadcrumbList","@id":"https:\/\/ajt.morton.media\/es\/nuestro-codigo-de-conducta-para-proveedores\/#breadcrumb","itemListElement":[{"@type":"ListItem","position":1,"name":"Home","item":"https:\/\/www.teamajt.com\/es\/"},{"@type":"ListItem","position":2,"name":"Nuestro c\u00f3digo de conducta para proveedores"}]},{"@type":"WebSite","@id":"https:\/\/www.teamajt.com\/#website","url":"https:\/\/www.teamajt.com\/","name":"AJT","description":"","publisher":{"@id":"https:\/\/www.teamajt.com\/#organization"},"potentialAction":[{"@type":"SearchAction","target":{"@type":"EntryPoint","urlTemplate":"https:\/\/www.teamajt.com\/?s={search_term_string}"},"query-input":"required name=search_term_string"}],"inLanguage":"es"},{"@type":"Organization","@id":"https:\/\/www.teamajt.com\/#organization","name":"Anja Jones Translation","url":"https:\/\/www.teamajt.com\/","logo":{"@type":"ImageObject","inLanguage":"es","@id":"https:\/\/www.teamajt.com\/#\/schema\/logo\/image\/","url":"https:\/\/ajt.morton.media\/wp-content\/uploads\/ajt_logo.png","contentUrl":"https:\/\/ajt.morton.media\/wp-content\/uploads\/ajt_logo.png","width":889,"height":877,"caption":"Anja Jones Translation"},"image":{"@id":"https:\/\/www.teamajt.com\/#\/schema\/logo\/image\/"}}]}},"_links":{"self":[{"href":"https:\/\/ajt.morton.media\/es\/wp-json\/wp\/v2\/pages\/49548"}],"collection":[{"href":"https:\/\/ajt.morton.media\/es\/wp-json\/wp\/v2\/pages"}],"about":[{"href":"https:\/\/ajt.morton.media\/es\/wp-json\/wp\/v2\/types\/page"}],"author":[{"embeddable":true,"href":"https:\/\/ajt.morton.media\/es\/wp-json\/wp\/v2\/users\/1"}],"replies":[{"embeddable":true,"href":"https:\/\/ajt.morton.media\/es\/wp-json\/wp\/v2\/comments?post=49548"}],"version-history":[{"count":3,"href":"https:\/\/ajt.morton.media\/es\/wp-json\/wp\/v2\/pages\/49548\/revisions"}],"predecessor-version":[{"id":50952,"href":"https:\/\/ajt.morton.media\/es\/wp-json\/wp\/v2\/pages\/49548\/revisions\/50952"}],"wp:attachment":[{"href":"https:\/\/ajt.morton.media\/es\/wp-json\/wp\/v2\/media?parent=49548"}],"curies":[{"name":"wp","href":"https:\/\/api.w.org\/{rel}","templated":true}]}}