

 
{"id":50062,"date":"2022-07-07T16:36:40","date_gmt":"2022-07-07T15:36:40","guid":{"rendered":"https:\/\/ajt.morton.media\/?page_id=50062"},"modified":"2024-08-05T10:29:52","modified_gmt":"2024-08-05T09:29:52","slug":"contacte-con-ajt","status":"publish","type":"page","link":"https:\/\/ajt.morton.media\/es\/contacte-con-ajt\/","title":{"rendered":"Contacte con AJT"},"content":{"rendered":"<p>[vc_row full_width=\u00bbstretch_row\u00bb content_placement=\u00bbmiddle\u00bb css=\u00bb.vc_custom_1652780478166{padding-top: 8vh !important;padding-bottom: 10vh !important;background-color: #f8f8f8 !important;}\u00bb][vc_column][vc_row_inner content_placement=\u00bbmiddle\u00bb el_id=\u00bbdesktop-view\u00bb][vc_column_inner width=\u00bb5\/12&#8243; offset=\u00bbvc_hidden-sm vc_hidden-xs\u00bb][vc_column_text]<\/p>\n<h1>Contacte con AJT<\/h1>\n<p>[\/vc_column_text][vc_column_text]<\/p>\n<p style=\"color: #1f375d;\">En nuestra empresa, todos los miembros del equipo teletrabajan y no tenemos n\u00famero de tel\u00e9fono directo, aunque estaremos encantados de hablar con usted. H\u00e1ganos llegar un mensaje a trav\u00e9s de uno de los siguientes canales y le llamaremos con la mayor brevedad.<\/p>\n<p>[\/vc_column_text][\/vc_column_inner][vc_column_inner width=\u00bb7\/12&#8243; offset=\u00bbvc_hidden-sm vc_hidden-xs\u00bb][vc_single_image image=\u00bb49005&#8243; img_size=\u00bb\u00bb alignment=\u00bbcenter\u00bb el_class=\u00bbsvg-image\u00bb css=\u00bb.vc_custom_1652780693627{padding-top: 10px !important;padding-right: 10px !important;padding-bottom: 10px !important;padding-left: 10px !important;}\u00bb][\/vc_column_inner][\/vc_row_inner][vc_row_inner content_placement=\u00bbmiddle\u00bb el_id=\u00bbtablet-view\u00bb][vc_column_inner width=\u00bb1\/2&#8243; offset=\u00bbvc_hidden-lg vc_hidden-md vc_hidden-xs\u00bb][vc_column_text]<\/p>\n<h1>Contacte con AJT<\/h1>\n<p>[\/vc_column_text][vc_column_text]<\/p>\n<p style=\"color: #1f375d;\">En nuestra empresa, todos los miembros del equipo teletrabajan y no tenemos n\u00famero de tel\u00e9fono directo, aunque estaremos encantados de hablar con usted. H\u00e1ganos llegar un mensaje a trav\u00e9s de uno de los siguientes canales y le llamaremos con la mayor brevedad.<\/p>\n<p>[\/vc_column_text][\/vc_column_inner][vc_column_inner width=\u00bb1\/2&#8243; offset=\u00bbvc_hidden-lg vc_hidden-md vc_hidden-xs\u00bb][vc_single_image image=\u00bb49005&#8243; img_size=\u00bb\u00bb alignment=\u00bbcenter\u00bb el_class=\u00bbsvg-image\u00bb css=\u00bb.vc_custom_1652780693627{padding-top: 10px !important;padding-right: 10px !important;padding-bottom: 10px !important;padding-left: 10px !important;}\u00bb][\/vc_column_inner][\/vc_row_inner][vc_row_inner content_placement=\u00bbtop\u00bb el_id=\u00bbmobile-view\u00bb][vc_column_inner offset=\u00bbvc_hidden-lg vc_hidden-md vc_hidden-sm\u00bb][vc_single_image image=\u00bb49005&#8243; img_size=\u00bb\u00bb alignment=\u00bbcenter\u00bb el_class=\u00bbsvg-image\u00bb css=\u00bb.vc_custom_1652780693627{padding-top: 10px !important;padding-right: 10px !important;padding-bottom: 10px !important;padding-left: 10px !important;}\u00bb][vc_column_text]<\/p>\n<h1>Contacte con AJT<\/h1>\n<p>[\/vc_column_text][vc_column_text]<\/p>\n<p style=\"color: #1f375d;\">En nuestra empresa, todos los miembros del equipo teletrabajan y no tenemos n\u00famero de tel\u00e9fono directo, aunque estaremos encantados de hablar con usted. H\u00e1ganos llegar un mensaje a trav\u00e9s de uno de los siguientes canales y le llamaremos con la mayor brevedad.<\/p>\n<p>[\/vc_column_text][\/vc_column_inner][\/vc_row_inner][\/vc_column][\/vc_row][vc_row css=\u00bb.vc_custom_1651850604606{margin-top: 10vh !important;margin-bottom: 5vh !important;}\u00bb][vc_column offset=\u00bbvc_hidden-xs\u00bb][vc_column_text]<\/p>\n<h2 style=\"text-align: center;\"><strong><em>Deje a un lado la timidez<\/em><\/strong><\/h2>\n<p style=\"text-align: center;\">Nos encanta hablar. Y escribir. Por eso nos dedicamos a esto.<\/p>\n<p>[\/vc_column_text][\/vc_column][\/vc_row][vc_row css=\u00bb.vc_custom_1651850604606{margin-top: 10vh !important;margin-bottom: 5vh !important;}\u00bb][vc_column offset=\u00bbvc_hidden-lg vc_hidden-md vc_hidden-sm\u00bb][vc_column_text]<\/p>\n<h2 style=\"text-align: center;\"><strong><em>Deje a un lado la timidez<\/em><\/strong><\/h2>\n<p style=\"text-align: center;\">Nos encanta hablar. Y escribir.<br \/>\nPor eso nos dedicamos a esto.<\/p>\n<p>[\/vc_column_text][\/vc_column][\/vc_row][vc_row css=\u00bb.vc_custom_1643304026444{padding: 50px !important;}\u00bb][vc_column width=\u00bb1\/2&#8243;][vc_column_text]<\/p>\n<h3>M\u00e1ndenos un mensaje<\/h3>\n<p>[\/vc_column_text]<div role=\"form\" class=\"wpcf7\" id=\"wpcf7-f50453-o1\" lang=\"en-US\" dir=\"ltr\">\n<div class=\"screen-reader-response\"><p role=\"status\" aria-live=\"polite\" aria-atomic=\"true\"><\/p> <ul><\/ul><\/div>\n<form action=\"\/es\/wp-json\/wp\/v2\/pages\/50062#wpcf7-f50453-o1\" method=\"post\" class=\"wpcf7-form init\" novalidate=\"novalidate\" data-status=\"init\">\n<div style=\"display: none;\">\n<input type=\"hidden\" name=\"_wpcf7\" value=\"50453\" \/>\n<input type=\"hidden\" name=\"_wpcf7_version\" value=\"5.6.4\" \/>\n<input type=\"hidden\" name=\"_wpcf7_locale\" value=\"en_US\" \/>\n<input type=\"hidden\" name=\"_wpcf7_unit_tag\" value=\"wpcf7-f50453-o1\" \/>\n<input type=\"hidden\" name=\"_wpcf7_container_post\" value=\"0\" \/>\n<input type=\"hidden\" name=\"_wpcf7_posted_data_hash\" value=\"\" \/>\n<input type=\"hidden\" name=\"_wpcf7_recaptcha_response\" value=\"\" \/>\n<\/div>\n<p><label<Nombre<\/label><br \/>\n<span class=\"wpcf7-form-control-wrap\" data-name=\"your-name\"><input type=\"text\" name=\"your-name\" value=\"\" size=\"40\" class=\"wpcf7-form-control wpcf7-text wpcf7-validates-as-required\" aria-required=\"true\" aria-invalid=\"false\" \/><\/span> <\/p>\n<p><label>Correo electr\u00f3nico<\/label><br \/>\n<span class=\"wpcf7-form-control-wrap\" data-name=\"your-email\"><input type=\"email\" name=\"your-email\" value=\"\" size=\"40\" class=\"wpcf7-form-control wpcf7-text wpcf7-email wpcf7-validates-as-required wpcf7-validates-as-email\" aria-required=\"true\" aria-invalid=\"false\" \/><\/span> <\/p>\n<p><label>Tel\u00e9fono<\/label><br \/>\n<span class=\"wpcf7-form-control-wrap\" data-name=\"your-phone\"><input type=\"tel\" name=\"your-phone\" value=\"\" size=\"40\" class=\"wpcf7-form-control wpcf7-text wpcf7-tel wpcf7-validates-as-tel\" aria-invalid=\"false\" \/><\/span> <\/p>\n<p><label>Asunto<\/label><br \/>\n<span class=\"wpcf7-form-control-wrap\" data-name=\"your-subject\"><input type=\"text\" name=\"your-subject\" value=\"\" size=\"40\" class=\"wpcf7-form-control wpcf7-text\" aria-invalid=\"false\" \/><\/span> <\/p>\n<p><label>Mensaje<\/label><br \/>\n<span class=\"wpcf7-form-control-wrap\" data-name=\"your-message\"><textarea name=\"your-message\" cols=\"40\" rows=\"10\" class=\"wpcf7-form-control wpcf7-textarea\" aria-invalid=\"false\"><\/textarea><\/span> <\/p>\n<p><input type=\"submit\" value=\"Enviar\" class=\"wpcf7-form-control has-spinner wpcf7-submit\" \/><\/p>\n<div class=\"wpcf7-response-output\" aria-hidden=\"true\"><\/div><\/form><\/div>[\/vc_column][vc_column width=\u00bb1\/2&#8243; css=\u00bb.vc_custom_1541433578271{margin-left: 24px !important;}\u00bb][vc_column_text]<\/p>\n<h3>Env\u00edenos un correo electr\u00f3nico<\/h3>\n<p><a style=\"color: #1f375d;\" href=\"mailto:hello@teamajt.com\">hello@teamajt.com<\/a>[\/vc_column_text][vc_column_text]<\/p>\n<h3>Escr\u00edbanos una carta<\/h3>\n<p>AJT<br \/>\nMor Workspace<br \/>\nTreloggan Lane<br \/>\nNewquay<br \/>\nCornwall<br \/>\nTR7 2FP<br \/>\nReino Unido[\/vc_column_text][\/vc_column][\/vc_row][vc_row full_width=\u00bbstretch_row\u00bb css=\u00bb.vc_custom_1652106641018{padding-top: 5vh !important;padding-bottom: 5vh !important;background-color: #f8f8f8 !important;}\u00bb][vc_column][vc_row_inner][vc_column_inner width=\u00bb1\/3&#8243;][vc_column_text]<\/p>\n<h3>Datos de la empresa<\/h3>\n<p>AJT es el nombre comercial de Jones Enterprises Ltd.[\/vc_column_text][\/vc_column_inner][vc_column_inner width=\u00bb1\/3&#8243;][vc_column_text]<strong>Domicilio social<\/strong><br \/>\nBuilding A, Green Court<br \/>\nTruro Business Park<br \/>\nThreemilestone<br \/>\nTruro<br \/>\nCornwall<br \/>\nTR4 9LF<br \/>\nReino Unido[\/vc_column_text][\/vc_column_inner][vc_column_inner width=\u00bb1\/3&#8243;][vc_column_text]<strong>N\u00famero de registro de la sociedad<\/strong><br \/>\n8409933<\/p>\n<p><strong>N\u00famero de identificaci\u00f3n a efectos del IVA<\/strong><br \/>\n178721771[\/vc_column_text][\/vc_column_inner][\/vc_row_inner][\/vc_column][\/vc_row][vc_row][vc_column][vc_column_text]<\/p>\n<div id=\"excerpt\" class=\"memsource-post-attribute\">\n<div class=\"memsource-post-attribute-end\"><\/div>\n<\/div>\n<p>[\/vc_column_text][\/vc_column][\/vc_row]<\/p>\n","protected":false},"excerpt":{"rendered":"<p>[vc_row full_width=\u00bbstretch_row\u00bb content_placement=\u00bbmiddle\u00bb css=\u00bb.vc_custom_1652780478166{padding-top: 8vh !important;padding-bottom: 10vh !important;background-color: #f8f8f8 !important;}\u00bb][vc_column][vc_row_inner content_placement=\u00bbmiddle\u00bb el_id=\u00bbdesktop-view\u00bb][vc_column_inner width=\u00bb5\/12&#8243; offset=\u00bbvc_hidden-sm vc_hidden-xs\u00bb][vc_column_text] Contacte con AJT [\/vc_column_text][vc_column_text] En nuestra empresa, todos los miembros del equipo teletrabajan y no tenemos n\u00famero de tel\u00e9fono directo, aunque estaremos encantados de hablar con usted. H\u00e1ganos llegar un mensaje a trav\u00e9s de uno de los siguientes canales y<\/p>\n","protected":false},"author":1,"featured_media":0,"parent":0,"menu_order":0,"comment_status":"closed","ping_status":"closed","template":"","meta":{"inline_featured_image":false},"yoast_head":"<!-- This site is optimized with the Yoast SEO plugin v19.10 - https:\/\/yoast.com\/wordpress\/plugins\/seo\/ -->\n<title>Contacto | AJT<\/title>\n<meta name=\"description\" content=\"Deje a un lado la timidez. Nos encanta hablar. Y escribir. Por eso nos dedicamos a esto. Concierte una primera llamada para conocernos o env\u00edenos un correo electr\u00f3nico para explicarnos qu\u00e9 necesita traducir.\" \/>\n<meta name=\"robots\" content=\"index, follow, max-snippet:-1, max-image-preview:large, max-video-preview:-1\" \/>\n<link rel=\"canonical\" href=\"https:\/\/ajt.morton.media\/es\/contacte-con-ajt\/\" \/>\n<meta property=\"og:locale\" content=\"es_ES\" \/>\n<meta property=\"og:type\" content=\"article\" \/>\n<meta property=\"og:title\" content=\"Contacto | AJT\" \/>\n<meta property=\"og:description\" content=\"Deje a un lado la timidez. Nos encanta hablar. Y escribir. Por eso nos dedicamos a esto. Concierte una primera llamada para conocernos o env\u00edenos un correo electr\u00f3nico para explicarnos qu\u00e9 necesita traducir.\" \/>\n<meta property=\"og:url\" content=\"https:\/\/ajt.morton.media\/es\/contacte-con-ajt\/\" \/>\n<meta property=\"og:site_name\" content=\"AJT\" \/>\n<meta property=\"article:modified_time\" content=\"2024-08-05T09:29:52+00:00\" \/>\n<meta name=\"twitter:label1\" content=\"Tiempo de lectura\" \/>\n\t<meta name=\"twitter:data1\" content=\"3 minutos\" \/>\n<script type=\"application\/ld+json\" class=\"yoast-schema-graph\">{\"@context\":\"https:\/\/schema.org\",\"@graph\":[{\"@type\":\"WebPage\",\"@id\":\"https:\/\/ajt.morton.media\/es\/contacte-con-ajt\/\",\"url\":\"https:\/\/ajt.morton.media\/es\/contacte-con-ajt\/\",\"name\":\"Contacto | AJT\",\"isPartOf\":{\"@id\":\"https:\/\/www.teamajt.com\/#website\"},\"datePublished\":\"2022-07-07T15:36:40+00:00\",\"dateModified\":\"2024-08-05T09:29:52+00:00\",\"description\":\"Deje a un lado la timidez. Nos encanta hablar. Y escribir. Por eso nos dedicamos a esto. Concierte una primera llamada para conocernos o env\u00edenos un correo electr\u00f3nico para explicarnos qu\u00e9 necesita traducir.\",\"breadcrumb\":{\"@id\":\"https:\/\/ajt.morton.media\/es\/contacte-con-ajt\/#breadcrumb\"},\"inLanguage\":\"es\",\"potentialAction\":[{\"@type\":\"ReadAction\",\"target\":[\"https:\/\/ajt.morton.media\/es\/contacte-con-ajt\/\"]}]},{\"@type\":\"BreadcrumbList\",\"@id\":\"https:\/\/ajt.morton.media\/es\/contacte-con-ajt\/#breadcrumb\",\"itemListElement\":[{\"@type\":\"ListItem\",\"position\":1,\"name\":\"Home\",\"item\":\"https:\/\/www.teamajt.com\/es\/\"},{\"@type\":\"ListItem\",\"position\":2,\"name\":\"Contacte con AJT\"}]},{\"@type\":\"WebSite\",\"@id\":\"https:\/\/www.teamajt.com\/#website\",\"url\":\"https:\/\/www.teamajt.com\/\",\"name\":\"AJT\",\"description\":\"\",\"publisher\":{\"@id\":\"https:\/\/www.teamajt.com\/#organization\"},\"potentialAction\":[{\"@type\":\"SearchAction\",\"target\":{\"@type\":\"EntryPoint\",\"urlTemplate\":\"https:\/\/www.teamajt.com\/?s={search_term_string}\"},\"query-input\":\"required name=search_term_string\"}],\"inLanguage\":\"es\"},{\"@type\":\"Organization\",\"@id\":\"https:\/\/www.teamajt.com\/#organization\",\"name\":\"Anja Jones Translation\",\"url\":\"https:\/\/www.teamajt.com\/\",\"logo\":{\"@type\":\"ImageObject\",\"inLanguage\":\"es\",\"@id\":\"https:\/\/www.teamajt.com\/#\/schema\/logo\/image\/\",\"url\":\"https:\/\/ajt.morton.media\/wp-content\/uploads\/ajt_logo.png\",\"contentUrl\":\"https:\/\/ajt.morton.media\/wp-content\/uploads\/ajt_logo.png\",\"width\":889,\"height\":877,\"caption\":\"Anja Jones Translation\"},\"image\":{\"@id\":\"https:\/\/www.teamajt.com\/#\/schema\/logo\/image\/\"}}]}<\/script>\n<!-- \/ Yoast SEO plugin. -->","yoast_head_json":{"title":"Contacto | AJT","description":"Deje a un lado la timidez. Nos encanta hablar. Y escribir. Por eso nos dedicamos a esto. Concierte una primera llamada para conocernos o env\u00edenos un correo electr\u00f3nico para explicarnos qu\u00e9 necesita traducir.","robots":{"index":"index","follow":"follow","max-snippet":"max-snippet:-1","max-image-preview":"max-image-preview:large","max-video-preview":"max-video-preview:-1"},"canonical":"https:\/\/ajt.morton.media\/es\/contacte-con-ajt\/","og_locale":"es_ES","og_type":"article","og_title":"Contacto | AJT","og_description":"Deje a un lado la timidez. Nos encanta hablar. Y escribir. Por eso nos dedicamos a esto. Concierte una primera llamada para conocernos o env\u00edenos un correo electr\u00f3nico para explicarnos qu\u00e9 necesita traducir.","og_url":"https:\/\/ajt.morton.media\/es\/contacte-con-ajt\/","og_site_name":"AJT","article_modified_time":"2024-08-05T09:29:52+00:00","twitter_misc":{"Tiempo de lectura":"3 minutos"},"schema":{"@context":"https:\/\/schema.org","@graph":[{"@type":"WebPage","@id":"https:\/\/ajt.morton.media\/es\/contacte-con-ajt\/","url":"https:\/\/ajt.morton.media\/es\/contacte-con-ajt\/","name":"Contacto | AJT","isPartOf":{"@id":"https:\/\/www.teamajt.com\/#website"},"datePublished":"2022-07-07T15:36:40+00:00","dateModified":"2024-08-05T09:29:52+00:00","description":"Deje a un lado la timidez. Nos encanta hablar. Y escribir. Por eso nos dedicamos a esto. Concierte una primera llamada para conocernos o env\u00edenos un correo electr\u00f3nico para explicarnos qu\u00e9 necesita traducir.","breadcrumb":{"@id":"https:\/\/ajt.morton.media\/es\/contacte-con-ajt\/#breadcrumb"},"inLanguage":"es","potentialAction":[{"@type":"ReadAction","target":["https:\/\/ajt.morton.media\/es\/contacte-con-ajt\/"]}]},{"@type":"BreadcrumbList","@id":"https:\/\/ajt.morton.media\/es\/contacte-con-ajt\/#breadcrumb","itemListElement":[{"@type":"ListItem","position":1,"name":"Home","item":"https:\/\/www.teamajt.com\/es\/"},{"@type":"ListItem","position":2,"name":"Contacte con AJT"}]},{"@type":"WebSite","@id":"https:\/\/www.teamajt.com\/#website","url":"https:\/\/www.teamajt.com\/","name":"AJT","description":"","publisher":{"@id":"https:\/\/www.teamajt.com\/#organization"},"potentialAction":[{"@type":"SearchAction","target":{"@type":"EntryPoint","urlTemplate":"https:\/\/www.teamajt.com\/?s={search_term_string}"},"query-input":"required name=search_term_string"}],"inLanguage":"es"},{"@type":"Organization","@id":"https:\/\/www.teamajt.com\/#organization","name":"Anja Jones Translation","url":"https:\/\/www.teamajt.com\/","logo":{"@type":"ImageObject","inLanguage":"es","@id":"https:\/\/www.teamajt.com\/#\/schema\/logo\/image\/","url":"https:\/\/ajt.morton.media\/wp-content\/uploads\/ajt_logo.png","contentUrl":"https:\/\/ajt.morton.media\/wp-content\/uploads\/ajt_logo.png","width":889,"height":877,"caption":"Anja Jones Translation"},"image":{"@id":"https:\/\/www.teamajt.com\/#\/schema\/logo\/image\/"}}]}},"_links":{"self":[{"href":"https:\/\/ajt.morton.media\/es\/wp-json\/wp\/v2\/pages\/50062"}],"collection":[{"href":"https:\/\/ajt.morton.media\/es\/wp-json\/wp\/v2\/pages"}],"about":[{"href":"https:\/\/ajt.morton.media\/es\/wp-json\/wp\/v2\/types\/page"}],"author":[{"embeddable":true,"href":"https:\/\/ajt.morton.media\/es\/wp-json\/wp\/v2\/users\/1"}],"replies":[{"embeddable":true,"href":"https:\/\/ajt.morton.media\/es\/wp-json\/wp\/v2\/comments?post=50062"}],"version-history":[{"count":8,"href":"https:\/\/ajt.morton.media\/es\/wp-json\/wp\/v2\/pages\/50062\/revisions"}],"predecessor-version":[{"id":55518,"href":"https:\/\/ajt.morton.media\/es\/wp-json\/wp\/v2\/pages\/50062\/revisions\/55518"}],"wp:attachment":[{"href":"https:\/\/ajt.morton.media\/es\/wp-json\/wp\/v2\/media?parent=50062"}],"curies":[{"name":"wp","href":"https:\/\/api.w.org\/{rel}","templated":true}]}}