

 
{"id":50064,"date":"2022-07-07T16:36:41","date_gmt":"2022-07-07T15:36:41","guid":{"rendered":"https:\/\/ajt.morton.media\/?page_id=50064"},"modified":"2022-07-12T11:38:23","modified_gmt":"2022-07-12T10:38:23","slug":"servicios-de-traduccion-eticos","status":"publish","type":"page","link":"https:\/\/ajt.morton.media\/es\/nuestros-servicios\/servicios-de-traduccion-eticos\/","title":{"rendered":"Servicios de traducci\u00f3n \u00e9ticos"},"content":{"rendered":"<p>[vc_row full_width=\u00bbstretch_row\u00bb css=\u00bb.vc_custom_1653562892545{padding-top: 5vh !important;padding-bottom: 3vh !important;}\u00bb][vc_column width=\u00bb1\/5&#8243;][\/vc_column][vc_column width=\u00bb3\/5&#8243;][vc_column_text]<\/p>\n<h1>Servicios de traducci\u00f3n \u00e9ticos<\/h1>\n<p>[\/vc_column_text][\/vc_column][vc_column width=\u00bb1\/5&#8243;][\/vc_column][\/vc_row][vc_row css=\u00bb.vc_custom_1653562911590{padding-top: 3vh !important;padding-bottom: 3vh !important;}\u00bb][vc_column width=\u00bb1\/5&#8243;][\/vc_column][vc_column width=\u00bb3\/5&#8243;][vc_column_text]<\/p>\n<h4>\u00bfBusca un proveedor de traducciones con buenos principios \u00e9ticos que le ayude a alcanzar el \u00e9xito internacional y mantener los m\u00e1s altos est\u00e1ndares de integridad social y medioambiental? Nos alegra que nos haya encontrado.<\/h4>\n<p>En AJT, nos comprometemos a proporcionar a nuestros clientes servicios de traducci\u00f3n y localizaci\u00f3n que reflejen nuestra responsabilidad social y medioambiental. Anteponemos a las personas y sus objetivos a las ganancias, y nos esforzamos por que cada una de nuestras acciones tenga repercusiones favorables.<\/p>\n<p>Creemos que toda empresa puede ser una fuerza positiva y estamos orgullosos de los cambios que ya estamos logrando. Desde compensar de manera justa a nuestros ling\u00fcistas hasta elegir proveedores de servicios que respeten el medioambiente, cada decisi\u00f3n que tomamos se basa en nuestro compromiso por mantener unos altos niveles de responsabilidad social y medioambiental.<\/p>\n<p>Creemos que es nuestro cometido tener en cuenta las repercusiones que nuestras decisiones pueden tener en nuestros compa\u00f1eros, clientes, comunidades y el medioambiente. Queremos formar parte de un entorno empresarial que contribuya activamente a crear una econom\u00eda inclusiva y sostenible que adem\u00e1s proteja y preserve nuestros ecosistemas.<\/p>\n<p>Y \u00bfpor qu\u00e9 es esto relevante para usted como consumidor de servicios de traducci\u00f3n? Si usted y su empresa comparten nuestra visi\u00f3n de econom\u00eda justa, inclusiva y sostenible, elegir un proveedor de traducciones con unos buenos principios \u00e9ticos le acercar\u00e1 un paso m\u00e1s a crear una cadena de suministro \u00e9tica y cumplir sus propios objetivos de responsabilidad social y medioambiental. Pero hay otro motivo por el que elegir un proveedor de traducciones \u00e9tico es la opci\u00f3n ideal. Creemos que cuando los traductores se sienten felices y mimados y reciben una remuneraci\u00f3n justa, entregan traducciones de mayor calidad. Y cuanto mejores son las traducciones, mayor es el efecto que provocan, lo que a su vez se traduce en una mayor rentabilidad.[\/vc_column_text][\/vc_column][vc_column width=\u00bb1\/5&#8243;][\/vc_column][\/vc_row][vc_row css=\u00bb.vc_custom_1653562911590{padding-top: 3vh !important;padding-bottom: 3vh !important;}\u00bb][vc_column width=\u00bb1\/5&#8243;][\/vc_column][vc_column width=\u00bb3\/5&#8243;][vc_column_text]<\/p>\n<h2>Remuneraci\u00f3n justa<\/h2>\n<p>Nos comprometemos a ofrecer empleos responsables y justos. Pagamos a nuestros empleados un salario digno seg\u00fan las directrices de la organizaci\u00f3n brit\u00e1nica <i>Living Wage Foundation,<\/i> que aboga por ofrecer a los empleados una remuneraci\u00f3n justa. Adem\u00e1s, tambi\u00e9n nos comprometemos a pagar tarifas justas a nuestros ling\u00fcistas independientes.[\/vc_column_text][\/vc_column][vc_column width=\u00bb1\/5&#8243;][\/vc_column][\/vc_row][vc_row css=\u00bb.vc_custom_1653562911590{padding-top: 3vh !important;padding-bottom: 3vh !important;}\u00bb][vc_column width=\u00bb1\/5&#8243;][\/vc_column][vc_column width=\u00bb3\/5&#8243;][vc_column_text]<\/p>\n<h2>Igualdad de oportunidades<\/h2>\n<p>Practicamos una pol\u00edtica de igualdad de oportunidades. Fomentamos un entorno libre de cualquier forma de discriminaci\u00f3n ilegal o injusta y valoramos la diversidad de todas las personas.[\/vc_column_text][\/vc_column][vc_column width=\u00bb1\/5&#8243;][\/vc_column][\/vc_row][vc_row css=\u00bb.vc_custom_1653563091978{padding-top: 3vh !important;padding-bottom: 15vh !important;}\u00bb][vc_column width=\u00bb1\/5&#8243;][\/vc_column][vc_column width=\u00bb3\/5&#8243;][vc_column_text]<\/p>\n<h2>Responsabilidad medioambiental<\/h2>\n<p>Nos comprometemos a minimizar las consecuencias de nuestras acciones en el medioambiente. Somos una empresa que funciona 100\u00a0% en la nube, y creamos y promovemos productos y servicios sostenibles que son respetuosos con el medioambiente.[\/vc_column_text][\/vc_column][vc_column width=\u00bb1\/5&#8243;][\/vc_column][\/vc_row]<\/p>\n<div id=\"excerpt\" class=\"memsource-post-attribute\">\n<div class=\"memsource-post-attribute-end\"><\/div>\n<\/div>\n","protected":false},"excerpt":{"rendered":"<p>[vc_row full_width=\u00bbstretch_row\u00bb css=\u00bb.vc_custom_1653562892545{padding-top: 5vh !important;padding-bottom: 3vh !important;}\u00bb][vc_column width=\u00bb1\/5&#8243;][\/vc_column][vc_column width=\u00bb3\/5&#8243;][vc_column_text] Servicios de traducci\u00f3n \u00e9ticos [\/vc_column_text][\/vc_column][vc_column width=\u00bb1\/5&#8243;][\/vc_column][\/vc_row][vc_row css=\u00bb.vc_custom_1653562911590{padding-top: 3vh !important;padding-bottom: 3vh !important;}\u00bb][vc_column width=\u00bb1\/5&#8243;][\/vc_column][vc_column width=\u00bb3\/5&#8243;][vc_column_text] \u00bfBusca un proveedor de traducciones con buenos principios \u00e9ticos que le ayude a alcanzar el \u00e9xito internacional y mantener los m\u00e1s altos est\u00e1ndares de integridad social y medioambiental? Nos alegra que nos haya<\/p>\n","protected":false},"author":2,"featured_media":0,"parent":50088,"menu_order":3,"comment_status":"closed","ping_status":"closed","template":"","meta":{"inline_featured_image":false},"yoast_head":"<!-- This site is optimized with the Yoast SEO plugin v19.10 - https:\/\/yoast.com\/wordpress\/plugins\/seo\/ -->\n<title>Servicios de traducci\u00f3n \u00e9ticos para el mercado europeo | AJT<\/title>\n<meta name=\"description\" content=\"En AJT, nos comprometemos a proporcionar a nuestros clientes servicios de traducci\u00f3n y localizaci\u00f3n que reflejen nuestra responsabilidad social y medioambiental. Descubra c\u00f3mo trabajamos.\" \/>\n<meta name=\"robots\" content=\"index, follow, max-snippet:-1, max-image-preview:large, max-video-preview:-1\" \/>\n<link rel=\"canonical\" href=\"https:\/\/ajt.morton.media\/es\/nuestros-servicios\/servicios-de-traduccion-eticos\/\" \/>\n<meta property=\"og:locale\" content=\"es_ES\" \/>\n<meta property=\"og:type\" content=\"article\" \/>\n<meta property=\"og:title\" content=\"Servicios de traducci\u00f3n \u00e9ticos para el mercado europeo | AJT\" \/>\n<meta property=\"og:description\" content=\"En AJT, nos comprometemos a proporcionar a nuestros clientes servicios de traducci\u00f3n y localizaci\u00f3n que reflejen nuestra responsabilidad social y medioambiental. Descubra c\u00f3mo trabajamos.\" \/>\n<meta property=\"og:url\" content=\"https:\/\/ajt.morton.media\/es\/nuestros-servicios\/servicios-de-traduccion-eticos\/\" \/>\n<meta property=\"og:site_name\" content=\"AJT\" \/>\n<meta property=\"article:modified_time\" content=\"2022-07-12T10:38:23+00:00\" \/>\n<meta name=\"twitter:label1\" content=\"Tiempo de lectura\" \/>\n\t<meta name=\"twitter:data1\" content=\"3 minutos\" \/>\n<script type=\"application\/ld+json\" class=\"yoast-schema-graph\">{\"@context\":\"https:\/\/schema.org\",\"@graph\":[{\"@type\":\"WebPage\",\"@id\":\"https:\/\/ajt.morton.media\/es\/nuestros-servicios\/servicios-de-traduccion-eticos\/\",\"url\":\"https:\/\/ajt.morton.media\/es\/nuestros-servicios\/servicios-de-traduccion-eticos\/\",\"name\":\"Servicios de traducci\u00f3n \u00e9ticos para el mercado europeo | AJT\",\"isPartOf\":{\"@id\":\"https:\/\/www.teamajt.com\/#website\"},\"datePublished\":\"2022-07-07T15:36:41+00:00\",\"dateModified\":\"2022-07-12T10:38:23+00:00\",\"description\":\"En AJT, nos comprometemos a proporcionar a nuestros clientes servicios de traducci\u00f3n y localizaci\u00f3n que reflejen nuestra responsabilidad social y medioambiental. Descubra c\u00f3mo trabajamos.\",\"breadcrumb\":{\"@id\":\"https:\/\/ajt.morton.media\/es\/nuestros-servicios\/servicios-de-traduccion-eticos\/#breadcrumb\"},\"inLanguage\":\"es\",\"potentialAction\":[{\"@type\":\"ReadAction\",\"target\":[\"https:\/\/ajt.morton.media\/es\/nuestros-servicios\/servicios-de-traduccion-eticos\/\"]}]},{\"@type\":\"BreadcrumbList\",\"@id\":\"https:\/\/ajt.morton.media\/es\/nuestros-servicios\/servicios-de-traduccion-eticos\/#breadcrumb\",\"itemListElement\":[{\"@type\":\"ListItem\",\"position\":1,\"name\":\"Home\",\"item\":\"https:\/\/www.teamajt.com\/es\/\"},{\"@type\":\"ListItem\",\"position\":2,\"name\":\"Nuestros servicios\",\"item\":\"https:\/\/www.teamajt.com\/es\/nuestros-servicios\/\"},{\"@type\":\"ListItem\",\"position\":3,\"name\":\"Servicios de traducci\u00f3n \u00e9ticos\"}]},{\"@type\":\"WebSite\",\"@id\":\"https:\/\/www.teamajt.com\/#website\",\"url\":\"https:\/\/www.teamajt.com\/\",\"name\":\"AJT\",\"description\":\"\",\"publisher\":{\"@id\":\"https:\/\/www.teamajt.com\/#organization\"},\"potentialAction\":[{\"@type\":\"SearchAction\",\"target\":{\"@type\":\"EntryPoint\",\"urlTemplate\":\"https:\/\/www.teamajt.com\/?s={search_term_string}\"},\"query-input\":\"required name=search_term_string\"}],\"inLanguage\":\"es\"},{\"@type\":\"Organization\",\"@id\":\"https:\/\/www.teamajt.com\/#organization\",\"name\":\"Anja Jones Translation\",\"url\":\"https:\/\/www.teamajt.com\/\",\"logo\":{\"@type\":\"ImageObject\",\"inLanguage\":\"es\",\"@id\":\"https:\/\/www.teamajt.com\/#\/schema\/logo\/image\/\",\"url\":\"https:\/\/ajt.morton.media\/wp-content\/uploads\/ajt_logo.png\",\"contentUrl\":\"https:\/\/ajt.morton.media\/wp-content\/uploads\/ajt_logo.png\",\"width\":889,\"height\":877,\"caption\":\"Anja Jones Translation\"},\"image\":{\"@id\":\"https:\/\/www.teamajt.com\/#\/schema\/logo\/image\/\"}}]}<\/script>\n<!-- \/ Yoast SEO plugin. -->","yoast_head_json":{"title":"Servicios de traducci\u00f3n \u00e9ticos para el mercado europeo | AJT","description":"En AJT, nos comprometemos a proporcionar a nuestros clientes servicios de traducci\u00f3n y localizaci\u00f3n que reflejen nuestra responsabilidad social y medioambiental. Descubra c\u00f3mo trabajamos.","robots":{"index":"index","follow":"follow","max-snippet":"max-snippet:-1","max-image-preview":"max-image-preview:large","max-video-preview":"max-video-preview:-1"},"canonical":"https:\/\/ajt.morton.media\/es\/nuestros-servicios\/servicios-de-traduccion-eticos\/","og_locale":"es_ES","og_type":"article","og_title":"Servicios de traducci\u00f3n \u00e9ticos para el mercado europeo | AJT","og_description":"En AJT, nos comprometemos a proporcionar a nuestros clientes servicios de traducci\u00f3n y localizaci\u00f3n que reflejen nuestra responsabilidad social y medioambiental. Descubra c\u00f3mo trabajamos.","og_url":"https:\/\/ajt.morton.media\/es\/nuestros-servicios\/servicios-de-traduccion-eticos\/","og_site_name":"AJT","article_modified_time":"2022-07-12T10:38:23+00:00","twitter_misc":{"Tiempo de lectura":"3 minutos"},"schema":{"@context":"https:\/\/schema.org","@graph":[{"@type":"WebPage","@id":"https:\/\/ajt.morton.media\/es\/nuestros-servicios\/servicios-de-traduccion-eticos\/","url":"https:\/\/ajt.morton.media\/es\/nuestros-servicios\/servicios-de-traduccion-eticos\/","name":"Servicios de traducci\u00f3n \u00e9ticos para el mercado europeo | AJT","isPartOf":{"@id":"https:\/\/www.teamajt.com\/#website"},"datePublished":"2022-07-07T15:36:41+00:00","dateModified":"2022-07-12T10:38:23+00:00","description":"En AJT, nos comprometemos a proporcionar a nuestros clientes servicios de traducci\u00f3n y localizaci\u00f3n que reflejen nuestra responsabilidad social y medioambiental. Descubra c\u00f3mo trabajamos.","breadcrumb":{"@id":"https:\/\/ajt.morton.media\/es\/nuestros-servicios\/servicios-de-traduccion-eticos\/#breadcrumb"},"inLanguage":"es","potentialAction":[{"@type":"ReadAction","target":["https:\/\/ajt.morton.media\/es\/nuestros-servicios\/servicios-de-traduccion-eticos\/"]}]},{"@type":"BreadcrumbList","@id":"https:\/\/ajt.morton.media\/es\/nuestros-servicios\/servicios-de-traduccion-eticos\/#breadcrumb","itemListElement":[{"@type":"ListItem","position":1,"name":"Home","item":"https:\/\/www.teamajt.com\/es\/"},{"@type":"ListItem","position":2,"name":"Nuestros servicios","item":"https:\/\/www.teamajt.com\/es\/nuestros-servicios\/"},{"@type":"ListItem","position":3,"name":"Servicios de traducci\u00f3n \u00e9ticos"}]},{"@type":"WebSite","@id":"https:\/\/www.teamajt.com\/#website","url":"https:\/\/www.teamajt.com\/","name":"AJT","description":"","publisher":{"@id":"https:\/\/www.teamajt.com\/#organization"},"potentialAction":[{"@type":"SearchAction","target":{"@type":"EntryPoint","urlTemplate":"https:\/\/www.teamajt.com\/?s={search_term_string}"},"query-input":"required name=search_term_string"}],"inLanguage":"es"},{"@type":"Organization","@id":"https:\/\/www.teamajt.com\/#organization","name":"Anja Jones Translation","url":"https:\/\/www.teamajt.com\/","logo":{"@type":"ImageObject","inLanguage":"es","@id":"https:\/\/www.teamajt.com\/#\/schema\/logo\/image\/","url":"https:\/\/ajt.morton.media\/wp-content\/uploads\/ajt_logo.png","contentUrl":"https:\/\/ajt.morton.media\/wp-content\/uploads\/ajt_logo.png","width":889,"height":877,"caption":"Anja Jones Translation"},"image":{"@id":"https:\/\/www.teamajt.com\/#\/schema\/logo\/image\/"}}]}},"_links":{"self":[{"href":"https:\/\/ajt.morton.media\/es\/wp-json\/wp\/v2\/pages\/50064"}],"collection":[{"href":"https:\/\/ajt.morton.media\/es\/wp-json\/wp\/v2\/pages"}],"about":[{"href":"https:\/\/ajt.morton.media\/es\/wp-json\/wp\/v2\/types\/page"}],"author":[{"embeddable":true,"href":"https:\/\/ajt.morton.media\/es\/wp-json\/wp\/v2\/users\/2"}],"replies":[{"embeddable":true,"href":"https:\/\/ajt.morton.media\/es\/wp-json\/wp\/v2\/comments?post=50064"}],"version-history":[{"count":1,"href":"https:\/\/ajt.morton.media\/es\/wp-json\/wp\/v2\/pages\/50064\/revisions"}],"predecessor-version":[{"id":50065,"href":"https:\/\/ajt.morton.media\/es\/wp-json\/wp\/v2\/pages\/50064\/revisions\/50065"}],"up":[{"embeddable":true,"href":"https:\/\/ajt.morton.media\/es\/wp-json\/wp\/v2\/pages\/50088"}],"wp:attachment":[{"href":"https:\/\/ajt.morton.media\/es\/wp-json\/wp\/v2\/media?parent=50064"}],"curies":[{"name":"wp","href":"https:\/\/api.w.org\/{rel}","templated":true}]}}