

 
{"id":49541,"date":"2022-06-13T09:51:41","date_gmt":"2022-06-13T08:51:41","guid":{"rendered":"https:\/\/ajt.morton.media\/?page_id=49541"},"modified":"2022-07-11T13:55:00","modified_gmt":"2022-07-11T12:55:00","slug":"code-de-deontologie","status":"publish","type":"page","link":"https:\/\/ajt.morton.media\/fr\/code-de-deontologie\/","title":{"rendered":"Code de d\u00e9ontologie"},"content":{"rendered":"<p>[vc_row css=\u00a0\u00bb.vc_custom_1653558378938{padding-top: 5vh !important;padding-bottom: 3vh !important;}\u00a0\u00bb][vc_column width=\u00a0\u00bb1\/5&Prime;][\/vc_column][vc_column width=\u00a0\u00bb3\/5&Prime;][vc_column_text]<\/p>\n<h1>Code de d\u00e9ontologie<\/h1>\n<p>[\/vc_column_text][\/vc_column][vc_column width=\u00a0\u00bb1\/5&Prime;][\/vc_column][\/vc_row][vc_row css=\u00a0\u00bb.vc_custom_1653558461626{padding-top: 3vh !important;padding-bottom: 3vh !important;}\u00a0\u00bb][vc_column width=\u00a0\u00bb1\/5&Prime;][\/vc_column][vc_column width=\u00a0\u00bb3\/5&Prime;][vc_column_text]<\/p>\n<h2>Respect de la plan\u00e8te et de ses habitant\u00b7e\u00b7s<\/h2>\n<h4>Nous consid\u00e9rons notre plan\u00e8te et ses habitant\u00b7e\u00b7s avec le plus grand respect.<\/h4>\n<p>Nous respectons toutes les personnes avec lesquelles nous interagissons. Nous faisons preuve de professionnalisme, politesse et tol\u00e9rance. Nous respectons toujours les opinions et la vie priv\u00e9e des autres membres de l\u2019\u00e9quipe. Nous respectons notre plan\u00e8te et souhaitons la prot\u00e9ger. D\u00e8s que nous le pouvons, nous optons pour des produits durables et respectueux de l\u2019environnement, tout en nous dirigeant vers un objectif z\u00e9ro d\u00e9chet.<\/p>\n<p>Nous avons \u00e0 c\u0153ur que toutes les personnes qui travaillent avec nous \u00e9voluent dans un environnement s\u00fbr et respectueux, dans lequel elles se sentent en confiance pour s\u2019exprimer. Bien s\u00fbr, il nous arrive d\u2019\u00eatre en d\u00e9saccord. Il est important de savoir se remettre mutuellement en question pour \u00e9voluer et trouver des solutions ensemble, tant que cela se fait dans le respect.[\/vc_column_text][\/vc_column][vc_column width=\u00a0\u00bb1\/5&Prime;][\/vc_column][\/vc_row][vc_row css=\u00a0\u00bb.vc_custom_1653558467589{padding-top: 3vh !important;padding-bottom: 3vh !important;}\u00a0\u00bb][vc_column width=\u00a0\u00bb1\/5&Prime;][\/vc_column][vc_column width=\u00a0\u00bb3\/5&Prime;][vc_column_text]<\/p>\n<h2>Int\u00e9grit\u00e9 et honn\u00eatet\u00e9<\/h2>\n<h4>Nous disons toujours la v\u00e9rit\u00e9 et \u00e9vitons au mieux de commettre des fautes.<\/h4>\n<p>Aider notre client\u00e8le \u00e0 r\u00e9ussir sur le march\u00e9 europ\u00e9en, telle est notre mission. Nous la remplissons tout en nous conformant aux exigences les plus strictes en termes de performances sociales ou environnementales, et nous ne la perdons jamais de vue.<\/p>\n<p>Nous nous unissons dans le but d\u2019accomplir cette mission collective. La mani\u00e8re dont nous agissons et nous comportons refl\u00e8te cette mission g\u00e9n\u00e9rale et nous aide \u00e0 l\u2019accomplir. Nous sommes une \u00e9quipe honn\u00eate, s\u00e9rieuse et fiable. Nous faisons preuve de transparence dans toutes nos op\u00e9rations.<\/p>\n<p>Nous avons \u00e0 c\u0153ur que toutes les personnes qui travaillent avec nous \u00e9voluent dans un environnement s\u00fbr et respectueux, dans lequel elles se sentent en confiance pour s\u2019exprimer. Bien s\u00fbr, il nous arrive d\u2019\u00eatre en d\u00e9saccord. Il est important de savoir se remettre mutuellement en question pour \u00e9voluer et trouver des solutions ensemble, tant que cela se fait dans le respect.[\/vc_column_text][\/vc_column][vc_column width=\u00a0\u00bb1\/5&Prime;][\/vc_column][\/vc_row][vc_row css=\u00a0\u00bb.vc_custom_1653558467589{padding-top: 3vh !important;padding-bottom: 3vh !important;}\u00a0\u00bb][vc_column width=\u00a0\u00bb1\/5&Prime;][\/vc_column][vc_column width=\u00a0\u00bb3\/5&Prime;][vc_column_text]<\/p>\n<h2>L\u00e9galit\u00e9<\/h2>\n<h4>Nous connaissons les lois et nous y conformons, peu importe o\u00f9 nous nous trouvons.<\/h4>\n<p>Nous respectons les lois telles qu\u2019elles s\u2019appliquent \u00e0 notre entreprise, ainsi que les lois des pays dans lesquels nous r\u00e9sidons. L\u2019ignorance n\u2019excuse rien. Si nous ne connaissons pas la l\u00e9gislation d\u2019une instance sp\u00e9cifique, nous nous renseignons.[\/vc_column_text][\/vc_column][vc_column width=\u00a0\u00bb1\/5&Prime;][\/vc_column][\/vc_row][vc_row css=\u00a0\u00bb.vc_custom_1653558467589{padding-top: 3vh !important;padding-bottom: 3vh !important;}\u00a0\u00bb][vc_column width=\u00a0\u00bb1\/5&Prime;][\/vc_column][vc_column width=\u00a0\u00bb3\/5&Prime;][vc_column_text]<\/p>\n<h2>\u00c9galit\u00e9 des chances<\/h2>\n<h4>Nous veillons \u00e0 ce que tout le monde ait acc\u00e8s aux m\u00eames opportunit\u00e9s de croissance et de d\u00e9veloppement.<\/h4>\n<p>Nous r\u00e9fl\u00e9chissons toujours aux cons\u00e9quences que nos d\u00e9cisions peuvent avoir sur nos coll\u00e8gues, notre client\u00e8le, nos communaut\u00e9s et l\u2019environnement. Nous faisons preuve d\u2019objectivit\u00e9 au moment de prendre des d\u00e9cisions qui peuvent se r\u00e9percuter sur d\u2019autres personnes, comme lors du recrutement d\u2019un membre d\u2019\u00e9quipe suppl\u00e9mentaire, de l\u2019octroi d\u2019une promotion ou de la r\u00e9siliation d\u2019un contrat.<\/p>\n<p>Nous nous donnons les moyens de fournir un travail irr\u00e9prochable en cr\u00e9ant un environnement positif, collaboratif et inclusif. Nous encourageons un environnement d\u00e9pourvu de toute forme de discrimination et nous valorisons la diversit\u00e9 de chaque personne.[\/vc_column_text][\/vc_column][vc_column width=\u00a0\u00bb1\/5&Prime;][\/vc_column][\/vc_row][vc_row css=\u00a0\u00bb.vc_custom_1653559334981{margin-bottom: 15vh !important;padding-top: 3vh !important;}\u00a0\u00bb][vc_column width=\u00a0\u00bb1\/5&Prime;][\/vc_column][vc_column width=\u00a0\u00bb3\/5&Prime; alignment=\u00a0\u00bbleft\u00a0\u00bb][vc_column_text]<\/p>\n<h2>Travail d\u2019\u00e9quipe et collaboration<\/h2>\n<h4>Notre \u00e9quipe collabore et demande de l\u2019aide si besoin.<\/h4>\n<p>Pour nous, la collaboration est un avantage plus qu\u2019une obligation. En effet, nous travaillons en autonomie sur nos propres projets et responsabilit\u00e9s, mais c\u2019est avec plaisir que nous collaborons avec d\u2019autres membres et leur proposons notre aide.<\/p>\n<p>Nous consid\u00e9rons que l\u2019expertise et les connaissances doivent \u00eatre partag\u00e9es. Notre travail nous am\u00e8ne \u00e0 apprendre et \u00e9voluer, c\u2019est pourquoi nous n\u2019h\u00e9sitons pas \u00e0 demander de l\u2019aide lorsque nous en avons besoin. Dans une \u00e9quipe qui privil\u00e9gie l\u2019esprit de collaboration, vous trouverez toujours une personne qualifi\u00e9e d\u00e9sireuse de vous aider.[\/vc_column_text][\/vc_column][vc_column width=\u00a0\u00bb1\/5&Prime;][\/vc_column][\/vc_row][vc_row][vc_column][vc_column_text]<\/p>\n<div id=\"excerpt\" class=\"memsource-post-attribute\">\n<div class=\"memsource-post-attribute-end\"><\/div>\n<\/div>\n<p>[\/vc_column_text][\/vc_column][\/vc_row]<\/p>\n","protected":false},"excerpt":{"rendered":"<p>[vc_row css=\u00a0\u00bb.vc_custom_1653558378938{padding-top: 5vh !important;padding-bottom: 3vh !important;}\u00a0\u00bb][vc_column width=\u00a0\u00bb1\/5&Prime;][\/vc_column][vc_column width=\u00a0\u00bb3\/5&Prime;][vc_column_text] Code de d\u00e9ontologie [\/vc_column_text][\/vc_column][vc_column width=\u00a0\u00bb1\/5&Prime;][\/vc_column][\/vc_row][vc_row css=\u00a0\u00bb.vc_custom_1653558461626{padding-top: 3vh !important;padding-bottom: 3vh !important;}\u00a0\u00bb][vc_column width=\u00a0\u00bb1\/5&Prime;][\/vc_column][vc_column width=\u00a0\u00bb3\/5&Prime;][vc_column_text] Respect de la plan\u00e8te et de ses habitant\u00b7e\u00b7s Nous consid\u00e9rons notre plan\u00e8te et ses habitant\u00b7e\u00b7s avec le plus grand respect. Nous respectons toutes les personnes avec lesquelles nous interagissons. Nous faisons preuve de professionnalisme, politesse<\/p>\n","protected":false},"author":1,"featured_media":0,"parent":0,"menu_order":0,"comment_status":"closed","ping_status":"closed","template":"","meta":{"inline_featured_image":false},"yoast_head":"<!-- This site is optimized with the Yoast SEO plugin v19.10 - https:\/\/yoast.com\/wordpress\/plugins\/seo\/ -->\n<title>Code de d\u00e9ontologie | AJT<\/title>\n<meta name=\"description\" content=\"Nous sommes une agence de traduction socialement et environnementalement responsable. Nous nous effor\u00e7ons d\u2019exercer nos activit\u00e9s en \u0153uvrant pour le bien, comme en t\u00e9moigne notre Code de d\u00e9ontologie.\" \/>\n<meta name=\"robots\" content=\"index, follow, max-snippet:-1, max-image-preview:large, max-video-preview:-1\" \/>\n<link rel=\"canonical\" href=\"https:\/\/ajt.morton.media\/fr\/code-de-deontologie\/\" \/>\n<meta property=\"og:locale\" content=\"fr_FR\" \/>\n<meta property=\"og:type\" content=\"article\" \/>\n<meta property=\"og:title\" content=\"Code de d\u00e9ontologie | AJT\" \/>\n<meta property=\"og:description\" content=\"Nous sommes une agence de traduction socialement et environnementalement responsable. Nous nous effor\u00e7ons d\u2019exercer nos activit\u00e9s en \u0153uvrant pour le bien, comme en t\u00e9moigne notre Code de d\u00e9ontologie.\" \/>\n<meta property=\"og:url\" content=\"https:\/\/ajt.morton.media\/fr\/code-de-deontologie\/\" \/>\n<meta property=\"og:site_name\" content=\"AJT\" \/>\n<meta property=\"article:modified_time\" content=\"2022-07-11T12:55:00+00:00\" \/>\n<meta name=\"twitter:label1\" content=\"Dur\u00e9e de lecture estim\u00e9e\" \/>\n\t<meta name=\"twitter:data1\" content=\"3 minutes\" \/>\n<script type=\"application\/ld+json\" class=\"yoast-schema-graph\">{\"@context\":\"https:\/\/schema.org\",\"@graph\":[{\"@type\":\"WebPage\",\"@id\":\"https:\/\/ajt.morton.media\/fr\/code-de-deontologie\/\",\"url\":\"https:\/\/ajt.morton.media\/fr\/code-de-deontologie\/\",\"name\":\"Code de d\u00e9ontologie | AJT\",\"isPartOf\":{\"@id\":\"https:\/\/www.teamajt.com\/#website\"},\"datePublished\":\"2022-06-13T08:51:41+00:00\",\"dateModified\":\"2022-07-11T12:55:00+00:00\",\"description\":\"Nous sommes une agence de traduction socialement et environnementalement responsable. Nous nous effor\u00e7ons d\u2019exercer nos activit\u00e9s en \u0153uvrant pour le bien, comme en t\u00e9moigne notre Code de d\u00e9ontologie.\",\"breadcrumb\":{\"@id\":\"https:\/\/ajt.morton.media\/fr\/code-de-deontologie\/#breadcrumb\"},\"inLanguage\":\"fr-FR\",\"potentialAction\":[{\"@type\":\"ReadAction\",\"target\":[\"https:\/\/ajt.morton.media\/fr\/code-de-deontologie\/\"]}]},{\"@type\":\"BreadcrumbList\",\"@id\":\"https:\/\/ajt.morton.media\/fr\/code-de-deontologie\/#breadcrumb\",\"itemListElement\":[{\"@type\":\"ListItem\",\"position\":1,\"name\":\"Home\",\"item\":\"https:\/\/www.teamajt.com\/fr\/\"},{\"@type\":\"ListItem\",\"position\":2,\"name\":\"Code de d\u00e9ontologie\"}]},{\"@type\":\"WebSite\",\"@id\":\"https:\/\/www.teamajt.com\/#website\",\"url\":\"https:\/\/www.teamajt.com\/\",\"name\":\"AJT\",\"description\":\"\",\"publisher\":{\"@id\":\"https:\/\/www.teamajt.com\/#organization\"},\"potentialAction\":[{\"@type\":\"SearchAction\",\"target\":{\"@type\":\"EntryPoint\",\"urlTemplate\":\"https:\/\/www.teamajt.com\/?s={search_term_string}\"},\"query-input\":\"required name=search_term_string\"}],\"inLanguage\":\"fr-FR\"},{\"@type\":\"Organization\",\"@id\":\"https:\/\/www.teamajt.com\/#organization\",\"name\":\"Anja Jones Translation\",\"url\":\"https:\/\/www.teamajt.com\/\",\"logo\":{\"@type\":\"ImageObject\",\"inLanguage\":\"fr-FR\",\"@id\":\"https:\/\/www.teamajt.com\/#\/schema\/logo\/image\/\",\"url\":\"https:\/\/ajt.morton.media\/wp-content\/uploads\/ajt_logo.png\",\"contentUrl\":\"https:\/\/ajt.morton.media\/wp-content\/uploads\/ajt_logo.png\",\"width\":889,\"height\":877,\"caption\":\"Anja Jones Translation\"},\"image\":{\"@id\":\"https:\/\/www.teamajt.com\/#\/schema\/logo\/image\/\"}}]}<\/script>\n<!-- \/ Yoast SEO plugin. -->","yoast_head_json":{"title":"Code de d\u00e9ontologie | AJT","description":"Nous sommes une agence de traduction socialement et environnementalement responsable. Nous nous effor\u00e7ons d\u2019exercer nos activit\u00e9s en \u0153uvrant pour le bien, comme en t\u00e9moigne notre Code de d\u00e9ontologie.","robots":{"index":"index","follow":"follow","max-snippet":"max-snippet:-1","max-image-preview":"max-image-preview:large","max-video-preview":"max-video-preview:-1"},"canonical":"https:\/\/ajt.morton.media\/fr\/code-de-deontologie\/","og_locale":"fr_FR","og_type":"article","og_title":"Code de d\u00e9ontologie | AJT","og_description":"Nous sommes une agence de traduction socialement et environnementalement responsable. Nous nous effor\u00e7ons d\u2019exercer nos activit\u00e9s en \u0153uvrant pour le bien, comme en t\u00e9moigne notre Code de d\u00e9ontologie.","og_url":"https:\/\/ajt.morton.media\/fr\/code-de-deontologie\/","og_site_name":"AJT","article_modified_time":"2022-07-11T12:55:00+00:00","twitter_misc":{"Dur\u00e9e de lecture estim\u00e9e":"3 minutes"},"schema":{"@context":"https:\/\/schema.org","@graph":[{"@type":"WebPage","@id":"https:\/\/ajt.morton.media\/fr\/code-de-deontologie\/","url":"https:\/\/ajt.morton.media\/fr\/code-de-deontologie\/","name":"Code de d\u00e9ontologie | AJT","isPartOf":{"@id":"https:\/\/www.teamajt.com\/#website"},"datePublished":"2022-06-13T08:51:41+00:00","dateModified":"2022-07-11T12:55:00+00:00","description":"Nous sommes une agence de traduction socialement et environnementalement responsable. Nous nous effor\u00e7ons d\u2019exercer nos activit\u00e9s en \u0153uvrant pour le bien, comme en t\u00e9moigne notre Code de d\u00e9ontologie.","breadcrumb":{"@id":"https:\/\/ajt.morton.media\/fr\/code-de-deontologie\/#breadcrumb"},"inLanguage":"fr-FR","potentialAction":[{"@type":"ReadAction","target":["https:\/\/ajt.morton.media\/fr\/code-de-deontologie\/"]}]},{"@type":"BreadcrumbList","@id":"https:\/\/ajt.morton.media\/fr\/code-de-deontologie\/#breadcrumb","itemListElement":[{"@type":"ListItem","position":1,"name":"Home","item":"https:\/\/www.teamajt.com\/fr\/"},{"@type":"ListItem","position":2,"name":"Code de d\u00e9ontologie"}]},{"@type":"WebSite","@id":"https:\/\/www.teamajt.com\/#website","url":"https:\/\/www.teamajt.com\/","name":"AJT","description":"","publisher":{"@id":"https:\/\/www.teamajt.com\/#organization"},"potentialAction":[{"@type":"SearchAction","target":{"@type":"EntryPoint","urlTemplate":"https:\/\/www.teamajt.com\/?s={search_term_string}"},"query-input":"required name=search_term_string"}],"inLanguage":"fr-FR"},{"@type":"Organization","@id":"https:\/\/www.teamajt.com\/#organization","name":"Anja Jones Translation","url":"https:\/\/www.teamajt.com\/","logo":{"@type":"ImageObject","inLanguage":"fr-FR","@id":"https:\/\/www.teamajt.com\/#\/schema\/logo\/image\/","url":"https:\/\/ajt.morton.media\/wp-content\/uploads\/ajt_logo.png","contentUrl":"https:\/\/ajt.morton.media\/wp-content\/uploads\/ajt_logo.png","width":889,"height":877,"caption":"Anja Jones Translation"},"image":{"@id":"https:\/\/www.teamajt.com\/#\/schema\/logo\/image\/"}}]}},"_links":{"self":[{"href":"https:\/\/ajt.morton.media\/fr\/wp-json\/wp\/v2\/pages\/49541"}],"collection":[{"href":"https:\/\/ajt.morton.media\/fr\/wp-json\/wp\/v2\/pages"}],"about":[{"href":"https:\/\/ajt.morton.media\/fr\/wp-json\/wp\/v2\/types\/page"}],"author":[{"embeddable":true,"href":"https:\/\/ajt.morton.media\/fr\/wp-json\/wp\/v2\/users\/1"}],"replies":[{"embeddable":true,"href":"https:\/\/ajt.morton.media\/fr\/wp-json\/wp\/v2\/comments?post=49541"}],"version-history":[{"count":2,"href":"https:\/\/ajt.morton.media\/fr\/wp-json\/wp\/v2\/pages\/49541\/revisions"}],"predecessor-version":[{"id":50239,"href":"https:\/\/ajt.morton.media\/fr\/wp-json\/wp\/v2\/pages\/49541\/revisions\/50239"}],"wp:attachment":[{"href":"https:\/\/ajt.morton.media\/fr\/wp-json\/wp\/v2\/media?parent=49541"}],"curies":[{"name":"wp","href":"https:\/\/api.w.org\/{rel}","templated":true}]}}