

 
{"id":49556,"date":"2022-06-13T09:57:34","date_gmt":"2022-06-13T08:57:34","guid":{"rendered":"https:\/\/ajt.morton.media\/?page_id=49556"},"modified":"2022-07-20T15:30:05","modified_gmt":"2022-07-20T14:30:05","slug":"code-de-conduite-pour-les-fournisseurs","status":"publish","type":"page","link":"https:\/\/ajt.morton.media\/fr\/code-de-conduite-pour-les-fournisseurs\/","title":{"rendered":"Code de conduite pour les fournisseurs"},"content":{"rendered":"<p>[vc_row css=\u00a0\u00bb.vc_custom_1653564507375{padding-top: 5vh !important;padding-bottom: 3vh !important;}\u00a0\u00bb][vc_column width=\u00a0\u00bb1\/5&Prime;][\/vc_column][vc_column width=\u00a0\u00bb3\/5&Prime;][vc_column_text]<\/p>\n<h1>Code de conduite pour les fournisseurs<\/h1>\n<p>[\/vc_column_text][\/vc_column][vc_column width=\u00a0\u00bb1\/5&Prime;][\/vc_column][\/vc_row][vc_row css=\u00a0\u00bb.vc_custom_1653564540845{padding-top: 3vh !important;padding-bottom: 3vh !important;}\u00a0\u00bb][vc_column width=\u00a0\u00bb1\/5&Prime;][\/vc_column][vc_column width=\u00a0\u00bb3\/5&Prime;][vc_column_text]<\/p>\n<h2>Introduction<\/h2>\n<p>L\u2019\u00e9quipe AJT se compose de nombreux talents divers, qui partagent la m\u00eame passion pour les langues et la communication. Nous travaillons avec certaines des plus grandes marques au monde afin de leur offrir des services de traduction de la meilleure qualit\u00e9. Nous ne devons pas seulement fournir un travail irr\u00e9prochable, mais \u00e9galement faire preuve d\u2019une conduite exemplaire. Conform\u00e9ment \u00e0 notre <a href=\"https:\/\/ajt.morton.media\/code-of-ethics\/\">Code de d\u00e9ontologie<\/a>, nous nous effor\u00e7ons de conduire nos op\u00e9rations avec professionnalisme, respect, \u00e9thique et honn\u00eatet\u00e9, et ce en accord avec les normes les plus strictes en mati\u00e8re d\u2019int\u00e9grit\u00e9 sociale et environnementale.<\/p>\n<p>Nous avons la certitude que nous sommes capables de r\u00e9aliser les meilleures performances lorsque nous travaillons avec des fournisseurs qui partagent nos valeurs et nos principes \u00e9thiques. Que vous \u00e9voluiez en freelance ou au sein d\u2019une entreprise, vous faites partie int\u00e9grante de notre \u00e9cosyst\u00e8me m\u00e9tier. Ainsi, en tant que fournisseur AJT de confiance, vos actions et votre comportement (collectivement d\u00e9sign\u00e9s comme votre conduite professionnelle) influencent l\u2019image d\u2019AJT.\u00a0Nos Conditions g\u00e9n\u00e9rales dressent le cadre juridique dans lequel s\u2019inscrivent nos relations professionnelles, tandis que notre Code de conduite pour les fournisseurs d\u00e9finit les exigences minimales que nous attendons de la part de nos fournisseurs en mati\u00e8re de conduite professionnelle.[\/vc_column_text][\/vc_column][vc_column width=\u00a0\u00bb1\/5&Prime;][\/vc_column][\/vc_row][vc_row css=\u00a0\u00bb.vc_custom_1653564540845{padding-top: 3vh !important;padding-bottom: 3vh !important;}\u00a0\u00bb][vc_column width=\u00a0\u00bb1\/5&Prime;][\/vc_column][vc_column width=\u00a0\u00bb3\/5&Prime; offset=\u00a0\u00bbvc_hidden-xs\u00a0\u00bb][vc_column_text]<\/p>\n<h2 class=\"p1\"><span class=\"s1\">Principes environnementaux<\/span><\/h2>\n<h4 class=\"p1\"><span class=\"s1\">Nous faisons tr\u00e8s attention \u00e0 l\u2019impact de nos op\u00e9rations sur l\u2019environnement et nous effor\u00e7ons de le r\u00e9duire autant que possible.<\/span><\/h4>\n<p class=\"p2\"><span class=\"s1\">Nous demandons au minimum \u00e0 ce que nos fournisseurs respectent la r\u00e9glementation environnementale au niveau local et national. En tant que fournisseur AJT, vous devez vous assurer que l\u2019impact de vos activit\u00e9s sur l\u2019environnement soit r\u00e9duit au minimum. Vous devez op\u00e9rer de la mani\u00e8re la plus responsable et efficace possible en ce qui concerne l\u2019environnement. Nous vous encourageons \u00e0 d\u00e9ployer tous les efforts n\u00e9cessaires pour r\u00e9duire ou \u00e9liminer les \u00e9missions g\u00e9n\u00e9r\u00e9es par vos activit\u00e9s, pr\u00e9server les ressources naturelles, \u00e9viter ou r\u00e9duire l\u2019utilisation de substances dangereuses et, d\u00e8s que possible, promouvoir le recyclage et la r\u00e9utilisation des d\u00e9chets.<\/span><\/p>\n<p>[\/vc_column_text][\/vc_column][vc_column width=\u00a0\u00bb1\/5&Prime;][\/vc_column][\/vc_row][vc_row css=\u00a0\u00bb.vc_custom_1653564540845{padding-top: 3vh !important;padding-bottom: 3vh !important;}\u00a0\u00bb][vc_column width=\u00a0\u00bb1\/5&Prime;][\/vc_column][vc_column width=\u00a0\u00bb3\/5&Prime; offset=\u00a0\u00bbvc_hidden-lg vc_hidden-md vc_hidden-sm\u00a0\u00bb][vc_column_text]<\/p>\n<h2 class=\"p1\"><span class=\"s1\">Principes<br \/>\nenvironne-<br \/>\nmentaux<\/span><\/h2>\n<h4 class=\"p1\"><span class=\"s1\">Nous faisons tr\u00e8s attention \u00e0 l\u2019impact de nos op\u00e9rations sur l\u2019environnement et nous effor\u00e7ons de le r\u00e9duire autant que possible.<\/span><\/h4>\n<p class=\"p2\"><span class=\"s1\">Nous demandons au minimum \u00e0 ce que nos fournisseurs respectent la r\u00e9glementation environnementale au niveau local et national. En tant que fournisseur AJT, vous devez vous assurer que l\u2019impact de vos activit\u00e9s sur l\u2019environnement soit r\u00e9duit au minimum. Vous devez op\u00e9rer de la mani\u00e8re la plus responsable et efficace possible en ce qui concerne l\u2019environnement. Nous vous encourageons \u00e0 d\u00e9ployer tous les efforts n\u00e9cessaires pour r\u00e9duire ou \u00e9liminer les \u00e9missions g\u00e9n\u00e9r\u00e9es par vos activit\u00e9s, pr\u00e9server les ressources naturelles, \u00e9viter ou r\u00e9duire l\u2019utilisation de substances dangereuses et, d\u00e8s que possible, promouvoir le recyclage et la r\u00e9utilisation des d\u00e9chets.<\/span><\/p>\n<p>[\/vc_column_text][\/vc_column][vc_column width=\u00a0\u00bb1\/5&Prime;][\/vc_column][\/vc_row][vc_row css=\u00a0\u00bb.vc_custom_1653564540845{padding-top: 3vh !important;padding-bottom: 3vh !important;}\u00a0\u00bb][vc_column width=\u00a0\u00bb1\/5&Prime;][\/vc_column][vc_column width=\u00a0\u00bb3\/5&Prime;][vc_column_text]<\/p>\n<h2 class=\"p1\"><span class=\"s1\">Principes sociaux<\/span><\/h2>\n<h4 class=\"p1\"><span class=\"s1\">Nous encourageons un environnement d\u00e9pourvu de toute forme de discrimination et nous valorisons la diversit\u00e9 de chaque personne.<\/span><\/h4>\n<p class=\"p2\"><span class=\"s1\">Nous sommes des \u00eatres humains et \u00e0 ce titre, nous m\u00e9ritons le respect. Nous nous attendons \u00e0 ce que nos fournisseurs consid\u00e8rent tout le monde, y compris notre client\u00e8le, les membres de notre \u00e9quipe, nos sous-traitants et les autres parties prenantes, avec le plus grand respect et un maximum de politesse, d\u2019honn\u00eatet\u00e9 et d\u2019\u00e9quit\u00e9. Nos fournisseurs ne doivent pratiquer aucune discrimination fond\u00e9e sur l\u2019origine ethnique, la classe sociale, la nationalit\u00e9, la religion, l\u2019\u00e2ge, le handicap, le genre, le statut marital, l\u2019orientation sexuelle ou l\u2019appartenance syndicale ou politique.<\/span><\/p>\n<p>[\/vc_column_text][\/vc_column][vc_column width=\u00a0\u00bb1\/5&Prime;][\/vc_column][\/vc_row][vc_row css=\u00a0\u00bb.vc_custom_1653565014476{padding-top: 3vh !important;padding-bottom: 15vh !important;}\u00a0\u00bb][vc_column width=\u00a0\u00bb1\/5&Prime;][\/vc_column][vc_column width=\u00a0\u00bb3\/5&Prime;][vc_column_text]<\/p>\n<h2 class=\"p1\"><span class=\"s1\">Principes professionnels<\/span><\/h2>\n<h4 class=\"p2\"><span class=\"s1\">Nous nous targuons d\u2019avoir construit des relations durables fond\u00e9es sur l\u2019honn\u00eatet\u00e9, la confiance et le respect mutuel avec notre client\u00e8le et nos fournisseurs.<\/span><\/h4>\n<p class=\"p3\"><span class=\"s1\">Notre mission est d\u2019aider notre client\u00e8le \u00e0 accomplir la sienne\u00a0: r\u00e9ussir \u00e0 l\u2019international. Pour cette raison, nous abordons les objectifs de notre client\u00e8le comme s\u2019il s\u2019agissait des n\u00f4tres et nous attendons \u00e0 ce que nos fournisseurs suivent notre exemple. Ici, pas de \u00ab\u00a0nous\u00a0\u00bb d\u2019un c\u00f4t\u00e9 et de \u00ab\u00a0client\u00e8le\u00a0\u00bb de l\u2019autre. Nous nous unissons dans le but d\u2019accomplir nos missions collectives. Nous sommes une \u00e9quipe honn\u00eate, s\u00e9rieuse et fiable. Nous faisons preuve de transparence dans toutes nos op\u00e9rations, c\u2019est pourquoi nous demandons \u00e0 nos fournisseurs d\u2019en faire de m\u00eame.<\/span><\/p>\n<p>[\/vc_column_text][\/vc_column][vc_column width=\u00a0\u00bb1\/5&Prime;][\/vc_column][\/vc_row][vc_row][vc_column][vc_column_text]<\/p>\n<div id=\"excerpt\" class=\"memsource-post-attribute\">\n<div class=\"memsource-post-attribute-end\"><\/div>\n<\/div>\n<p>[\/vc_column_text][\/vc_column][\/vc_row]<\/p>\n","protected":false},"excerpt":{"rendered":"<p>[vc_row css=\u00a0\u00bb.vc_custom_1653564507375{padding-top: 5vh !important;padding-bottom: 3vh !important;}\u00a0\u00bb][vc_column width=\u00a0\u00bb1\/5&Prime;][\/vc_column][vc_column width=\u00a0\u00bb3\/5&Prime;][vc_column_text] Code de conduite pour les fournisseurs [\/vc_column_text][\/vc_column][vc_column width=\u00a0\u00bb1\/5&Prime;][\/vc_column][\/vc_row][vc_row css=\u00a0\u00bb.vc_custom_1653564540845{padding-top: 3vh !important;padding-bottom: 3vh !important;}\u00a0\u00bb][vc_column width=\u00a0\u00bb1\/5&Prime;][\/vc_column][vc_column width=\u00a0\u00bb3\/5&Prime;][vc_column_text] Introduction L\u2019\u00e9quipe AJT se compose de nombreux talents divers, qui partagent la m\u00eame passion pour les langues et la communication. Nous travaillons avec certaines des plus grandes marques au monde afin de<\/p>\n","protected":false},"author":1,"featured_media":0,"parent":0,"menu_order":0,"comment_status":"closed","ping_status":"closed","template":"","meta":{"inline_featured_image":false},"yoast_head":"<!-- This site is optimized with the Yoast SEO plugin v19.10 - https:\/\/yoast.com\/wordpress\/plugins\/seo\/ -->\n<title>Code de conduite pour les fournisseurs | AJT<\/title>\n<meta name=\"description\" content=\"Notre Code de conduite pour les fournisseurs expose les grandes lignes des exigences minimales que nous attendons de la part de nos fournisseurs en mati\u00e8re de conduite professionnelle.\" \/>\n<meta name=\"robots\" content=\"index, follow, max-snippet:-1, max-image-preview:large, max-video-preview:-1\" \/>\n<link rel=\"canonical\" href=\"https:\/\/ajt.morton.media\/fr\/code-de-conduite-pour-les-fournisseurs\/\" \/>\n<meta property=\"og:locale\" content=\"fr_FR\" \/>\n<meta property=\"og:type\" content=\"article\" \/>\n<meta property=\"og:title\" content=\"Code de conduite pour les fournisseurs | AJT\" \/>\n<meta property=\"og:description\" content=\"Notre Code de conduite pour les fournisseurs expose les grandes lignes des exigences minimales que nous attendons de la part de nos fournisseurs en mati\u00e8re de conduite professionnelle.\" \/>\n<meta property=\"og:url\" content=\"https:\/\/ajt.morton.media\/fr\/code-de-conduite-pour-les-fournisseurs\/\" \/>\n<meta property=\"og:site_name\" content=\"AJT\" \/>\n<meta property=\"article:modified_time\" content=\"2022-07-20T14:30:05+00:00\" \/>\n<meta name=\"twitter:label1\" content=\"Dur\u00e9e de lecture estim\u00e9e\" \/>\n\t<meta name=\"twitter:data1\" content=\"4 minutes\" \/>\n<script type=\"application\/ld+json\" class=\"yoast-schema-graph\">{\"@context\":\"https:\/\/schema.org\",\"@graph\":[{\"@type\":\"WebPage\",\"@id\":\"https:\/\/ajt.morton.media\/fr\/code-de-conduite-pour-les-fournisseurs\/\",\"url\":\"https:\/\/ajt.morton.media\/fr\/code-de-conduite-pour-les-fournisseurs\/\",\"name\":\"Code de conduite pour les fournisseurs | AJT\",\"isPartOf\":{\"@id\":\"https:\/\/www.teamajt.com\/#website\"},\"datePublished\":\"2022-06-13T08:57:34+00:00\",\"dateModified\":\"2022-07-20T14:30:05+00:00\",\"description\":\"Notre Code de conduite pour les fournisseurs expose les grandes lignes des exigences minimales que nous attendons de la part de nos fournisseurs en mati\u00e8re de conduite professionnelle.\",\"breadcrumb\":{\"@id\":\"https:\/\/ajt.morton.media\/fr\/code-de-conduite-pour-les-fournisseurs\/#breadcrumb\"},\"inLanguage\":\"fr-FR\",\"potentialAction\":[{\"@type\":\"ReadAction\",\"target\":[\"https:\/\/ajt.morton.media\/fr\/code-de-conduite-pour-les-fournisseurs\/\"]}]},{\"@type\":\"BreadcrumbList\",\"@id\":\"https:\/\/ajt.morton.media\/fr\/code-de-conduite-pour-les-fournisseurs\/#breadcrumb\",\"itemListElement\":[{\"@type\":\"ListItem\",\"position\":1,\"name\":\"Home\",\"item\":\"https:\/\/www.teamajt.com\/fr\/\"},{\"@type\":\"ListItem\",\"position\":2,\"name\":\"Code de conduite pour les fournisseurs\"}]},{\"@type\":\"WebSite\",\"@id\":\"https:\/\/www.teamajt.com\/#website\",\"url\":\"https:\/\/www.teamajt.com\/\",\"name\":\"AJT\",\"description\":\"\",\"publisher\":{\"@id\":\"https:\/\/www.teamajt.com\/#organization\"},\"potentialAction\":[{\"@type\":\"SearchAction\",\"target\":{\"@type\":\"EntryPoint\",\"urlTemplate\":\"https:\/\/www.teamajt.com\/?s={search_term_string}\"},\"query-input\":\"required name=search_term_string\"}],\"inLanguage\":\"fr-FR\"},{\"@type\":\"Organization\",\"@id\":\"https:\/\/www.teamajt.com\/#organization\",\"name\":\"Anja Jones Translation\",\"url\":\"https:\/\/www.teamajt.com\/\",\"logo\":{\"@type\":\"ImageObject\",\"inLanguage\":\"fr-FR\",\"@id\":\"https:\/\/www.teamajt.com\/#\/schema\/logo\/image\/\",\"url\":\"https:\/\/ajt.morton.media\/wp-content\/uploads\/ajt_logo.png\",\"contentUrl\":\"https:\/\/ajt.morton.media\/wp-content\/uploads\/ajt_logo.png\",\"width\":889,\"height\":877,\"caption\":\"Anja Jones Translation\"},\"image\":{\"@id\":\"https:\/\/www.teamajt.com\/#\/schema\/logo\/image\/\"}}]}<\/script>\n<!-- \/ Yoast SEO plugin. -->","yoast_head_json":{"title":"Code de conduite pour les fournisseurs | AJT","description":"Notre Code de conduite pour les fournisseurs expose les grandes lignes des exigences minimales que nous attendons de la part de nos fournisseurs en mati\u00e8re de conduite professionnelle.","robots":{"index":"index","follow":"follow","max-snippet":"max-snippet:-1","max-image-preview":"max-image-preview:large","max-video-preview":"max-video-preview:-1"},"canonical":"https:\/\/ajt.morton.media\/fr\/code-de-conduite-pour-les-fournisseurs\/","og_locale":"fr_FR","og_type":"article","og_title":"Code de conduite pour les fournisseurs | AJT","og_description":"Notre Code de conduite pour les fournisseurs expose les grandes lignes des exigences minimales que nous attendons de la part de nos fournisseurs en mati\u00e8re de conduite professionnelle.","og_url":"https:\/\/ajt.morton.media\/fr\/code-de-conduite-pour-les-fournisseurs\/","og_site_name":"AJT","article_modified_time":"2022-07-20T14:30:05+00:00","twitter_misc":{"Dur\u00e9e de lecture estim\u00e9e":"4 minutes"},"schema":{"@context":"https:\/\/schema.org","@graph":[{"@type":"WebPage","@id":"https:\/\/ajt.morton.media\/fr\/code-de-conduite-pour-les-fournisseurs\/","url":"https:\/\/ajt.morton.media\/fr\/code-de-conduite-pour-les-fournisseurs\/","name":"Code de conduite pour les fournisseurs | AJT","isPartOf":{"@id":"https:\/\/www.teamajt.com\/#website"},"datePublished":"2022-06-13T08:57:34+00:00","dateModified":"2022-07-20T14:30:05+00:00","description":"Notre Code de conduite pour les fournisseurs expose les grandes lignes des exigences minimales que nous attendons de la part de nos fournisseurs en mati\u00e8re de conduite professionnelle.","breadcrumb":{"@id":"https:\/\/ajt.morton.media\/fr\/code-de-conduite-pour-les-fournisseurs\/#breadcrumb"},"inLanguage":"fr-FR","potentialAction":[{"@type":"ReadAction","target":["https:\/\/ajt.morton.media\/fr\/code-de-conduite-pour-les-fournisseurs\/"]}]},{"@type":"BreadcrumbList","@id":"https:\/\/ajt.morton.media\/fr\/code-de-conduite-pour-les-fournisseurs\/#breadcrumb","itemListElement":[{"@type":"ListItem","position":1,"name":"Home","item":"https:\/\/www.teamajt.com\/fr\/"},{"@type":"ListItem","position":2,"name":"Code de conduite pour les fournisseurs"}]},{"@type":"WebSite","@id":"https:\/\/www.teamajt.com\/#website","url":"https:\/\/www.teamajt.com\/","name":"AJT","description":"","publisher":{"@id":"https:\/\/www.teamajt.com\/#organization"},"potentialAction":[{"@type":"SearchAction","target":{"@type":"EntryPoint","urlTemplate":"https:\/\/www.teamajt.com\/?s={search_term_string}"},"query-input":"required name=search_term_string"}],"inLanguage":"fr-FR"},{"@type":"Organization","@id":"https:\/\/www.teamajt.com\/#organization","name":"Anja Jones Translation","url":"https:\/\/www.teamajt.com\/","logo":{"@type":"ImageObject","inLanguage":"fr-FR","@id":"https:\/\/www.teamajt.com\/#\/schema\/logo\/image\/","url":"https:\/\/ajt.morton.media\/wp-content\/uploads\/ajt_logo.png","contentUrl":"https:\/\/ajt.morton.media\/wp-content\/uploads\/ajt_logo.png","width":889,"height":877,"caption":"Anja Jones Translation"},"image":{"@id":"https:\/\/www.teamajt.com\/#\/schema\/logo\/image\/"}}]}},"_links":{"self":[{"href":"https:\/\/ajt.morton.media\/fr\/wp-json\/wp\/v2\/pages\/49556"}],"collection":[{"href":"https:\/\/ajt.morton.media\/fr\/wp-json\/wp\/v2\/pages"}],"about":[{"href":"https:\/\/ajt.morton.media\/fr\/wp-json\/wp\/v2\/types\/page"}],"author":[{"embeddable":true,"href":"https:\/\/ajt.morton.media\/fr\/wp-json\/wp\/v2\/users\/1"}],"replies":[{"embeddable":true,"href":"https:\/\/ajt.morton.media\/fr\/wp-json\/wp\/v2\/comments?post=49556"}],"version-history":[{"count":4,"href":"https:\/\/ajt.morton.media\/fr\/wp-json\/wp\/v2\/pages\/49556\/revisions"}],"predecessor-version":[{"id":50907,"href":"https:\/\/ajt.morton.media\/fr\/wp-json\/wp\/v2\/pages\/49556\/revisions\/50907"}],"wp:attachment":[{"href":"https:\/\/ajt.morton.media\/fr\/wp-json\/wp\/v2\/media?parent=49556"}],"curies":[{"name":"wp","href":"https:\/\/api.w.org\/{rel}","templated":true}]}}