

 
{"id":49973,"date":"2022-07-07T16:29:24","date_gmt":"2022-07-07T15:29:24","guid":{"rendered":"https:\/\/ajt.morton.media\/?page_id=49973"},"modified":"2024-08-05T10:11:32","modified_gmt":"2024-08-05T09:11:32","slug":"contacter-ajt","status":"publish","type":"page","link":"https:\/\/ajt.morton.media\/fr\/contacter-ajt\/","title":{"rendered":"Contacter AJT"},"content":{"rendered":"<p>[vc_row full_width=\u00a0\u00bbstretch_row\u00a0\u00bb content_placement=\u00a0\u00bbmiddle\u00a0\u00bb css=\u00a0\u00bb.vc_custom_1652780478166{padding-top: 8vh !important;padding-bottom: 10vh !important;background-color: #f8f8f8 !important;}\u00a0\u00bb][vc_column][vc_row_inner content_placement=\u00a0\u00bbmiddle\u00a0\u00bb el_id=\u00a0\u00bbdesktop-view\u00a0\u00bb][vc_column_inner width=\u00a0\u00bb5\/12&Prime; offset=\u00a0\u00bbvc_hidden-sm vc_hidden-xs\u00a0\u00bb][vc_column_text]<\/p>\n<h1>Contacter AJT<\/h1>\n<p>[\/vc_column_text][vc_column_text]<\/p>\n<p style=\"color: #1f375d;\">Comme notre entreprise fonctionne int\u00e9gralement en t\u00e9l\u00e9travail, nous n\u2019avons pas de ligne directe, mais nous sommes toujours \u00e0 votre disposition pour \u00e9changer. Envoyez-nous un message ci-dessous et nous vous r\u00e9pondrons dans les plus brefs d\u00e9lais.<\/p>\n<p>[\/vc_column_text][\/vc_column_inner][vc_column_inner width=\u00a0\u00bb7\/12&Prime; offset=\u00a0\u00bbvc_hidden-sm vc_hidden-xs\u00a0\u00bb][vc_single_image image=\u00a0\u00bb49002&Prime; img_size=\u00a0\u00bb\u00a0\u00bb alignment=\u00a0\u00bbcenter\u00a0\u00bb el_class=\u00a0\u00bbsvg-image\u00a0\u00bb css=\u00a0\u00bb.vc_custom_1652780693627{padding-top: 10px !important;padding-right: 10px !important;padding-bottom: 10px !important;padding-left: 10px !important;}\u00a0\u00bb][\/vc_column_inner][\/vc_row_inner][vc_row_inner content_placement=\u00a0\u00bbmiddle\u00a0\u00bb el_id=\u00a0\u00bbtablet-view\u00a0\u00bb][vc_column_inner width=\u00a0\u00bb1\/2&Prime; offset=\u00a0\u00bbvc_hidden-lg vc_hidden-md vc_hidden-xs\u00a0\u00bb][vc_column_text]<\/p>\n<h1>Contacter AJT<\/h1>\n<p>[\/vc_column_text][vc_column_text]<\/p>\n<p style=\"color: #1f375d;\">Comme notre entreprise fonctionne int\u00e9gralement en t\u00e9l\u00e9travail, nous n\u2019avons pas de ligne directe, mais nous sommes toujours \u00e0 votre disposition pour \u00e9changer. Envoyez-nous un message ci-dessous et nous vous r\u00e9pondrons dans les plus brefs d\u00e9lais.<\/p>\n<p>[\/vc_column_text][\/vc_column_inner][vc_column_inner width=\u00a0\u00bb1\/2&Prime; offset=\u00a0\u00bbvc_hidden-lg vc_hidden-md vc_hidden-xs\u00a0\u00bb][vc_single_image image=\u00a0\u00bb49002&Prime; img_size=\u00a0\u00bb\u00a0\u00bb alignment=\u00a0\u00bbcenter\u00a0\u00bb el_class=\u00a0\u00bbsvg-image\u00a0\u00bb css=\u00a0\u00bb.vc_custom_1652780693627{padding-top: 10px !important;padding-right: 10px !important;padding-bottom: 10px !important;padding-left: 10px !important;}\u00a0\u00bb][\/vc_column_inner][\/vc_row_inner][vc_row_inner content_placement=\u00a0\u00bbtop\u00a0\u00bb el_id=\u00a0\u00bbmobile-view\u00a0\u00bb][vc_column_inner offset=\u00a0\u00bbvc_hidden-lg vc_hidden-md vc_hidden-sm\u00a0\u00bb][vc_single_image image=\u00a0\u00bb49002&Prime; img_size=\u00a0\u00bb\u00a0\u00bb alignment=\u00a0\u00bbcenter\u00a0\u00bb el_class=\u00a0\u00bbsvg-image\u00a0\u00bb css=\u00a0\u00bb.vc_custom_1652780693627{padding-top: 10px !important;padding-right: 10px !important;padding-bottom: 10px !important;padding-left: 10px !important;}\u00a0\u00bb][vc_column_text]<\/p>\n<h1>Contacter AJT<\/h1>\n<p>[\/vc_column_text][vc_column_text]<\/p>\n<p style=\"color: #1f375d;\">Comme notre entreprise fonctionne int\u00e9gralement en t\u00e9l\u00e9travail, nous n\u2019avons pas de ligne directe, mais nous sommes toujours \u00e0 votre disposition pour \u00e9changer. Envoyez-nous un message ci-dessous et nous vous r\u00e9pondrons dans les plus brefs d\u00e9lais.<\/p>\n<p>[\/vc_column_text][\/vc_column_inner][\/vc_row_inner][\/vc_column][\/vc_row][vc_row css=\u00a0\u00bb.vc_custom_1651850604606{margin-top: 10vh !important;margin-bottom: 5vh !important;}\u00a0\u00bb][vc_column][vc_column_text]<\/p>\n<h2 style=\"text-align: center;\"><strong><em>N\u2019h\u00e9sitez plus\u00a0:<\/em><\/strong><\/h2>\n<p style=\"text-align: center;\">nous adorons \u00e9changer avec nos collaborateurs et collaboratrices, \u00e0 l\u2019oral comme par \u00e9crit. C\u2019est l\u2019une de nos sp\u00e9cialit\u00e9s.<\/p>\n<p>[\/vc_column_text][\/vc_column][\/vc_row][vc_row css=\u00a0\u00bb.vc_custom_1643304026444{padding: 50px !important;}\u00a0\u00bb][vc_column width=\u00a0\u00bb1\/2&Prime; offset=\u00a0\u00bbvc_hidden-xs\u00a0\u00bb][vc_column_text]<\/p>\n<h3>Envoyez-nous un message<\/h3>\n<p>[\/vc_column_text]<div role=\"form\" class=\"wpcf7\" id=\"wpcf7-f50206-o1\" lang=\"en-US\" dir=\"ltr\">\n<div class=\"screen-reader-response\"><p role=\"status\" aria-live=\"polite\" aria-atomic=\"true\"><\/p> <ul><\/ul><\/div>\n<form action=\"\/fr\/wp-json\/wp\/v2\/pages\/49973#wpcf7-f50206-o1\" method=\"post\" class=\"wpcf7-form init\" novalidate=\"novalidate\" data-status=\"init\">\n<div style=\"display: none;\">\n<input type=\"hidden\" name=\"_wpcf7\" value=\"50206\" \/>\n<input type=\"hidden\" name=\"_wpcf7_version\" value=\"5.6.4\" \/>\n<input type=\"hidden\" name=\"_wpcf7_locale\" value=\"en_US\" \/>\n<input type=\"hidden\" name=\"_wpcf7_unit_tag\" value=\"wpcf7-f50206-o1\" \/>\n<input type=\"hidden\" name=\"_wpcf7_container_post\" value=\"0\" \/>\n<input type=\"hidden\" name=\"_wpcf7_posted_data_hash\" value=\"\" \/>\n<input type=\"hidden\" name=\"_wpcf7_recaptcha_response\" value=\"\" \/>\n<\/div>\n<p><label>Nom<\/label><br \/>\n<span class=\"wpcf7-form-control-wrap\" data-name=\"your-name\"><input type=\"text\" name=\"your-name\" value=\"\" size=\"40\" class=\"wpcf7-form-control wpcf7-text wpcf7-validates-as-required\" aria-required=\"true\" aria-invalid=\"false\" \/><\/span> <\/p>\n<p><label>Adresse e-mail<\/label><br \/>\n<span class=\"wpcf7-form-control-wrap\" data-name=\"your-email\"><input type=\"email\" name=\"your-email\" value=\"\" size=\"40\" class=\"wpcf7-form-control wpcf7-text wpcf7-email wpcf7-validates-as-required wpcf7-validates-as-email\" aria-required=\"true\" aria-invalid=\"false\" \/><\/span> <\/p>\n<p><label>Num\u00e9ro de t\u00e9l\u00e9phone<\/label><br \/>\n<span class=\"wpcf7-form-control-wrap\" data-name=\"your-phone\"><input type=\"tel\" name=\"your-phone\" value=\"\" size=\"40\" class=\"wpcf7-form-control wpcf7-text wpcf7-tel wpcf7-validates-as-tel\" aria-invalid=\"false\" \/><\/span> <\/p>\n<p><label>Objet<\/label><br \/>\n<span class=\"wpcf7-form-control-wrap\" data-name=\"your-subject\"><input type=\"text\" name=\"your-subject\" value=\"\" size=\"40\" class=\"wpcf7-form-control wpcf7-text\" aria-invalid=\"false\" \/><\/span> <\/p>\n<p><label>Votre message<\/label><br \/>\n<span class=\"wpcf7-form-control-wrap\" data-name=\"your-message\"><textarea name=\"your-message\" cols=\"40\" rows=\"4\" class=\"wpcf7-form-control wpcf7-textarea\" aria-invalid=\"false\"><\/textarea><\/span> <\/p>\n<p><input type=\"submit\" value=\"Envoyer\" class=\"wpcf7-form-control has-spinner wpcf7-submit\" \/><\/p>\n<div class=\"wpcf7-response-output\" aria-hidden=\"true\"><\/div><\/form><\/div>[\/vc_column][vc_column width=\u00a0\u00bb1\/2&Prime; css=\u00a0\u00bb.vc_custom_1658326492303{margin-left: 24px !important;}\u00a0\u00bb offset=\u00a0\u00bbvc_hidden-xs\u00a0\u00bb][vc_column_text]<\/p>\n<h3>Contactez-nous par e-mail<\/h3>\n<p><a style=\"color: #1f375d;\" href=\"mailto:hello@teamajt.com\">hello@teamajt.com<\/a>[\/vc_column_text][vc_column_text]<\/p>\n<h3>\u00c9crivez-nous<\/h3>\n<p>AJT<br \/>\nMor Workspace<br \/>\nTreloggan Lane<br \/>\nNewquay<br \/>\nCornwall<br \/>\nTR7 2FP<br \/>\nRoyaume-Uni[\/vc_column_text][\/vc_column][\/vc_row][vc_row css=\u00a0\u00bb.vc_custom_1643304026444{padding: 50px !important;}\u00a0\u00bb][vc_column width=\u00a0\u00bb1\/2&Prime; offset=\u00a0\u00bbvc_hidden-lg vc_hidden-md vc_hidden-sm\u00a0\u00bb][vc_column_text]<\/p>\n<h3>Envoyez-nous un message<\/h3>\n<p>[\/vc_column_text]<div role=\"form\" class=\"wpcf7\" id=\"wpcf7-f50206-o2\" lang=\"en-US\" dir=\"ltr\">\n<div class=\"screen-reader-response\"><p role=\"status\" aria-live=\"polite\" aria-atomic=\"true\"><\/p> <ul><\/ul><\/div>\n<form action=\"\/fr\/wp-json\/wp\/v2\/pages\/49973#wpcf7-f50206-o2\" method=\"post\" class=\"wpcf7-form init\" novalidate=\"novalidate\" data-status=\"init\">\n<div style=\"display: none;\">\n<input type=\"hidden\" name=\"_wpcf7\" value=\"50206\" \/>\n<input type=\"hidden\" name=\"_wpcf7_version\" value=\"5.6.4\" \/>\n<input type=\"hidden\" name=\"_wpcf7_locale\" value=\"en_US\" \/>\n<input type=\"hidden\" name=\"_wpcf7_unit_tag\" value=\"wpcf7-f50206-o2\" \/>\n<input type=\"hidden\" name=\"_wpcf7_container_post\" value=\"0\" \/>\n<input type=\"hidden\" name=\"_wpcf7_posted_data_hash\" value=\"\" \/>\n<input type=\"hidden\" name=\"_wpcf7_recaptcha_response\" value=\"\" \/>\n<\/div>\n<p><label>Nom<\/label><br \/>\n<span class=\"wpcf7-form-control-wrap\" data-name=\"your-name\"><input type=\"text\" name=\"your-name\" value=\"\" size=\"40\" class=\"wpcf7-form-control wpcf7-text wpcf7-validates-as-required\" aria-required=\"true\" aria-invalid=\"false\" \/><\/span> <\/p>\n<p><label>Adresse e-mail<\/label><br \/>\n<span class=\"wpcf7-form-control-wrap\" data-name=\"your-email\"><input type=\"email\" name=\"your-email\" value=\"\" size=\"40\" class=\"wpcf7-form-control wpcf7-text wpcf7-email wpcf7-validates-as-required wpcf7-validates-as-email\" aria-required=\"true\" aria-invalid=\"false\" \/><\/span> <\/p>\n<p><label>Num\u00e9ro de t\u00e9l\u00e9phone<\/label><br \/>\n<span class=\"wpcf7-form-control-wrap\" data-name=\"your-phone\"><input type=\"tel\" name=\"your-phone\" value=\"\" size=\"40\" class=\"wpcf7-form-control wpcf7-text wpcf7-tel wpcf7-validates-as-tel\" aria-invalid=\"false\" \/><\/span> <\/p>\n<p><label>Objet<\/label><br \/>\n<span class=\"wpcf7-form-control-wrap\" data-name=\"your-subject\"><input type=\"text\" name=\"your-subject\" value=\"\" size=\"40\" class=\"wpcf7-form-control wpcf7-text\" aria-invalid=\"false\" \/><\/span> <\/p>\n<p><label>Votre message<\/label><br \/>\n<span class=\"wpcf7-form-control-wrap\" data-name=\"your-message\"><textarea name=\"your-message\" cols=\"40\" rows=\"4\" class=\"wpcf7-form-control wpcf7-textarea\" aria-invalid=\"false\"><\/textarea><\/span> <\/p>\n<p><input type=\"submit\" value=\"Envoyer\" class=\"wpcf7-form-control has-spinner wpcf7-submit\" \/><\/p>\n<div class=\"wpcf7-response-output\" aria-hidden=\"true\"><\/div><\/form><\/div>[\/vc_column][vc_column width=\u00a0\u00bb1\/2&Prime; css=\u00a0\u00bb.vc_custom_1658326524470{margin-left: 24px !important;}\u00a0\u00bb offset=\u00a0\u00bbvc_hidden-lg vc_hidden-md vc_hidden-sm\u00a0\u00bb][vc_column_text]<\/p>\n<h3>Contactez-nous<br \/>\npar e-mail<\/h3>\n<p><a style=\"color: #1f375d;\" href=\"mailto:hello@teamajt.com\">hello@teamajt.com<\/a>[\/vc_column_text][vc_column_text]<\/p>\n<h3>\u00c9crivez-nous<\/h3>\n<p>AJT<br \/>\nMor Workspace<br \/>\nTreloggan Lane<br \/>\nNewquay<br \/>\nCornwall<br \/>\nTR7 2FP<br \/>\nRoyaume-Uni[\/vc_column_text][\/vc_column][\/vc_row][vc_row full_width=\u00a0\u00bbstretch_row\u00a0\u00bb css=\u00a0\u00bb.vc_custom_1652106641018{padding-top: 5vh !important;padding-bottom: 5vh !important;background-color: #f8f8f8 !important;}\u00a0\u00bb][vc_column][vc_row_inner][vc_column_inner width=\u00a0\u00bb1\/3&Prime;][vc_column_text]<\/p>\n<h3>Nos coordonn\u00e9es<\/h3>\n<p>AJT est le nom commercial de Jones Enterprises Ltd.[\/vc_column_text][\/vc_column_inner][vc_column_inner width=\u00a0\u00bb1\/3&Prime;][vc_column_text]<strong>Adresse l\u00e9gale<\/strong><br \/>\nBuilding A, Green Court<br \/>\nTruro Business Park<br \/>\nThreemilestone<br \/>\nTruro<br \/>\nCornwall<br \/>\nTR4 9LF<br \/>\nRoyaume-Uni[\/vc_column_text][\/vc_column_inner][vc_column_inner width=\u00a0\u00bb1\/3&Prime;][vc_column_text]<strong>Num\u00e9ro d\u2019immatriculation<\/strong><br \/>\n8409933<\/p>\n<p><strong>Num\u00e9ro d\u2019identification TVA<\/strong><br \/>\n178721771[\/vc_column_text][\/vc_column_inner][\/vc_row_inner][\/vc_column][\/vc_row][vc_row][vc_column][vc_column_text]<\/p>\n<div id=\"excerpt\" class=\"memsource-post-attribute\">\n<div class=\"memsource-post-attribute-end\"><\/div>\n<\/div>\n<p>[\/vc_column_text][\/vc_column][\/vc_row]<\/p>\n","protected":false},"excerpt":{"rendered":"<p>[vc_row full_width=\u00a0\u00bbstretch_row\u00a0\u00bb content_placement=\u00a0\u00bbmiddle\u00a0\u00bb css=\u00a0\u00bb.vc_custom_1652780478166{padding-top: 8vh !important;padding-bottom: 10vh !important;background-color: #f8f8f8 !important;}\u00a0\u00bb][vc_column][vc_row_inner content_placement=\u00a0\u00bbmiddle\u00a0\u00bb el_id=\u00a0\u00bbdesktop-view\u00a0\u00bb][vc_column_inner width=\u00a0\u00bb5\/12&Prime; offset=\u00a0\u00bbvc_hidden-sm vc_hidden-xs\u00a0\u00bb][vc_column_text] Contacter AJT [\/vc_column_text][vc_column_text] Comme notre entreprise fonctionne int\u00e9gralement en t\u00e9l\u00e9travail, nous n\u2019avons pas de ligne directe, mais nous sommes toujours \u00e0 votre disposition pour \u00e9changer. Envoyez-nous un message ci-dessous et nous vous r\u00e9pondrons dans les plus brefs d\u00e9lais. [\/vc_column_text][\/vc_column_inner][vc_column_inner width=\u00a0\u00bb7\/12&Prime;<\/p>\n","protected":false},"author":1,"featured_media":0,"parent":0,"menu_order":0,"comment_status":"closed","ping_status":"closed","template":"","meta":{"inline_featured_image":false},"yoast_head":"<!-- This site is optimized with the Yoast SEO plugin v19.10 - https:\/\/yoast.com\/wordpress\/plugins\/seo\/ -->\n<title>Nous contacter | AJT<\/title>\n<meta name=\"description\" content=\"N\u2019h\u00e9sitez plus\u00a0: nous adorons \u00e9changer avec nos collaborateurs et collaboratrices, \u00e0 l\u2019oral comme par \u00e9crit. C\u2019est l\u2019une de nos sp\u00e9cialit\u00e9s. R\u00e9servez un appel t\u00e9l\u00e9phonique ou contactez-nous par e-mail pour discuter de vos besoins en traduction.\" \/>\n<meta name=\"robots\" content=\"index, follow, max-snippet:-1, max-image-preview:large, max-video-preview:-1\" \/>\n<link rel=\"canonical\" href=\"https:\/\/ajt.morton.media\/fr\/contacter-ajt\/\" \/>\n<meta property=\"og:locale\" content=\"fr_FR\" \/>\n<meta property=\"og:type\" content=\"article\" \/>\n<meta property=\"og:title\" content=\"Nous contacter | AJT\" \/>\n<meta property=\"og:description\" content=\"N\u2019h\u00e9sitez plus\u00a0: nous adorons \u00e9changer avec nos collaborateurs et collaboratrices, \u00e0 l\u2019oral comme par \u00e9crit. C\u2019est l\u2019une de nos sp\u00e9cialit\u00e9s. R\u00e9servez un appel t\u00e9l\u00e9phonique ou contactez-nous par e-mail pour discuter de vos besoins en traduction.\" \/>\n<meta property=\"og:url\" content=\"https:\/\/ajt.morton.media\/fr\/contacter-ajt\/\" \/>\n<meta property=\"og:site_name\" content=\"AJT\" \/>\n<meta property=\"article:modified_time\" content=\"2024-08-05T09:11:32+00:00\" \/>\n<meta name=\"twitter:label1\" content=\"Dur\u00e9e de lecture estim\u00e9e\" \/>\n\t<meta name=\"twitter:data1\" content=\"2 minutes\" \/>\n<script type=\"application\/ld+json\" class=\"yoast-schema-graph\">{\"@context\":\"https:\/\/schema.org\",\"@graph\":[{\"@type\":\"WebPage\",\"@id\":\"https:\/\/ajt.morton.media\/fr\/contacter-ajt\/\",\"url\":\"https:\/\/ajt.morton.media\/fr\/contacter-ajt\/\",\"name\":\"Nous contacter | AJT\",\"isPartOf\":{\"@id\":\"https:\/\/www.teamajt.com\/#website\"},\"datePublished\":\"2022-07-07T15:29:24+00:00\",\"dateModified\":\"2024-08-05T09:11:32+00:00\",\"description\":\"N\u2019h\u00e9sitez plus\u00a0: nous adorons \u00e9changer avec nos collaborateurs et collaboratrices, \u00e0 l\u2019oral comme par \u00e9crit. C\u2019est l\u2019une de nos sp\u00e9cialit\u00e9s. R\u00e9servez un appel t\u00e9l\u00e9phonique ou contactez-nous par e-mail pour discuter de vos besoins en traduction.\",\"breadcrumb\":{\"@id\":\"https:\/\/ajt.morton.media\/fr\/contacter-ajt\/#breadcrumb\"},\"inLanguage\":\"fr-FR\",\"potentialAction\":[{\"@type\":\"ReadAction\",\"target\":[\"https:\/\/ajt.morton.media\/fr\/contacter-ajt\/\"]}]},{\"@type\":\"BreadcrumbList\",\"@id\":\"https:\/\/ajt.morton.media\/fr\/contacter-ajt\/#breadcrumb\",\"itemListElement\":[{\"@type\":\"ListItem\",\"position\":1,\"name\":\"Home\",\"item\":\"https:\/\/www.teamajt.com\/fr\/\"},{\"@type\":\"ListItem\",\"position\":2,\"name\":\"Contacter AJT\"}]},{\"@type\":\"WebSite\",\"@id\":\"https:\/\/www.teamajt.com\/#website\",\"url\":\"https:\/\/www.teamajt.com\/\",\"name\":\"AJT\",\"description\":\"\",\"publisher\":{\"@id\":\"https:\/\/www.teamajt.com\/#organization\"},\"potentialAction\":[{\"@type\":\"SearchAction\",\"target\":{\"@type\":\"EntryPoint\",\"urlTemplate\":\"https:\/\/www.teamajt.com\/?s={search_term_string}\"},\"query-input\":\"required name=search_term_string\"}],\"inLanguage\":\"fr-FR\"},{\"@type\":\"Organization\",\"@id\":\"https:\/\/www.teamajt.com\/#organization\",\"name\":\"Anja Jones Translation\",\"url\":\"https:\/\/www.teamajt.com\/\",\"logo\":{\"@type\":\"ImageObject\",\"inLanguage\":\"fr-FR\",\"@id\":\"https:\/\/www.teamajt.com\/#\/schema\/logo\/image\/\",\"url\":\"https:\/\/ajt.morton.media\/wp-content\/uploads\/ajt_logo.png\",\"contentUrl\":\"https:\/\/ajt.morton.media\/wp-content\/uploads\/ajt_logo.png\",\"width\":889,\"height\":877,\"caption\":\"Anja Jones Translation\"},\"image\":{\"@id\":\"https:\/\/www.teamajt.com\/#\/schema\/logo\/image\/\"}}]}<\/script>\n<!-- \/ Yoast SEO plugin. -->","yoast_head_json":{"title":"Nous contacter | AJT","description":"N\u2019h\u00e9sitez plus\u00a0: nous adorons \u00e9changer avec nos collaborateurs et collaboratrices, \u00e0 l\u2019oral comme par \u00e9crit. C\u2019est l\u2019une de nos sp\u00e9cialit\u00e9s. R\u00e9servez un appel t\u00e9l\u00e9phonique ou contactez-nous par e-mail pour discuter de vos besoins en traduction.","robots":{"index":"index","follow":"follow","max-snippet":"max-snippet:-1","max-image-preview":"max-image-preview:large","max-video-preview":"max-video-preview:-1"},"canonical":"https:\/\/ajt.morton.media\/fr\/contacter-ajt\/","og_locale":"fr_FR","og_type":"article","og_title":"Nous contacter | AJT","og_description":"N\u2019h\u00e9sitez plus\u00a0: nous adorons \u00e9changer avec nos collaborateurs et collaboratrices, \u00e0 l\u2019oral comme par \u00e9crit. C\u2019est l\u2019une de nos sp\u00e9cialit\u00e9s. R\u00e9servez un appel t\u00e9l\u00e9phonique ou contactez-nous par e-mail pour discuter de vos besoins en traduction.","og_url":"https:\/\/ajt.morton.media\/fr\/contacter-ajt\/","og_site_name":"AJT","article_modified_time":"2024-08-05T09:11:32+00:00","twitter_misc":{"Dur\u00e9e de lecture estim\u00e9e":"2 minutes"},"schema":{"@context":"https:\/\/schema.org","@graph":[{"@type":"WebPage","@id":"https:\/\/ajt.morton.media\/fr\/contacter-ajt\/","url":"https:\/\/ajt.morton.media\/fr\/contacter-ajt\/","name":"Nous contacter | AJT","isPartOf":{"@id":"https:\/\/www.teamajt.com\/#website"},"datePublished":"2022-07-07T15:29:24+00:00","dateModified":"2024-08-05T09:11:32+00:00","description":"N\u2019h\u00e9sitez plus\u00a0: nous adorons \u00e9changer avec nos collaborateurs et collaboratrices, \u00e0 l\u2019oral comme par \u00e9crit. C\u2019est l\u2019une de nos sp\u00e9cialit\u00e9s. R\u00e9servez un appel t\u00e9l\u00e9phonique ou contactez-nous par e-mail pour discuter de vos besoins en traduction.","breadcrumb":{"@id":"https:\/\/ajt.morton.media\/fr\/contacter-ajt\/#breadcrumb"},"inLanguage":"fr-FR","potentialAction":[{"@type":"ReadAction","target":["https:\/\/ajt.morton.media\/fr\/contacter-ajt\/"]}]},{"@type":"BreadcrumbList","@id":"https:\/\/ajt.morton.media\/fr\/contacter-ajt\/#breadcrumb","itemListElement":[{"@type":"ListItem","position":1,"name":"Home","item":"https:\/\/www.teamajt.com\/fr\/"},{"@type":"ListItem","position":2,"name":"Contacter AJT"}]},{"@type":"WebSite","@id":"https:\/\/www.teamajt.com\/#website","url":"https:\/\/www.teamajt.com\/","name":"AJT","description":"","publisher":{"@id":"https:\/\/www.teamajt.com\/#organization"},"potentialAction":[{"@type":"SearchAction","target":{"@type":"EntryPoint","urlTemplate":"https:\/\/www.teamajt.com\/?s={search_term_string}"},"query-input":"required name=search_term_string"}],"inLanguage":"fr-FR"},{"@type":"Organization","@id":"https:\/\/www.teamajt.com\/#organization","name":"Anja Jones Translation","url":"https:\/\/www.teamajt.com\/","logo":{"@type":"ImageObject","inLanguage":"fr-FR","@id":"https:\/\/www.teamajt.com\/#\/schema\/logo\/image\/","url":"https:\/\/ajt.morton.media\/wp-content\/uploads\/ajt_logo.png","contentUrl":"https:\/\/ajt.morton.media\/wp-content\/uploads\/ajt_logo.png","width":889,"height":877,"caption":"Anja Jones Translation"},"image":{"@id":"https:\/\/www.teamajt.com\/#\/schema\/logo\/image\/"}}]}},"_links":{"self":[{"href":"https:\/\/ajt.morton.media\/fr\/wp-json\/wp\/v2\/pages\/49973"}],"collection":[{"href":"https:\/\/ajt.morton.media\/fr\/wp-json\/wp\/v2\/pages"}],"about":[{"href":"https:\/\/ajt.morton.media\/fr\/wp-json\/wp\/v2\/types\/page"}],"author":[{"embeddable":true,"href":"https:\/\/ajt.morton.media\/fr\/wp-json\/wp\/v2\/users\/1"}],"replies":[{"embeddable":true,"href":"https:\/\/ajt.morton.media\/fr\/wp-json\/wp\/v2\/comments?post=49973"}],"version-history":[{"count":9,"href":"https:\/\/ajt.morton.media\/fr\/wp-json\/wp\/v2\/pages\/49973\/revisions"}],"predecessor-version":[{"id":55514,"href":"https:\/\/ajt.morton.media\/fr\/wp-json\/wp\/v2\/pages\/49973\/revisions\/55514"}],"wp:attachment":[{"href":"https:\/\/ajt.morton.media\/fr\/wp-json\/wp\/v2\/media?parent=49973"}],"curies":[{"name":"wp","href":"https:\/\/api.w.org\/{rel}","templated":true}]}}