

 
{"id":49977,"date":"2022-07-07T16:29:26","date_gmt":"2022-07-07T15:29:26","guid":{"rendered":"https:\/\/ajt.morton.media\/?page_id=49977"},"modified":"2022-07-11T09:31:29","modified_gmt":"2022-07-11T08:31:29","slug":"services-de-traduction-ethiques","status":"publish","type":"page","link":"https:\/\/ajt.morton.media\/fr\/nos-services\/services-de-traduction-ethiques\/","title":{"rendered":"Services de traduction \u00e9thiques"},"content":{"rendered":"<p>[vc_row full_width=\u00a0\u00bbstretch_row\u00a0\u00bb css=\u00a0\u00bb.vc_custom_1653562892545{padding-top: 5vh !important;padding-bottom: 3vh !important;}\u00a0\u00bb][vc_column width=\u00a0\u00bb1\/5&Prime;][\/vc_column][vc_column width=\u00a0\u00bb3\/5&Prime;][vc_column_text]<\/p>\n<h1>Services de traduction \u00e9thiques<\/h1>\n<p>[\/vc_column_text][\/vc_column][vc_column width=\u00a0\u00bb1\/5&Prime;][\/vc_column][\/vc_row][vc_row css=\u00a0\u00bb.vc_custom_1653562911590{padding-top: 3vh !important;padding-bottom: 3vh !important;}\u00a0\u00bb][vc_column width=\u00a0\u00bb1\/5&Prime;][\/vc_column][vc_column width=\u00a0\u00bb3\/5&Prime;][vc_column_text]<\/p>\n<h4>Vous cherchez un prestataire de traduction \u00e9thique pour vous aider \u00e0 r\u00e9ussir \u00e0 l\u2019\u00e9chelle internationale, tout en conservant des niveaux \u00e9lev\u00e9s de performances sociales et environnementales dans votre entreprise\u00a0? Vous avez frapp\u00e9 \u00e0 la bonne porte.<\/h4>\n<p>Chez AJT, nous nous engageons \u00e0 fournir \u00e0 notre client\u00e8le des services de traduction et de localisation responsables sur le plan social et environnemental. Nous faisons passer les individus et les objectifs avant le profit, et chacun de nos actes est guid\u00e9 par la volont\u00e9 de cr\u00e9er un impact positif.<\/p>\n<p>Nous pensons que chaque entreprise a le pouvoir d\u2019agir dans le bon sens, et c\u2019est avec fiert\u00e9 que nous constatons l\u2019impact positif de nos actions. Des salaires justes que nous offrons \u00e0 nos linguistes de talent \u00e0 notre choix de travailler avec des prestataires de services qui respectent l\u2019environnement, chacune de nos d\u00e9cisions est motiv\u00e9e par notre engagement en faveur de la performance sociale et environnementale.<\/p>\n<p>Nous croyons fermement qu\u2019il est de notre responsabilit\u00e9 de r\u00e9fl\u00e9chir aux cons\u00e9quences que peuvent avoir nos d\u00e9cisions sur nos coll\u00e8gues, notre client\u00e8le, nos communaut\u00e9s et l\u2019environnement. Nous voulons faire partie d\u2019un r\u00e9seau d\u2019entreprises qui participe activement \u00e0 la construction d\u2019une \u00e9conomie inclusive et durable, tout en contribuant \u00e0 la protection et \u00e0 la pr\u00e9servation de nos \u00e9cosyst\u00e8mes.<\/p>\n<p>En quoi cet aspect vous concerne-t-il, en tant qu\u2019entreprise cliente\u00a0? Si vous et votre organisation partagez notre vision d\u2019une \u00e9conomie juste, inclusive et durable, alors choisissez un prestataire de traduction \u00e9thique, qui vous rapprochera de la cr\u00e9ation d\u2019une cha\u00eene logistique responsable et de la r\u00e9alisation de vos propres objectifs de performances sociales et environnementales. Mais choisir un prestataire \u00e9thique comporte un autre atout. Nous pensons en effet que des linguistes enthousiastes qui b\u00e9n\u00e9ficient d\u2019une reconnaissance et d\u2019une r\u00e9mun\u00e9ration \u00e0 leur juste valeur livrent de meilleures traductions. Et de meilleures traductions produisent un impact plus fort qui, \u00e0 son tour, g\u00e9n\u00e8re un retour sur investissement plus \u00e9lev\u00e9.[\/vc_column_text][\/vc_column][vc_column width=\u00a0\u00bb1\/5&Prime;][\/vc_column][\/vc_row][vc_row css=\u00a0\u00bb.vc_custom_1653562911590{padding-top: 3vh !important;padding-bottom: 3vh !important;}\u00a0\u00bb][vc_column width=\u00a0\u00bb1\/5&Prime;][\/vc_column][vc_column width=\u00a0\u00bb3\/5&Prime;][vc_column_text]<\/p>\n<h2>R\u00e9mun\u00e9ration juste<\/h2>\n<p>Nous nous engageons en faveur d\u2019un emploi juste et responsable. Nous r\u00e9mun\u00e9rons nos \u00e9quipes selon le Real Living Wage (salaire calcul\u00e9 sur le co\u00fbt de la vie), conform\u00e9ment aux directives de la Living Wage Foundation. De la m\u00eame mani\u00e8re, nous nous engageons \u00e0 payer des prix justes \u00e0 nos linguistes freelance.[\/vc_column_text][\/vc_column][vc_column width=\u00a0\u00bb1\/5&Prime;][\/vc_column][\/vc_row][vc_row css=\u00a0\u00bb.vc_custom_1653562911590{padding-top: 3vh !important;padding-bottom: 3vh !important;}\u00a0\u00bb][vc_column width=\u00a0\u00bb1\/5&Prime;][\/vc_column][vc_column width=\u00a0\u00bb3\/5&Prime;][vc_column_text]<\/p>\n<h2>\u00c9galit\u00e9 des chances<\/h2>\n<p>En mati\u00e8re de recrutement, nous sommes une entreprise soucieuse de l\u2019\u00e9galit\u00e9 des chances. Nous encourageons un environnement d\u00e9pourvu de toute forme de discrimination ill\u00e9gale ou injuste et nous valorisons la diversit\u00e9 de chaque personne.[\/vc_column_text][\/vc_column][vc_column width=\u00a0\u00bb1\/5&Prime;][\/vc_column][\/vc_row][vc_row css=\u00a0\u00bb.vc_custom_1653563091978{padding-top: 3vh !important;padding-bottom: 15vh !important;}\u00a0\u00bb][vc_column width=\u00a0\u00bb1\/5&Prime;][\/vc_column][vc_column width=\u00a0\u00bb3\/5&Prime;][vc_column_text]<\/p>\n<h2>Impact environnemental<\/h2>\n<p>Nous nous engageons \u00e0 minimiser l\u2019impact de nos activit\u00e9s sur l\u2019environnement. Notre entreprise est enti\u00e8rement bas\u00e9e sur le cloud et d\u00e9mat\u00e9rialis\u00e9e. Nous choisissons et valorisons des produits et services \u00e9cologiques et durables au sein de notre entreprise.[\/vc_column_text][\/vc_column][vc_column width=\u00a0\u00bb1\/5&Prime;][\/vc_column][\/vc_row]<\/p>\n<div id=\"excerpt\" class=\"memsource-post-attribute\">\n<div class=\"memsource-post-attribute-end\"><\/div>\n<\/div>\n","protected":false},"excerpt":{"rendered":"<p>[vc_row full_width=\u00a0\u00bbstretch_row\u00a0\u00bb css=\u00a0\u00bb.vc_custom_1653562892545{padding-top: 5vh !important;padding-bottom: 3vh !important;}\u00a0\u00bb][vc_column width=\u00a0\u00bb1\/5&Prime;][\/vc_column][vc_column width=\u00a0\u00bb3\/5&Prime;][vc_column_text] Services de traduction \u00e9thiques [\/vc_column_text][\/vc_column][vc_column width=\u00a0\u00bb1\/5&Prime;][\/vc_column][\/vc_row][vc_row css=\u00a0\u00bb.vc_custom_1653562911590{padding-top: 3vh !important;padding-bottom: 3vh !important;}\u00a0\u00bb][vc_column width=\u00a0\u00bb1\/5&Prime;][\/vc_column][vc_column width=\u00a0\u00bb3\/5&Prime;][vc_column_text] Vous cherchez un prestataire de traduction \u00e9thique pour vous aider \u00e0 r\u00e9ussir \u00e0 l\u2019\u00e9chelle internationale, tout en conservant des niveaux \u00e9lev\u00e9s de performances sociales et environnementales dans votre entreprise\u00a0? Vous avez frapp\u00e9 \u00e0<\/p>\n","protected":false},"author":2,"featured_media":0,"parent":49997,"menu_order":3,"comment_status":"closed","ping_status":"closed","template":"","meta":{"inline_featured_image":false},"yoast_head":"<!-- This site is optimized with the Yoast SEO plugin v19.10 - https:\/\/yoast.com\/wordpress\/plugins\/seo\/ -->\n<title>Services de traduction et de localisation \u00e9thiques | AJT<\/title>\n<meta name=\"description\" content=\"Nous nous engageons \u00e0 fournir \u00e0 notre client\u00e8le des services de traduction et de localisation responsables sur le plan social et environnemental. D\u00e9couvrez notre fonctionnement.\" \/>\n<meta name=\"robots\" content=\"index, follow, max-snippet:-1, max-image-preview:large, max-video-preview:-1\" \/>\n<link rel=\"canonical\" href=\"https:\/\/ajt.morton.media\/fr\/nos-services\/services-de-traduction-ethiques\/\" \/>\n<meta property=\"og:locale\" content=\"fr_FR\" \/>\n<meta property=\"og:type\" content=\"article\" \/>\n<meta property=\"og:title\" content=\"Services de traduction et de localisation \u00e9thiques | AJT\" \/>\n<meta property=\"og:description\" content=\"Nous nous engageons \u00e0 fournir \u00e0 notre client\u00e8le des services de traduction et de localisation responsables sur le plan social et environnemental. D\u00e9couvrez notre fonctionnement.\" \/>\n<meta property=\"og:url\" content=\"https:\/\/ajt.morton.media\/fr\/nos-services\/services-de-traduction-ethiques\/\" \/>\n<meta property=\"og:site_name\" content=\"AJT\" \/>\n<meta property=\"article:modified_time\" content=\"2022-07-11T08:31:29+00:00\" \/>\n<meta name=\"twitter:label1\" content=\"Dur\u00e9e de lecture estim\u00e9e\" \/>\n\t<meta name=\"twitter:data1\" content=\"3 minutes\" \/>\n<script type=\"application\/ld+json\" class=\"yoast-schema-graph\">{\"@context\":\"https:\/\/schema.org\",\"@graph\":[{\"@type\":\"WebPage\",\"@id\":\"https:\/\/ajt.morton.media\/fr\/nos-services\/services-de-traduction-ethiques\/\",\"url\":\"https:\/\/ajt.morton.media\/fr\/nos-services\/services-de-traduction-ethiques\/\",\"name\":\"Services de traduction et de localisation \u00e9thiques | AJT\",\"isPartOf\":{\"@id\":\"https:\/\/www.teamajt.com\/#website\"},\"datePublished\":\"2022-07-07T15:29:26+00:00\",\"dateModified\":\"2022-07-11T08:31:29+00:00\",\"description\":\"Nous nous engageons \u00e0 fournir \u00e0 notre client\u00e8le des services de traduction et de localisation responsables sur le plan social et environnemental. D\u00e9couvrez notre fonctionnement.\",\"breadcrumb\":{\"@id\":\"https:\/\/ajt.morton.media\/fr\/nos-services\/services-de-traduction-ethiques\/#breadcrumb\"},\"inLanguage\":\"fr-FR\",\"potentialAction\":[{\"@type\":\"ReadAction\",\"target\":[\"https:\/\/ajt.morton.media\/fr\/nos-services\/services-de-traduction-ethiques\/\"]}]},{\"@type\":\"BreadcrumbList\",\"@id\":\"https:\/\/ajt.morton.media\/fr\/nos-services\/services-de-traduction-ethiques\/#breadcrumb\",\"itemListElement\":[{\"@type\":\"ListItem\",\"position\":1,\"name\":\"Home\",\"item\":\"https:\/\/www.teamajt.com\/fr\/\"},{\"@type\":\"ListItem\",\"position\":2,\"name\":\"Nos services\",\"item\":\"https:\/\/www.teamajt.com\/fr\/nos-services\/\"},{\"@type\":\"ListItem\",\"position\":3,\"name\":\"Services de traduction \u00e9thiques\"}]},{\"@type\":\"WebSite\",\"@id\":\"https:\/\/www.teamajt.com\/#website\",\"url\":\"https:\/\/www.teamajt.com\/\",\"name\":\"AJT\",\"description\":\"\",\"publisher\":{\"@id\":\"https:\/\/www.teamajt.com\/#organization\"},\"potentialAction\":[{\"@type\":\"SearchAction\",\"target\":{\"@type\":\"EntryPoint\",\"urlTemplate\":\"https:\/\/www.teamajt.com\/?s={search_term_string}\"},\"query-input\":\"required name=search_term_string\"}],\"inLanguage\":\"fr-FR\"},{\"@type\":\"Organization\",\"@id\":\"https:\/\/www.teamajt.com\/#organization\",\"name\":\"Anja Jones Translation\",\"url\":\"https:\/\/www.teamajt.com\/\",\"logo\":{\"@type\":\"ImageObject\",\"inLanguage\":\"fr-FR\",\"@id\":\"https:\/\/www.teamajt.com\/#\/schema\/logo\/image\/\",\"url\":\"https:\/\/ajt.morton.media\/wp-content\/uploads\/ajt_logo.png\",\"contentUrl\":\"https:\/\/ajt.morton.media\/wp-content\/uploads\/ajt_logo.png\",\"width\":889,\"height\":877,\"caption\":\"Anja Jones Translation\"},\"image\":{\"@id\":\"https:\/\/www.teamajt.com\/#\/schema\/logo\/image\/\"}}]}<\/script>\n<!-- \/ Yoast SEO plugin. -->","yoast_head_json":{"title":"Services de traduction et de localisation \u00e9thiques | AJT","description":"Nous nous engageons \u00e0 fournir \u00e0 notre client\u00e8le des services de traduction et de localisation responsables sur le plan social et environnemental. D\u00e9couvrez notre fonctionnement.","robots":{"index":"index","follow":"follow","max-snippet":"max-snippet:-1","max-image-preview":"max-image-preview:large","max-video-preview":"max-video-preview:-1"},"canonical":"https:\/\/ajt.morton.media\/fr\/nos-services\/services-de-traduction-ethiques\/","og_locale":"fr_FR","og_type":"article","og_title":"Services de traduction et de localisation \u00e9thiques | AJT","og_description":"Nous nous engageons \u00e0 fournir \u00e0 notre client\u00e8le des services de traduction et de localisation responsables sur le plan social et environnemental. D\u00e9couvrez notre fonctionnement.","og_url":"https:\/\/ajt.morton.media\/fr\/nos-services\/services-de-traduction-ethiques\/","og_site_name":"AJT","article_modified_time":"2022-07-11T08:31:29+00:00","twitter_misc":{"Dur\u00e9e de lecture estim\u00e9e":"3 minutes"},"schema":{"@context":"https:\/\/schema.org","@graph":[{"@type":"WebPage","@id":"https:\/\/ajt.morton.media\/fr\/nos-services\/services-de-traduction-ethiques\/","url":"https:\/\/ajt.morton.media\/fr\/nos-services\/services-de-traduction-ethiques\/","name":"Services de traduction et de localisation \u00e9thiques | AJT","isPartOf":{"@id":"https:\/\/www.teamajt.com\/#website"},"datePublished":"2022-07-07T15:29:26+00:00","dateModified":"2022-07-11T08:31:29+00:00","description":"Nous nous engageons \u00e0 fournir \u00e0 notre client\u00e8le des services de traduction et de localisation responsables sur le plan social et environnemental. D\u00e9couvrez notre fonctionnement.","breadcrumb":{"@id":"https:\/\/ajt.morton.media\/fr\/nos-services\/services-de-traduction-ethiques\/#breadcrumb"},"inLanguage":"fr-FR","potentialAction":[{"@type":"ReadAction","target":["https:\/\/ajt.morton.media\/fr\/nos-services\/services-de-traduction-ethiques\/"]}]},{"@type":"BreadcrumbList","@id":"https:\/\/ajt.morton.media\/fr\/nos-services\/services-de-traduction-ethiques\/#breadcrumb","itemListElement":[{"@type":"ListItem","position":1,"name":"Home","item":"https:\/\/www.teamajt.com\/fr\/"},{"@type":"ListItem","position":2,"name":"Nos services","item":"https:\/\/www.teamajt.com\/fr\/nos-services\/"},{"@type":"ListItem","position":3,"name":"Services de traduction \u00e9thiques"}]},{"@type":"WebSite","@id":"https:\/\/www.teamajt.com\/#website","url":"https:\/\/www.teamajt.com\/","name":"AJT","description":"","publisher":{"@id":"https:\/\/www.teamajt.com\/#organization"},"potentialAction":[{"@type":"SearchAction","target":{"@type":"EntryPoint","urlTemplate":"https:\/\/www.teamajt.com\/?s={search_term_string}"},"query-input":"required name=search_term_string"}],"inLanguage":"fr-FR"},{"@type":"Organization","@id":"https:\/\/www.teamajt.com\/#organization","name":"Anja Jones Translation","url":"https:\/\/www.teamajt.com\/","logo":{"@type":"ImageObject","inLanguage":"fr-FR","@id":"https:\/\/www.teamajt.com\/#\/schema\/logo\/image\/","url":"https:\/\/ajt.morton.media\/wp-content\/uploads\/ajt_logo.png","contentUrl":"https:\/\/ajt.morton.media\/wp-content\/uploads\/ajt_logo.png","width":889,"height":877,"caption":"Anja Jones Translation"},"image":{"@id":"https:\/\/www.teamajt.com\/#\/schema\/logo\/image\/"}}]}},"_links":{"self":[{"href":"https:\/\/ajt.morton.media\/fr\/wp-json\/wp\/v2\/pages\/49977"}],"collection":[{"href":"https:\/\/ajt.morton.media\/fr\/wp-json\/wp\/v2\/pages"}],"about":[{"href":"https:\/\/ajt.morton.media\/fr\/wp-json\/wp\/v2\/types\/page"}],"author":[{"embeddable":true,"href":"https:\/\/ajt.morton.media\/fr\/wp-json\/wp\/v2\/users\/2"}],"replies":[{"embeddable":true,"href":"https:\/\/ajt.morton.media\/fr\/wp-json\/wp\/v2\/comments?post=49977"}],"version-history":[{"count":1,"href":"https:\/\/ajt.morton.media\/fr\/wp-json\/wp\/v2\/pages\/49977\/revisions"}],"predecessor-version":[{"id":49978,"href":"https:\/\/ajt.morton.media\/fr\/wp-json\/wp\/v2\/pages\/49977\/revisions\/49978"}],"up":[{"embeddable":true,"href":"https:\/\/ajt.morton.media\/fr\/wp-json\/wp\/v2\/pages\/49997"}],"wp:attachment":[{"href":"https:\/\/ajt.morton.media\/fr\/wp-json\/wp\/v2\/media?parent=49977"}],"curies":[{"name":"wp","href":"https:\/\/api.w.org\/{rel}","templated":true}]}}