

 
{"id":49554,"date":"2022-06-13T09:57:33","date_gmt":"2022-06-13T08:57:33","guid":{"rendered":"https:\/\/ajt.morton.media\/?page_id=49554"},"modified":"2022-07-12T21:15:43","modified_gmt":"2022-07-12T20:15:43","slug":"il-codice-di-condotta-dei-nostri-fornitori","status":"publish","type":"page","link":"https:\/\/ajt.morton.media\/it\/il-codice-di-condotta-dei-nostri-fornitori\/","title":{"rendered":"Il Codice di Condotta dei nostri fornitori"},"content":{"rendered":"<p>[vc_row css=&#8221;.vc_custom_1653564507375{padding-top: 5vh !important;padding-bottom: 3vh !important;}&#8221;][vc_column width=&#8221;1\/5&#8243;][\/vc_column][vc_column width=&#8221;3\/5&#8243;][vc_column_text]<\/p>\n<h1>Il Codice di Condotta dei nostri fornitori<\/h1>\n<p>[\/vc_column_text][\/vc_column][vc_column width=&#8221;1\/5&#8243;][\/vc_column][\/vc_row][vc_row css=&#8221;.vc_custom_1653564540845{padding-top: 3vh !important;padding-bottom: 3vh !important;}&#8221;][vc_column width=&#8221;1\/5&#8243;][\/vc_column][vc_column width=&#8221;3\/5&#8243;][vc_column_text]<\/p>\n<h2>Introduzione<\/h2>\n<p>AJT \u00e8 composta da un gruppo variegato di professionisti di talento appassionati di lingue e comunicazione. Lavoriamo con molti dei marchi di maggior successo al mondo, offrendo servizi di traduzione di alta qualit\u00e0. Siamo giudicati non solo sulla base del lavoro che produciamo, ma anche di come ci comportiamo. In linea con il nostro <a href=\"https:\/\/ajt.morton.media\/code-of-ethics\/\">Codice Etico<\/a>, ci impegniamo a essere professionali, rispettosi, etici e onesti. Ci impegniamo anche a condurre le nostre attivit\u00e0 secondo i massimi standard di integrit\u00e0 sociale e ambientale.<\/p>\n<p>Siamo fermamente convinti di offrire un lavoro migliore quando collaboriamo con fornitori che condividono i nostri stessi valori e standard etici. Che tu sia un linguista freelance o un\u2019azienda, in quanto fornitore di AJT sei parte integrante del nostro ecosistema aziendale, e di conseguenza le tue azioni e i tuoi comportamenti (che collettivamente chiameremo \u201ccondotta professionale\u201d) si riflettono su AJT.\u00a0Se da un lato i nostri Termini e Condizioni costituiscono il quadro normativo della nostra relazione, dall\u2019altra il Codice di Condotta delinea gli standard minimi di condotta professionale che ci aspettiamo da tutti i nostri fornitori.[\/vc_column_text][\/vc_column][vc_column width=&#8221;1\/5&#8243;][\/vc_column][\/vc_row][vc_row css=&#8221;.vc_custom_1653564540845{padding-top: 3vh !important;padding-bottom: 3vh !important;}&#8221;][vc_column width=&#8221;1\/5&#8243;][\/vc_column][vc_column width=&#8221;3\/5&#8243;][vc_column_text]<\/p>\n<h2 class=\"p1\"><span class=\"s1\">Principi ambientali<\/span><\/h2>\n<h4 class=\"p1\"><span class=\"s1\">Prendiamo sul serio l\u2019impatto ambientale delle nostre operazioni e abbiamo attuato misure concrete per ridurre il pi\u00f9 possibile la nostra impronta.<\/span><\/h4>\n<p class=\"p2\"><span class=\"s1\">Come minimo, ci aspettiamo che tutti i nostri fornitori rispettino la legislazione locale e nazionale in tema di ambiente. In qualit\u00e0 di fornitore di AJT, devi assicurarti che le tue attivit\u00e0 abbiano il minor impatto possibile sull\u2019ambiente. Devi operare nel modo pi\u00f9 efficiente possibile e nel massimo rispetto dell\u2019ambiente. Ti incoraggiamo a fare del tuo meglio per ridurre o eliminare le emissioni generate dalle tue attivit\u00e0, preservare le risorse naturali, evitare o ridurre al minimo l\u2019uso di sostanze nocive e, ove possibile, promuovere il riuso e il riciclo dei rifiuti.<\/span><\/p>\n<p>[\/vc_column_text][\/vc_column][vc_column width=&#8221;1\/5&#8243;][\/vc_column][\/vc_row][vc_row css=&#8221;.vc_custom_1653564540845{padding-top: 3vh !important;padding-bottom: 3vh !important;}&#8221;][vc_column width=&#8221;1\/5&#8243;][\/vc_column][vc_column width=&#8221;3\/5&#8243;][vc_column_text]<\/p>\n<h2 class=\"p1\"><span class=\"s1\">Principi sociali<\/span><\/h2>\n<h4 class=\"p1\"><span class=\"s1\">Promuoviamo un ambiente libero da qualunque forma di discriminazione e apprezziamo la diversit\u00e0 di ognuno.<\/span><\/h4>\n<p class=\"p2\"><span class=\"s1\">Siamo tutti esseri umani e meritiamo di essere trattati come tali. Ci aspettiamo che i nostri fornitori trattino tutti, compresi clienti, subappaltatori e altre parti interessate, con il massimo del rispetto, della cortesia, dell\u2019onesta e dell\u2019equit\u00e0. I nostri fornitori non devono discriminare nessuno in base a razza, casta, nazionalit\u00e0, religione, et\u00e0, disabilit\u00e0, genere, stato civile, orientamento sessuale, appartenenza sindacale o politica.<\/span><\/p>\n<p>[\/vc_column_text][\/vc_column][vc_column width=&#8221;1\/5&#8243;][\/vc_column][\/vc_row][vc_row css=&#8221;.vc_custom_1653565014476{padding-top: 3vh !important;padding-bottom: 15vh !important;}&#8221;][vc_column width=&#8221;1\/5&#8243;][\/vc_column][vc_column width=&#8221;3\/5&#8243;][vc_column_text]<\/p>\n<h2 class=\"p1\"><span class=\"s1\">Principi professionali<\/span><\/h2>\n<h4 class=\"p2\"><span class=\"s1\">Siamo orgogliosi di costruire relazioni durature con i nostri clienti e fornitori; relazioni che sono basate sull\u2019onest\u00e0, sulla fiducia e sul rispetto reciproco.<\/span><\/h4>\n<p class=\"p3\"><span class=\"s1\">La nostra missione \u00e8 aiutare i clienti a compiere la propria: raggiungere il successo internazionale. Per questo trattiamo gli obiettivi dei nostri clienti come se fossero i nostri, e ci aspettiamo che i nostri fornitori facciano lo stesso. Non c\u2019\u00e8 un \u201cnoi\u201d e un \u201cloro\u201d. Lavoriamo tutti insieme per realizzare la nostra missione collettiva. Siamo onesti, leali e affidabili. Siamo trasparenti in tutto ci\u00f2 che facciamo, e ci aspettiamo che i nostri fornitori si comportino nello stesso modo.<\/span><\/p>\n<p>[\/vc_column_text][\/vc_column][vc_column width=&#8221;1\/5&#8243;][\/vc_column][\/vc_row][vc_row][vc_column][vc_column_text]<\/p>\n<div id=\"excerpt\" class=\"memsource-post-attribute\">\n<div class=\"memsource-post-attribute-end\"><\/div>\n<\/div>\n<p>[\/vc_column_text][\/vc_column][\/vc_row]<\/p>\n","protected":false},"excerpt":{"rendered":"<p>[vc_row css=&#8221;.vc_custom_1653564507375{padding-top: 5vh !important;padding-bottom: 3vh !important;}&#8221;][vc_column width=&#8221;1\/5&#8243;][\/vc_column][vc_column width=&#8221;3\/5&#8243;][vc_column_text] Il Codice di Condotta dei nostri fornitori [\/vc_column_text][\/vc_column][vc_column width=&#8221;1\/5&#8243;][\/vc_column][\/vc_row][vc_row css=&#8221;.vc_custom_1653564540845{padding-top: 3vh !important;padding-bottom: 3vh !important;}&#8221;][vc_column width=&#8221;1\/5&#8243;][\/vc_column][vc_column width=&#8221;3\/5&#8243;][vc_column_text] Introduzione AJT \u00e8 composta da un gruppo variegato di professionisti di talento appassionati di lingue e comunicazione. Lavoriamo con molti dei marchi di maggior successo al mondo, offrendo servizi di traduzione<\/p>\n","protected":false},"author":1,"featured_media":0,"parent":0,"menu_order":0,"comment_status":"closed","ping_status":"closed","template":"","meta":{"inline_featured_image":false},"yoast_head":"<!-- This site is optimized with the Yoast SEO plugin v19.10 - https:\/\/yoast.com\/wordpress\/plugins\/seo\/ -->\n<title>Il Codice di Condotta dei nostri fornitori | AJT<\/title>\n<meta name=\"description\" content=\"Il Codice di Condotta dei nostri fornitori delinea gli standard minimi di condotta professionale che ci aspettiamo da tutti i nostri fornitori.\" \/>\n<meta name=\"robots\" content=\"index, follow, max-snippet:-1, max-image-preview:large, max-video-preview:-1\" \/>\n<link rel=\"canonical\" href=\"https:\/\/ajt.morton.media\/it\/il-codice-di-condotta-dei-nostri-fornitori\/\" \/>\n<meta property=\"og:locale\" content=\"it_IT\" \/>\n<meta property=\"og:type\" content=\"article\" \/>\n<meta property=\"og:title\" content=\"Il Codice di Condotta dei nostri fornitori | AJT\" \/>\n<meta property=\"og:description\" content=\"Il Codice di Condotta dei nostri fornitori delinea gli standard minimi di condotta professionale che ci aspettiamo da tutti i nostri fornitori.\" \/>\n<meta property=\"og:url\" content=\"https:\/\/ajt.morton.media\/it\/il-codice-di-condotta-dei-nostri-fornitori\/\" \/>\n<meta property=\"og:site_name\" content=\"AJT\" \/>\n<meta property=\"article:modified_time\" content=\"2022-07-12T20:15:43+00:00\" \/>\n<meta name=\"twitter:label1\" content=\"Tempo di lettura stimato\" \/>\n\t<meta name=\"twitter:data1\" content=\"3 minuti\" \/>\n<script type=\"application\/ld+json\" class=\"yoast-schema-graph\">{\"@context\":\"https:\/\/schema.org\",\"@graph\":[{\"@type\":\"WebPage\",\"@id\":\"https:\/\/ajt.morton.media\/it\/il-codice-di-condotta-dei-nostri-fornitori\/\",\"url\":\"https:\/\/ajt.morton.media\/it\/il-codice-di-condotta-dei-nostri-fornitori\/\",\"name\":\"Il Codice di Condotta dei nostri fornitori | AJT\",\"isPartOf\":{\"@id\":\"https:\/\/www.teamajt.com\/#website\"},\"datePublished\":\"2022-06-13T08:57:33+00:00\",\"dateModified\":\"2022-07-12T20:15:43+00:00\",\"description\":\"Il Codice di Condotta dei nostri fornitori delinea gli standard minimi di condotta professionale che ci aspettiamo da tutti i nostri fornitori.\",\"breadcrumb\":{\"@id\":\"https:\/\/ajt.morton.media\/it\/il-codice-di-condotta-dei-nostri-fornitori\/#breadcrumb\"},\"inLanguage\":\"it-IT\",\"potentialAction\":[{\"@type\":\"ReadAction\",\"target\":[\"https:\/\/ajt.morton.media\/it\/il-codice-di-condotta-dei-nostri-fornitori\/\"]}]},{\"@type\":\"BreadcrumbList\",\"@id\":\"https:\/\/ajt.morton.media\/it\/il-codice-di-condotta-dei-nostri-fornitori\/#breadcrumb\",\"itemListElement\":[{\"@type\":\"ListItem\",\"position\":1,\"name\":\"Home\",\"item\":\"https:\/\/www.teamajt.com\/it\/\"},{\"@type\":\"ListItem\",\"position\":2,\"name\":\"Il Codice di Condotta dei nostri fornitori\"}]},{\"@type\":\"WebSite\",\"@id\":\"https:\/\/www.teamajt.com\/#website\",\"url\":\"https:\/\/www.teamajt.com\/\",\"name\":\"AJT\",\"description\":\"\",\"publisher\":{\"@id\":\"https:\/\/www.teamajt.com\/#organization\"},\"potentialAction\":[{\"@type\":\"SearchAction\",\"target\":{\"@type\":\"EntryPoint\",\"urlTemplate\":\"https:\/\/www.teamajt.com\/?s={search_term_string}\"},\"query-input\":\"required name=search_term_string\"}],\"inLanguage\":\"it-IT\"},{\"@type\":\"Organization\",\"@id\":\"https:\/\/www.teamajt.com\/#organization\",\"name\":\"Anja Jones Translation\",\"url\":\"https:\/\/www.teamajt.com\/\",\"logo\":{\"@type\":\"ImageObject\",\"inLanguage\":\"it-IT\",\"@id\":\"https:\/\/www.teamajt.com\/#\/schema\/logo\/image\/\",\"url\":\"https:\/\/ajt.morton.media\/wp-content\/uploads\/ajt_logo.png\",\"contentUrl\":\"https:\/\/ajt.morton.media\/wp-content\/uploads\/ajt_logo.png\",\"width\":889,\"height\":877,\"caption\":\"Anja Jones Translation\"},\"image\":{\"@id\":\"https:\/\/www.teamajt.com\/#\/schema\/logo\/image\/\"}}]}<\/script>\n<!-- \/ Yoast SEO plugin. -->","yoast_head_json":{"title":"Il Codice di Condotta dei nostri fornitori | AJT","description":"Il Codice di Condotta dei nostri fornitori delinea gli standard minimi di condotta professionale che ci aspettiamo da tutti i nostri fornitori.","robots":{"index":"index","follow":"follow","max-snippet":"max-snippet:-1","max-image-preview":"max-image-preview:large","max-video-preview":"max-video-preview:-1"},"canonical":"https:\/\/ajt.morton.media\/it\/il-codice-di-condotta-dei-nostri-fornitori\/","og_locale":"it_IT","og_type":"article","og_title":"Il Codice di Condotta dei nostri fornitori | AJT","og_description":"Il Codice di Condotta dei nostri fornitori delinea gli standard minimi di condotta professionale che ci aspettiamo da tutti i nostri fornitori.","og_url":"https:\/\/ajt.morton.media\/it\/il-codice-di-condotta-dei-nostri-fornitori\/","og_site_name":"AJT","article_modified_time":"2022-07-12T20:15:43+00:00","twitter_misc":{"Tempo di lettura stimato":"3 minuti"},"schema":{"@context":"https:\/\/schema.org","@graph":[{"@type":"WebPage","@id":"https:\/\/ajt.morton.media\/it\/il-codice-di-condotta-dei-nostri-fornitori\/","url":"https:\/\/ajt.morton.media\/it\/il-codice-di-condotta-dei-nostri-fornitori\/","name":"Il Codice di Condotta dei nostri fornitori | AJT","isPartOf":{"@id":"https:\/\/www.teamajt.com\/#website"},"datePublished":"2022-06-13T08:57:33+00:00","dateModified":"2022-07-12T20:15:43+00:00","description":"Il Codice di Condotta dei nostri fornitori delinea gli standard minimi di condotta professionale che ci aspettiamo da tutti i nostri fornitori.","breadcrumb":{"@id":"https:\/\/ajt.morton.media\/it\/il-codice-di-condotta-dei-nostri-fornitori\/#breadcrumb"},"inLanguage":"it-IT","potentialAction":[{"@type":"ReadAction","target":["https:\/\/ajt.morton.media\/it\/il-codice-di-condotta-dei-nostri-fornitori\/"]}]},{"@type":"BreadcrumbList","@id":"https:\/\/ajt.morton.media\/it\/il-codice-di-condotta-dei-nostri-fornitori\/#breadcrumb","itemListElement":[{"@type":"ListItem","position":1,"name":"Home","item":"https:\/\/www.teamajt.com\/it\/"},{"@type":"ListItem","position":2,"name":"Il Codice di Condotta dei nostri fornitori"}]},{"@type":"WebSite","@id":"https:\/\/www.teamajt.com\/#website","url":"https:\/\/www.teamajt.com\/","name":"AJT","description":"","publisher":{"@id":"https:\/\/www.teamajt.com\/#organization"},"potentialAction":[{"@type":"SearchAction","target":{"@type":"EntryPoint","urlTemplate":"https:\/\/www.teamajt.com\/?s={search_term_string}"},"query-input":"required name=search_term_string"}],"inLanguage":"it-IT"},{"@type":"Organization","@id":"https:\/\/www.teamajt.com\/#organization","name":"Anja Jones Translation","url":"https:\/\/www.teamajt.com\/","logo":{"@type":"ImageObject","inLanguage":"it-IT","@id":"https:\/\/www.teamajt.com\/#\/schema\/logo\/image\/","url":"https:\/\/ajt.morton.media\/wp-content\/uploads\/ajt_logo.png","contentUrl":"https:\/\/ajt.morton.media\/wp-content\/uploads\/ajt_logo.png","width":889,"height":877,"caption":"Anja Jones Translation"},"image":{"@id":"https:\/\/www.teamajt.com\/#\/schema\/logo\/image\/"}}]}},"_links":{"self":[{"href":"https:\/\/ajt.morton.media\/it\/wp-json\/wp\/v2\/pages\/49554"}],"collection":[{"href":"https:\/\/ajt.morton.media\/it\/wp-json\/wp\/v2\/pages"}],"about":[{"href":"https:\/\/ajt.morton.media\/it\/wp-json\/wp\/v2\/types\/page"}],"author":[{"embeddable":true,"href":"https:\/\/ajt.morton.media\/it\/wp-json\/wp\/v2\/users\/1"}],"replies":[{"embeddable":true,"href":"https:\/\/ajt.morton.media\/it\/wp-json\/wp\/v2\/comments?post=49554"}],"version-history":[{"count":3,"href":"https:\/\/ajt.morton.media\/it\/wp-json\/wp\/v2\/pages\/49554\/revisions"}],"predecessor-version":[{"id":50820,"href":"https:\/\/ajt.morton.media\/it\/wp-json\/wp\/v2\/pages\/49554\/revisions\/50820"}],"wp:attachment":[{"href":"https:\/\/ajt.morton.media\/it\/wp-json\/wp\/v2\/media?parent=49554"}],"curies":[{"name":"wp","href":"https:\/\/api.w.org\/{rel}","templated":true}]}}