

 
{"id":49566,"date":"2022-06-13T10:13:10","date_gmt":"2022-06-13T09:13:10","guid":{"rendered":"https:\/\/ajt.morton.media\/?page_id=49566"},"modified":"2022-07-16T16:36:16","modified_gmt":"2022-07-16T15:36:16","slug":"il-codice-di-condotta-del-nostro-team","status":"publish","type":"page","link":"https:\/\/ajt.morton.media\/it\/il-codice-di-condotta-del-nostro-team\/","title":{"rendered":"Il Codice di Condotta del nostro team"},"content":{"rendered":"<p>[vc_row css=&#8221;.vc_custom_1653563807940{padding-top: 5vh !important;padding-bottom: 3vh !important;}&#8221;][vc_column width=&#8221;1\/5&#8243;][\/vc_column][vc_column width=&#8221;3\/5&#8243;][vc_column_text]<\/p>\n<h1>Il Codice di Condotta del nostro team<\/h1>\n<p>[\/vc_column_text][\/vc_column][vc_column width=&#8221;1\/5&#8243;][\/vc_column][\/vc_row][vc_row css=&#8221;.vc_custom_1653563858487{padding-top: 3vh !important;padding-bottom: 3vh !important;}&#8221;][vc_column width=&#8221;1\/5&#8243;][\/vc_column][vc_column width=&#8221;3\/5&#8243;][vc_column_text]<\/p>\n<h2>Introduzione<\/h2>\n<p>AJT \u00e8 composta da un gruppo variegato di professionisti di talento appassionati di lingue e comunicazione. Lavoriamo con molti dei marchi di maggior successo al mondo, offrendo servizi di traduzione di alta qualit\u00e0. Siamo giudicati non solo sulla base del lavoro che produciamo, ma anche di come ci comportiamo. A livello di azienda siamo professionali, rispettosi e onesti. Conduciamo le nostre attivit\u00e0 secondo gli standard pi\u00f9 elevati in termini di integrit\u00e0 sociale e ambientale. In qualit\u00e0 di individui, siamo noi a dare forma a Team AJT, e ci\u00f2 significa che ciascuno di noi, nel suo piccolo, deve vivere in linea con questi valori.<\/p>\n<p>Se da un lato i nostri contratti di assunzione e di lavoro in-house da remoto costituiscono il quadro normativo delle relazioni con i nostri dipendenti, dall\u2019altro il Codice di Condotta delinea gli standard minimi di condotta professionale che ci aspettiamo dai membri del nostro team.\u00a0Il Codice di Condotta \u00e8 un insieme di principi che funge da guida per le nostre azioni e i nostri atteggiamenti, e riflette i valori del nostro <a href=\"https:\/\/ajt.morton.media\/code-of-ethics\/\">Codice Etico<\/a>. Ci aiuta a rispettare la legge e a comportarci al meglio delle nostre capacit\u00e0 quando interagiamo con i colleghi, i clienti o la comunit\u00e0.[\/vc_column_text][\/vc_column][vc_column width=&#8221;1\/5&#8243;][\/vc_column][\/vc_row][vc_row css=&#8221;.vc_custom_1653563858487{padding-top: 3vh !important;padding-bottom: 3vh !important;}&#8221;][vc_column width=&#8221;1\/5&#8243;][\/vc_column][vc_column width=&#8221;3\/5&#8243;][vc_column_text]<\/p>\n<h2>Principi etici<\/h2>\n<p>Ci impegniamo ad agire in modo etico e socialmente responsabile. Tutte le nostre azioni e i nostri comportamenti devono attenersi ai termini contrattuali e a tutte le leggi locali, nazionali e internazionali applicabili.[\/vc_column_text][\/vc_column][vc_column width=&#8221;1\/5&#8243;][\/vc_column][\/vc_row][vc_row css=&#8221;.vc_custom_1653563858487{padding-top: 3vh !important;padding-bottom: 3vh !important;}&#8221;][vc_column width=&#8221;1\/5&#8243;][\/vc_column][vc_column width=&#8221;3\/5&#8243;][vc_column_text]<\/p>\n<h2>Principi ambientali<\/h2>\n<p>Prendiamo sul serio l\u2019impatto ambientale delle nostre operazioni e abbiamo attuato misure concrete per ridurre il pi\u00f9 possibile la nostra impronta. Dobbiamo assicurarci che le nostre attivit\u00e0 abbiano il minor impatto possibile sull\u2019ambiente. Ci impegniamo a operare nel modo pi\u00f9 efficiente possibile e nel massimo rispetto dell\u2019ambiente. Incoraggiamo ogni membro del nostro team a fare del suo meglio per ridurre o eliminare le emissioni generate dalle proprie attivit\u00e0, preservare le risorse naturali, evitare o ridurre al minimo l\u2019uso di sostanze nocive e, ove possibile, promuovere il riuso e il riciclo dei rifiuti.[\/vc_column_text][\/vc_column][vc_column width=&#8221;1\/5&#8243;][\/vc_column][\/vc_row][vc_row css=&#8221;.vc_custom_1653563858487{padding-top: 3vh !important;padding-bottom: 3vh !important;}&#8221;][vc_column width=&#8221;1\/5&#8243;][\/vc_column][vc_column width=&#8221;3\/5&#8243;][vc_column_text]<\/p>\n<h2 class=\"p1\"><span class=\"s1\">Principi sociali<\/span><\/h2>\n<p class=\"p2\"><span class=\"s1\">Promuoviamo un ambiente libero da qualunque forma di discriminazione e apprezziamo la diversit\u00e0 di ognuno. Siamo tutti esseri umani e meritiamo di essere trattati come tali. Trattiamo tutti, compresi clienti, membri del team, fornitori e altre parti interessate, con il massimo del rispetto, della cortesia, dell\u2019onesta e dell\u2019equit\u00e0. Non discriminiamo nessuno in base a razza, casta, nazionalit\u00e0, religione, et\u00e0, disabilit\u00e0, genere, stato civile, orientamento sessuale, appartenenza sindacale o politica.<\/span><\/p>\n<p class=\"p2\"><span class=\"s1\">Non tolleriamo approcci sessuali, insulti, atti o commenti a sfondo razziale o religioso, n\u00e9 qualsiasi altro tipo di condotta sul luogo di lavoro che crei un ambiente intimidatorio, offensivo od ostile. Ciascuno di noi \u00e8 responsabile di fare in modo che l\u2019azienda rimanga un ambiente privo di ostilit\u00e0. Se riscontriamo qualsiasi comportamento che non rispetta questa politica, lo segnaleremo al\/la manager di linea o al gruppo dirigente.<\/span><\/p>\n<p>[\/vc_column_text][\/vc_column][vc_column width=&#8221;1\/5&#8243;][\/vc_column][\/vc_row][vc_row css=&#8221;.vc_custom_1653563858487{padding-top: 3vh !important;padding-bottom: 3vh !important;}&#8221;][vc_column width=&#8221;1\/5&#8243;][\/vc_column][vc_column width=&#8221;3\/5&#8243;][vc_column_text]<\/p>\n<h2 class=\"p1\"><span class=\"s1\">Principi professionali<\/span><\/h2>\n<h4 class=\"p2\"><span class=\"s1\">Onest\u00e0, fiducia e rispetto reciproco<\/span><\/h4>\n<p class=\"p3\"><span class=\"s1\">Siamo orgogliosi di costruire relazioni durature con i nostri clienti e fornitori; relazioni che sono basate sull\u2019onest\u00e0, sulla fiducia e sul rispetto reciproco. La nostra missione \u00e8 aiutare i clienti a compiere la propria: raggiungere il successo internazionale. Per questo trattiamo gli obiettivi dei nostri clienti come se fossero i nostri. Non c\u2019\u00e8 un \u201cnoi\u201d e un \u201cloro\u201d. Lavoriamo tutti insieme per realizzare la nostra missione collettiva.<\/span><\/p>\n<h4 class=\"p1\"><span class=\"s1\">Un atteggiamento proattivo<\/span><\/h4>\n<p class=\"p2\"><span class=\"s1\">Ciascuno di noi ha il potere e la responsabilit\u00e0 di attuare un cambiamento nella nostra azienda. Indipendentemente dal nostro ruolo nella societ\u00e0 e da quanto tempo facciamo parte del team, siamo tutti ugualmente responsabili delle nostre azioni di fronte a un problema.<\/span><\/p>\n<p class=\"p2\"><span class=\"s1\">Riteniamo di lavorare al meglio quando sentiamo di avere il controllo del nostro ambiente e diventiamo artefici del nostro destino. Quando si presenta un problema al lavoro, lo vediamo come una sfida che possiamo affrontare e superare, piuttosto che come un problema che ci affligge. Se notiamo un problema o una potenziale difficolt\u00e0, a prescindere che ci riguardi direttamente o meno, lo facciamo nostro e lavoriamo in modo proattivo per risolverlo. Se non riusciamo a risolvere un problema da soli, chiediamo aiuto agli altri.<\/span><\/p>\n<h4 class=\"p1\"><span class=\"s1\">Chiedere aiuto<\/span><\/h4>\n<p class=\"p2\"><span class=\"s1\">\u00c8 normale chiedere aiuto agli altri: \u00e8 parte integrante del lavoro di squadra. Se abbiamo bisogno di aiuto al lavoro, lo segnaliamo al pi\u00f9 presto in modo che ci sia il tempo di trovare insieme una soluzione. Quando chiediamo aiuto cerchiamo di essere il pi\u00f9 specifici possibile: pensiamo a chi potrebbe essere nella posizione migliore per aiutarci e in che modo esattamente vorremmo che ci aiutasse.<\/span><\/p>\n<h4 class=\"p1\"><span class=\"s1\">Prenderci cura di noi stessi e degli altri<\/span><\/h4>\n<p class=\"p2\"><span class=\"s1\">Siamo convinti che lavoriamo al meglio quando siamo soddisfatti, ben seguiti e ben riposati. Ci assumiamo la responsabilit\u00e0 di prenderci cura della nostra salute mentale e fisica e di quella dei nostri colleghi. Siamo gentili, empatici e comprensivi. Sappiamo di poter chiedere aiuto e siamo incoraggiati a farlo, e sappiamo che verremo ascoltati.<\/span><\/p>\n<h4 class=\"p1\"><span class=\"s1\">Salvaguardare i nostri dati e quelli dei clienti<\/span><\/h4>\n<p class=\"p2\"><span class=\"s1\">Nell\u2019ambito del nostro lavoro veniamo a contatto con informazioni riservate. Le informazioni riservate comprendono tutte le informazioni non disponibili al pubblico che, se divulgate indebitamente, potrebbero avvantaggiare i nostri concorrenti oppure danneggiare la nostra azienda e i nostri clienti. Ecco alcuni esempi di informazioni riservate:<\/span><\/p>\n<ul class=\"ul1\">\n<li class=\"li3\"><span class=\"s1\">Qualunque informazione relativa ai prezzi (ad esempio, i prezzi che offriamo ai nostri clienti o le tariffe che paghiamo ai nostri traduttori)<\/span><\/li>\n<li class=\"li3\"><span class=\"s1\">Informazioni di contatto come indirizzi e-mail, indirizzi e numeri di telefono<\/span><\/li>\n<li class=\"li3\"><span class=\"s1\">Documenti dei clienti<\/span><\/li>\n<li class=\"li3\"><span class=\"s1\">Informazioni sul lancio imminente di un nuovo prodotto da parte di un cliente o relative alle campagne di marketing<\/span><\/li>\n<\/ul>\n<p class=\"p2\"><span class=\"s1\">Manteniamo la riservatezza delle informazioni confidateci da AJT e dai nostri clienti. \u00c8 particolarmente importante proteggere le informazioni aziendali non pubbliche. L\u2019uso o la pubblicazione non autorizzati di informazioni riguardanti piani, strategie, costi, prezzi o performance finanziarie potrebbe minacciare la posizione competitiva della nostra azienda, perci\u00f2 tali informazioni dovrebbero sempre rimanere riservate.<\/span><\/p>\n<p class=\"p2\"><span class=\"s1\">Utilizziamo i materiali affidatici dai clienti (ad esempio documenti, video, immagini) esclusivamente allo scopo di compiere il nostro lavoro. Non usiamo nessuno dei materiali dei nostri clienti per scopi personali e non condividiamo tali materiali con nessuno al di fuori della nostra organizzazione, se non allo scopo di portare a termine il nostro lavoro.<\/span><\/p>\n<p class=\"p2\"><span class=\"s1\">Il modo migliore per mantenere la riservatezza delle informazioni \u00e8 seguire le regole stabilite nei nostri contratti di assunzione e di lavoro in-house da remoto, oltre alle nostre informative sulla protezione dei dati, il lavoro da remoto e la gestione delle password.<\/span><\/p>\n<p>[\/vc_column_text][\/vc_column][vc_column width=&#8221;1\/5&#8243;][\/vc_column][\/vc_row][vc_row css=&#8221;.vc_custom_1653564105113{padding-top: 3vh !important;padding-bottom: 15vh !important;}&#8221;][vc_column width=&#8221;1\/5&#8243;][\/vc_column][vc_column width=&#8221;3\/5&#8243;][vc_column_text]<\/p>\n<h2 class=\"p1\"><span class=\"s1\">Evitare il conflitto di interessi<\/span><\/h2>\n<p class=\"p2\"><span class=\"s1\">Il conflitto di interessi si verifica quando i nostri interessi privati interferiscono (o sembrano interferire) in qualsiasi modo con gli interessi dell\u2019azienda nella sua interezza. Ognuno di noi ha la responsabilit\u00e0 di evitare qualunque attivit\u00e0 che comporti, o sembri comportare, un conflitto di interessi rispetto alle proprie mansioni professionali o agli interessi di AJT. Ecco alcuni esempi di conflitto di interessi:<\/span><\/p>\n<ul class=\"ul1\">\n<li class=\"li3\"><span class=\"s1\">Intraprendere un impiego o qualsiasi altra attivit\u00e0 che interferisca con la nostra capacit\u00e0 di dedicare il tempo e l\u2019attenzione necessari al nostro lavoro presso AJT<\/span><\/li>\n<li class=\"li3\"><span class=\"s1\">Detenere un interesse finanziario significativo rispetto a un cliente o concorrente attuale o futuro di AJT, o prestare servizio come dipendente, fornitore, consulente o direttore di tali entit\u00e0<\/span><\/li>\n<li class=\"li3\"><span class=\"s1\">Usare o pubblicare informazioni aziendali riservate per scopi diversi da quelli approvati da AJT<\/span><\/li>\n<li class=\"li3\"><span class=\"s1\">Usare indebitamente gli asset di AJT a vantaggio personale o di altri<\/span><\/li>\n<\/ul>\n<p><span class=\"s1\">Evitiamo qualsiasi attivit\u00e0, investimento o interesse che potrebbe creare un conflitto tra i nostri interessi personali e quelli di AJT.<\/span>[\/vc_column_text][\/vc_column][vc_column width=&#8221;1\/5&#8243;][\/vc_column][\/vc_row][vc_row][vc_column][vc_column_text]<\/p>\n<div id=\"excerpt\" class=\"memsource-post-attribute\">\n<div class=\"memsource-post-attribute-end\"><\/div>\n<\/div>\n<p>[\/vc_column_text][\/vc_column][\/vc_row]<\/p>\n","protected":false},"excerpt":{"rendered":"<p>[vc_row css=&#8221;.vc_custom_1653563807940{padding-top: 5vh !important;padding-bottom: 3vh !important;}&#8221;][vc_column width=&#8221;1\/5&#8243;][\/vc_column][vc_column width=&#8221;3\/5&#8243;][vc_column_text] Il Codice di Condotta del nostro team [\/vc_column_text][\/vc_column][vc_column width=&#8221;1\/5&#8243;][\/vc_column][\/vc_row][vc_row css=&#8221;.vc_custom_1653563858487{padding-top: 3vh !important;padding-bottom: 3vh !important;}&#8221;][vc_column width=&#8221;1\/5&#8243;][\/vc_column][vc_column width=&#8221;3\/5&#8243;][vc_column_text] Introduzione AJT \u00e8 composta da un gruppo variegato di professionisti di talento appassionati di lingue e comunicazione. Lavoriamo con molti dei marchi di maggior successo al mondo, offrendo servizi di traduzione<\/p>\n","protected":false},"author":1,"featured_media":0,"parent":0,"menu_order":0,"comment_status":"closed","ping_status":"closed","template":"","meta":{"inline_featured_image":false},"yoast_head":"<!-- This site is optimized with the Yoast SEO plugin v19.10 - https:\/\/yoast.com\/wordpress\/plugins\/seo\/ -->\n<title>Il Codice di Condotta del nostro team | AJT<\/title>\n<meta name=\"description\" content=\"Il nostro Codice di Condotta del nostro team delinea gli standard minimi di condotta professionale che ci aspettiamo da tutti i membri del nostro team.\" \/>\n<meta name=\"robots\" content=\"index, follow, max-snippet:-1, max-image-preview:large, max-video-preview:-1\" \/>\n<link rel=\"canonical\" href=\"https:\/\/ajt.morton.media\/it\/il-codice-di-condotta-del-nostro-team\/\" \/>\n<meta property=\"og:locale\" content=\"it_IT\" \/>\n<meta property=\"og:type\" content=\"article\" \/>\n<meta property=\"og:title\" content=\"Il Codice di Condotta del nostro team | AJT\" \/>\n<meta property=\"og:description\" content=\"Il nostro Codice di Condotta del nostro team delinea gli standard minimi di condotta professionale che ci aspettiamo da tutti i membri del nostro team.\" \/>\n<meta property=\"og:url\" content=\"https:\/\/ajt.morton.media\/it\/il-codice-di-condotta-del-nostro-team\/\" \/>\n<meta property=\"og:site_name\" content=\"AJT\" \/>\n<meta property=\"article:modified_time\" content=\"2022-07-16T15:36:16+00:00\" \/>\n<meta name=\"twitter:label1\" content=\"Tempo di lettura stimato\" \/>\n\t<meta name=\"twitter:data1\" content=\"6 minuti\" \/>\n<script type=\"application\/ld+json\" class=\"yoast-schema-graph\">{\"@context\":\"https:\/\/schema.org\",\"@graph\":[{\"@type\":\"WebPage\",\"@id\":\"https:\/\/ajt.morton.media\/it\/il-codice-di-condotta-del-nostro-team\/\",\"url\":\"https:\/\/ajt.morton.media\/it\/il-codice-di-condotta-del-nostro-team\/\",\"name\":\"Il Codice di Condotta del nostro team | AJT\",\"isPartOf\":{\"@id\":\"https:\/\/www.teamajt.com\/#website\"},\"datePublished\":\"2022-06-13T09:13:10+00:00\",\"dateModified\":\"2022-07-16T15:36:16+00:00\",\"description\":\"Il nostro Codice di Condotta del nostro team delinea gli standard minimi di condotta professionale che ci aspettiamo da tutti i membri del nostro team.\",\"breadcrumb\":{\"@id\":\"https:\/\/ajt.morton.media\/it\/il-codice-di-condotta-del-nostro-team\/#breadcrumb\"},\"inLanguage\":\"it-IT\",\"potentialAction\":[{\"@type\":\"ReadAction\",\"target\":[\"https:\/\/ajt.morton.media\/it\/il-codice-di-condotta-del-nostro-team\/\"]}]},{\"@type\":\"BreadcrumbList\",\"@id\":\"https:\/\/ajt.morton.media\/it\/il-codice-di-condotta-del-nostro-team\/#breadcrumb\",\"itemListElement\":[{\"@type\":\"ListItem\",\"position\":1,\"name\":\"Home\",\"item\":\"https:\/\/www.teamajt.com\/it\/\"},{\"@type\":\"ListItem\",\"position\":2,\"name\":\"Il Codice di Condotta del nostro team\"}]},{\"@type\":\"WebSite\",\"@id\":\"https:\/\/www.teamajt.com\/#website\",\"url\":\"https:\/\/www.teamajt.com\/\",\"name\":\"AJT\",\"description\":\"\",\"publisher\":{\"@id\":\"https:\/\/www.teamajt.com\/#organization\"},\"potentialAction\":[{\"@type\":\"SearchAction\",\"target\":{\"@type\":\"EntryPoint\",\"urlTemplate\":\"https:\/\/www.teamajt.com\/?s={search_term_string}\"},\"query-input\":\"required name=search_term_string\"}],\"inLanguage\":\"it-IT\"},{\"@type\":\"Organization\",\"@id\":\"https:\/\/www.teamajt.com\/#organization\",\"name\":\"Anja Jones Translation\",\"url\":\"https:\/\/www.teamajt.com\/\",\"logo\":{\"@type\":\"ImageObject\",\"inLanguage\":\"it-IT\",\"@id\":\"https:\/\/www.teamajt.com\/#\/schema\/logo\/image\/\",\"url\":\"https:\/\/ajt.morton.media\/wp-content\/uploads\/ajt_logo.png\",\"contentUrl\":\"https:\/\/ajt.morton.media\/wp-content\/uploads\/ajt_logo.png\",\"width\":889,\"height\":877,\"caption\":\"Anja Jones Translation\"},\"image\":{\"@id\":\"https:\/\/www.teamajt.com\/#\/schema\/logo\/image\/\"}}]}<\/script>\n<!-- \/ Yoast SEO plugin. -->","yoast_head_json":{"title":"Il Codice di Condotta del nostro team | AJT","description":"Il nostro Codice di Condotta del nostro team delinea gli standard minimi di condotta professionale che ci aspettiamo da tutti i membri del nostro team.","robots":{"index":"index","follow":"follow","max-snippet":"max-snippet:-1","max-image-preview":"max-image-preview:large","max-video-preview":"max-video-preview:-1"},"canonical":"https:\/\/ajt.morton.media\/it\/il-codice-di-condotta-del-nostro-team\/","og_locale":"it_IT","og_type":"article","og_title":"Il Codice di Condotta del nostro team | AJT","og_description":"Il nostro Codice di Condotta del nostro team delinea gli standard minimi di condotta professionale che ci aspettiamo da tutti i membri del nostro team.","og_url":"https:\/\/ajt.morton.media\/it\/il-codice-di-condotta-del-nostro-team\/","og_site_name":"AJT","article_modified_time":"2022-07-16T15:36:16+00:00","twitter_misc":{"Tempo di lettura stimato":"6 minuti"},"schema":{"@context":"https:\/\/schema.org","@graph":[{"@type":"WebPage","@id":"https:\/\/ajt.morton.media\/it\/il-codice-di-condotta-del-nostro-team\/","url":"https:\/\/ajt.morton.media\/it\/il-codice-di-condotta-del-nostro-team\/","name":"Il Codice di Condotta del nostro team | AJT","isPartOf":{"@id":"https:\/\/www.teamajt.com\/#website"},"datePublished":"2022-06-13T09:13:10+00:00","dateModified":"2022-07-16T15:36:16+00:00","description":"Il nostro Codice di Condotta del nostro team delinea gli standard minimi di condotta professionale che ci aspettiamo da tutti i membri del nostro team.","breadcrumb":{"@id":"https:\/\/ajt.morton.media\/it\/il-codice-di-condotta-del-nostro-team\/#breadcrumb"},"inLanguage":"it-IT","potentialAction":[{"@type":"ReadAction","target":["https:\/\/ajt.morton.media\/it\/il-codice-di-condotta-del-nostro-team\/"]}]},{"@type":"BreadcrumbList","@id":"https:\/\/ajt.morton.media\/it\/il-codice-di-condotta-del-nostro-team\/#breadcrumb","itemListElement":[{"@type":"ListItem","position":1,"name":"Home","item":"https:\/\/www.teamajt.com\/it\/"},{"@type":"ListItem","position":2,"name":"Il Codice di Condotta del nostro team"}]},{"@type":"WebSite","@id":"https:\/\/www.teamajt.com\/#website","url":"https:\/\/www.teamajt.com\/","name":"AJT","description":"","publisher":{"@id":"https:\/\/www.teamajt.com\/#organization"},"potentialAction":[{"@type":"SearchAction","target":{"@type":"EntryPoint","urlTemplate":"https:\/\/www.teamajt.com\/?s={search_term_string}"},"query-input":"required name=search_term_string"}],"inLanguage":"it-IT"},{"@type":"Organization","@id":"https:\/\/www.teamajt.com\/#organization","name":"Anja Jones Translation","url":"https:\/\/www.teamajt.com\/","logo":{"@type":"ImageObject","inLanguage":"it-IT","@id":"https:\/\/www.teamajt.com\/#\/schema\/logo\/image\/","url":"https:\/\/ajt.morton.media\/wp-content\/uploads\/ajt_logo.png","contentUrl":"https:\/\/ajt.morton.media\/wp-content\/uploads\/ajt_logo.png","width":889,"height":877,"caption":"Anja Jones Translation"},"image":{"@id":"https:\/\/www.teamajt.com\/#\/schema\/logo\/image\/"}}]}},"_links":{"self":[{"href":"https:\/\/ajt.morton.media\/it\/wp-json\/wp\/v2\/pages\/49566"}],"collection":[{"href":"https:\/\/ajt.morton.media\/it\/wp-json\/wp\/v2\/pages"}],"about":[{"href":"https:\/\/ajt.morton.media\/it\/wp-json\/wp\/v2\/types\/page"}],"author":[{"embeddable":true,"href":"https:\/\/ajt.morton.media\/it\/wp-json\/wp\/v2\/users\/1"}],"replies":[{"embeddable":true,"href":"https:\/\/ajt.morton.media\/it\/wp-json\/wp\/v2\/comments?post=49566"}],"version-history":[{"count":3,"href":"https:\/\/ajt.morton.media\/it\/wp-json\/wp\/v2\/pages\/49566\/revisions"}],"predecessor-version":[{"id":50791,"href":"https:\/\/ajt.morton.media\/it\/wp-json\/wp\/v2\/pages\/49566\/revisions\/50791"}],"wp:attachment":[{"href":"https:\/\/ajt.morton.media\/it\/wp-json\/wp\/v2\/media?parent=49566"}],"curies":[{"name":"wp","href":"https:\/\/api.w.org\/{rel}","templated":true}]}}