

 
{"id":50112,"date":"2022-07-08T10:46:22","date_gmt":"2022-07-08T09:46:22","guid":{"rendered":"https:\/\/ajt.morton.media\/?page_id=50112"},"modified":"2022-07-20T16:06:00","modified_gmt":"2022-07-20T15:06:00","slug":"dycem-traduzione-del-sito-web-inglese-francese-e-tedesco","status":"publish","type":"page","link":"https:\/\/ajt.morton.media\/it\/i-nostri-clienti\/dycem-traduzione-del-sito-web-inglese-francese-e-tedesco\/","title":{"rendered":"Dycem: Traduzione del sito web (inglese > francese e tedesco)"},"content":{"rendered":"<p>[vc_row full_width=&#8221;stretch_row&#8221; content_placement=&#8221;middle&#8221; css=&#8221;.vc_custom_1651650689565{padding-bottom: 5vh !important;background-color: #f8f8f8 !important;}&#8221;][vc_column][vc_row_inner content_placement=&#8221;middle&#8221; el_id=&#8221;desktop-view&#8221;][vc_column_inner width=&#8221;5\/12&#8243; offset=&#8221;vc_hidden-sm vc_hidden-xs&#8221;][vc_column_text]<\/p>\n<h1>Caso di studio<\/h1>\n<p>[\/vc_column_text][vc_column_text]<\/p>\n<p style=\"color: #1f375d; letter-spacing: 5px; font-size: 28px;\">DYCEM<\/p>\n<p>[\/vc_column_text][vc_column_text css=&#8221;.vc_custom_1652339798373{border-top-width: 1px !important;border-top-color: #888888 !important;border-top-style: solid !important;}&#8221;]<\/p>\n<p style=\"font-size: 14px; letter-spacing: 2px;\">Traduzione del sito web (inglese &gt; francese e tedesco)<\/p>\n<p>[\/vc_column_text][\/vc_column_inner][vc_column_inner width=&#8221;7\/12&#8243; offset=&#8221;vc_hidden-sm vc_hidden-xs&#8221;][vc_single_image image=&#8221;48363&#8243; img_size=&#8221;&#8221; alignment=&#8221;center&#8221; el_class=&#8221;svg-image&#8221;][\/vc_column_inner][\/vc_row_inner][vc_row_inner content_placement=&#8221;middle&#8221; el_id=&#8221;tablet-view&#8221;][vc_column_inner width=&#8221;1\/2&#8243; offset=&#8221;vc_hidden-lg vc_hidden-md vc_hidden-xs&#8221;][vc_column_text]<\/p>\n<h1>Caso di studio<\/h1>\n<p>[\/vc_column_text][vc_column_text]<\/p>\n<p style=\"color: #1f375d; letter-spacing: 5px; font-size: 28px;\">DYCEM<\/p>\n<p>[\/vc_column_text][vc_column_text css=&#8221;.vc_custom_1652339798373{border-top-width: 1px !important;border-top-color: #888888 !important;border-top-style: solid !important;}&#8221;]<\/p>\n<p style=\"font-size: 14px; letter-spacing: 2px;\">Traduzione del sito web (inglese &gt; francese e tedesco)<\/p>\n<p>[\/vc_column_text][\/vc_column_inner][vc_column_inner width=&#8221;1\/2&#8243; offset=&#8221;vc_hidden-lg vc_hidden-md vc_hidden-xs&#8221;][vc_single_image image=&#8221;48363&#8243; img_size=&#8221;&#8221; alignment=&#8221;center&#8221; el_class=&#8221;svg-image&#8221;][\/vc_column_inner][\/vc_row_inner][vc_row_inner content_placement=&#8221;top&#8221; el_id=&#8221;mobile-view&#8221;][vc_column_inner offset=&#8221;vc_hidden-lg vc_hidden-md vc_hidden-sm&#8221;][vc_single_image image=&#8221;48363&#8243; img_size=&#8221;&#8221; alignment=&#8221;center&#8221; el_class=&#8221;svg-image&#8221;][vc_column_text]<\/p>\n<h1>Caso di studio<\/h1>\n<p>[\/vc_column_text][vc_column_text]<\/p>\n<p style=\"color: #1f375d; letter-spacing: 5px; font-size: 28px;\">DYCEM<\/p>\n<p>[\/vc_column_text][vc_column_text css=&#8221;.vc_custom_1652339798373{border-top-width: 1px !important;border-top-color: #888888 !important;border-top-style: solid !important;}&#8221;]<\/p>\n<p style=\"font-size: 14px; letter-spacing: 2px;\">Traduzione del sito web (inglese &gt; francese e tedesco)<\/p>\n<p>[\/vc_column_text][\/vc_column_inner][\/vc_row_inner][\/vc_column][\/vc_row][vc_row full_width=&#8221;stretch_row&#8221; content_placement=&#8221;top&#8221; css=&#8221;.vc_custom_1652295769724{margin-bottom: 7vh !important;background-color: #1f375d !important;background-position: 0 0 !important;background-repeat: no-repeat !important;}&#8221;][vc_column css=&#8221;.vc_custom_1652285710943{margin-top: 3vh !important;margin-bottom: 6vh !important;background-position: center !important;background-repeat: no-repeat !important;background-size: contain !important;}&#8221;][vc_row_inner el_id=&#8221;desktop-tablet-view&#8221;][vc_column_inner offset=&#8221;vc_hidden-sm vc_hidden-xs&#8221;][vc_column_text css=&#8221;.vc_custom_1653302395243{background-image: url(https:\/\/ajt.morton.media\/wp-content\/uploads\/speech-mark-blue.svg?id=48432) !important;background-position: center !important;background-repeat: no-repeat !important;background-size: contain !important;}&#8221;]<\/p>\n<h2 style=\"color: #ffffff; text-align: center;\"><em>\u201cChiunque abbia bisogno di traduzioni non deve fare altro che rivolgersi ad Anja e al suo fantastico team\u201d.<\/em><\/h2>\n<p>[\/vc_column_text][\/vc_column_inner][\/vc_row_inner][vc_row_inner el_id=&#8221;mobile-view&#8221;][vc_column_inner offset=&#8221;vc_hidden-lg vc_hidden-md&#8221;][vc_column_text css=&#8221;.vc_custom_1653302341362{background-image: url(https:\/\/ajt.morton.media\/wp-content\/uploads\/speech-mark-blue.svg?id=48432) !important;background-position: center !important;background-repeat: no-repeat !important;background-size: contain !important;}&#8221;]<\/p>\n<h2 style=\"font-size: 32px; color: #ffffff; text-align: center;\"><em>\u201cChiunque abbia bisogno di traduzioni non deve fare altro che rivolgersi ad Anja e al suo fantastico team\u201d.<\/em><\/h2>\n<p>[\/vc_column_text][\/vc_column_inner][\/vc_row_inner][\/vc_column][\/vc_row][vc_row][vc_column][vc_row_inner css=&#8221;.vc_custom_1652296688683{margin-bottom: 5vh !important;border-bottom-width: 1px !important;padding-bottom: 7vh !important;border-bottom-color: #1f375d !important;border-bottom-style: solid !important;}&#8221; el_class=&#8221;intro&#8221;][vc_column_inner width=&#8221;1\/6&#8243;][\/vc_column_inner][vc_column_inner width=&#8221;2\/3&#8243;][vc_column_text el_class=&#8221;intro&#8221;]<\/p>\n<p class=\"p1\">Dycem \u00e8 un leader mondiale nella produzione e fornitura di soluzioni di controllo della contaminazione dei pavimenti per ambienti critici e camere bianche. Con sede a Bristol in Inghilterra, Dycem lavora con alcune delle maggiori societ\u00e0 al mondo (BMW, GlaxoSmithKline e Nestl\u00e9, per citarne alcune) a cui fornisce soluzioni di controllo della contaminazione testate e tecnicamente affidabili.<\/p>\n<p>[\/vc_column_text][\/vc_column_inner][vc_column_inner width=&#8221;1\/6&#8243;][\/vc_column_inner][\/vc_row_inner][vc_row_inner css=&#8221;.vc_custom_1652297269315{margin-bottom: 7vh !important;border-bottom-width: 1px !important;padding-bottom: 10vh !important;border-bottom-color: #1f375d !important;border-bottom-style: solid !important;}&#8221;][vc_column_inner width=&#8221;1\/6&#8243;][\/vc_column_inner][vc_column_inner width=&#8221;2\/3&#8243;][vc_column_text el_class=&#8221;case-study-body&#8221;]<\/p>\n<h3 class=\"p1\"><b>Cosa abbiamo fatto<\/b><\/h3>\n<p class=\"p1\">Dycem voleva localizzare il proprio sito inglese per il mercato tedesco e francese. Nello specifico, richiedevano traduzioni ottimizzate in chiave SEO che offrissero loro una miglior visibilit\u00e0 nel mercato europeo.\u00a0Prima di iniziare la traduzione vera e propria del sito, abbiamo svolto una ricerca delle parole chiave SEO per assicurarci che le traduzioni includessero i termini e le frasi effettivamente cercati dai clienti tedeschi e francesi. Dopo che i revisori interni di Dycem hanno approvato i nostri risultati di ricerca e ci hanno comunicato le loro traduzioni preferite per nomi prodotto specifici, abbiamo tradotto i contenuti del sito in tedesco e francese integrando le parole chiave rilevanti.<\/p>\n<p class=\"p1\">I nostri traduttori hanno investito nello studio dei prodotti Dycem il tempo necessario per poter realizzare traduzioni accurate. Nonostante questo, a volte avevamo domande su determinate specifiche di prodotto, e Mike Trevelyan, il Marketing Co-ordinator di Dycem, ci ha subito messo in contatto con i colleghi del suo team in grado di fornirci maggior contesto e rispondere alle nostre domande. Avere accesso a persone con una conoscenza cos\u00ec approfondita della gamma di prodotti \u00e8 stato di enorme aiuto e ha contribuito alla qualit\u00e0 della traduzione finale.<\/p>\n<p>[\/vc_column_text][\/vc_column_inner][vc_column_inner width=&#8221;1\/6&#8243;][\/vc_column_inner][\/vc_row_inner][vc_row_inner css=&#8221;.vc_custom_1652297325144{margin-bottom: 5vh !important;}&#8221; el_id=&#8221;desktop-tablet-view&#8221;][vc_column_inner width=&#8221;1\/6&#8243; offset=&#8221;vc_hidden-xs&#8221;][vc_single_image image=&#8221;48436&#8243; alignment=&#8221;right&#8221; css=&#8221;.vc_custom_1652297126421{padding-top: 19px !important;}&#8221;][\/vc_column_inner][vc_column_inner width=&#8221;2\/3&#8243; offset=&#8221;vc_hidden-xs&#8221;][vc_column_text el_class=&#8221;case-study-quote&#8221;]<\/p>\n<h3 class=\"p1\"><b>Feedback<\/b><\/h3>\n<p class=\"p1\">\u201cChiunque abbia bisogno di traduzioni non deve fare altro che rivolgersi ad Anja e al suo fantastico team. La traduzione in francese e tedesco del sito www.dycem.co.uk \u00e8 ottima e in futuro non esiterei a ricorrere nuovamente ai loro servizi. Il team \u00e8 disponibile, cordiale e va fiero del proprio impegno per rendere il cliente soddisfatto. E io lo sono di sicuro!\u201d<\/p>\n<p class=\"p1\"><b>Mike Trevelyan<\/b><br \/>\nMarketing Co-ordinator \/ <a href=\"http:\/\/www.dycem.com\/\" target=\"_blank\" rel=\"noopener\"><span class=\"s1\">Dycem<\/span><\/a><\/p>\n<p>[\/vc_column_text][\/vc_column_inner][vc_column_inner width=&#8221;1\/6&#8243;][\/vc_column_inner][\/vc_row_inner][vc_row_inner css=&#8221;.vc_custom_1652297355312{margin-bottom: 10vh !important;}&#8221; el_id=&#8221;mobile-view&#8221;][vc_column_inner width=&#8221;1\/6&#8243; offset=&#8221;vc_hidden-lg vc_hidden-md vc_hidden-sm&#8221;][vc_single_image image=&#8221;48436&#8243; css=&#8221;.vc_custom_1652297725991{padding-left: 18px !important;}&#8221;][\/vc_column_inner][vc_column_inner width=&#8221;2\/3&#8243; offset=&#8221;vc_hidden-lg vc_hidden-md vc_hidden-sm&#8221;][vc_column_text el_class=&#8221;case-study-quote&#8221;]<\/p>\n<h3 class=\"p1\"><b>Feedback<\/b><\/h3>\n<p class=\"p1\">\u201cChiunque abbia bisogno di traduzioni non deve fare altro che rivolgersi ad Anja e al suo fantastico team. La traduzione in francese e tedesco del sito www.dycem.co.uk \u00e8 ottima e in futuro non esiterei a ricorrere nuovamente ai loro servizi. Il team \u00e8 disponibile, cordiale e va fiero del proprio impegno per rendere il cliente soddisfatto. E io lo sono di sicuro!\u201d<\/p>\n<p class=\"p1\"><b>Mike Trevelyan<\/b><br \/>\nMarketing Co-ordinator \/ <a href=\"http:\/\/www.dycem.com\/\" target=\"_blank\" rel=\"noopener\"><span class=\"s1\">Dycem<\/span><\/a><\/p>\n<p>[\/vc_column_text][\/vc_column_inner][vc_column_inner width=&#8221;1\/6&#8243;][\/vc_column_inner][\/vc_row_inner][\/vc_column][\/vc_row][vc_row][vc_column width=&#8221;1\/2&#8243; alignment=&#8221;center&#8221;]<a href=\"https:\/\/ajt.morton.media\/it\/i-nostri-clienti\/mindfully-wired-communications-traduzione-di-un-database-per-lindustria-ittica-dallinglese-al-francese\/\" title=\"Mindfully Wired caso di studio\"  data-id=\"mpc_button-2469f21497f0538\" class=\"mpc-button mpc-init mpc-transition \" ><div class=\"mpc-button__content mpc-effect-type--stay mpc-effect-side--left\"><i class=\"mpc-button__icon mpc-transition  mi mi-arrow_back\"><\/i><span class=\"mpc-button__title mpc-transition\">Caso di studio precedente<\/span><\/div><div class=\"mpc-button__background mpc-transition mpc-effect-type--fade mpc-effect-side--in\"><\/div><\/a>[\/vc_column][vc_column width=&#8221;1\/2&#8243; alignment=&#8221;center&#8221;]<a href=\"https:\/\/ajt.morton.media\/it\/i-nostri-clienti\/kreidezeit-traduzione-della-documentazione-dei-prodotti-dal-tedesco-allinglese\/\" title=\"Kreidezeit caso di studio\"  data-id=\"mpc_button-8969f21497f05cf\" class=\"mpc-button mpc-init mpc-transition \" ><div class=\"mpc-button__content mpc-effect-type--stay mpc-effect-side--right\"><span class=\"mpc-button__title mpc-transition\">Caso di studio successivo<\/span><i class=\"mpc-button__icon mpc-transition  mi mi-arrow_forward\"><\/i><\/div><div class=\"mpc-button__background mpc-transition mpc-effect-type--fade mpc-effect-side--in\"><\/div><\/a>[\/vc_column][\/vc_row][vc_row first_background_color=&#8221;#555555&#8243; el_id=&#8221;desktop-tablet-view&#8221;][vc_column css_animation=&#8221;none&#8221;][vc_row_inner equal_height=&#8221;yes&#8221; content_placement=&#8221;top&#8221; gap=&#8221;20&#8243; css=&#8221;.vc_custom_1651664500696{margin-top: 10vh !important;margin-right: 2% !important;margin-bottom: 12vh !important;margin-left: 2% !important;}&#8221;][vc_column_inner el_class=&#8221;call-to-action&#8221; width=&#8221;1\/2&#8243; css=&#8221;.vc_custom_1652340421049{padding-bottom: 35px !important;background: #1f375d url(https:\/\/ajt.morton.media\/wp-content\/uploads\/logo-bg-blue.svg?id=47564) !important;background-position: center !important;background-repeat: no-repeat !important;background-size: contain !important;border-radius: 10px !important;}&#8221; offset=&#8221;vc_hidden-sm vc_hidden-xs&#8221;][vc_column_text]<\/p>\n<h3 style=\"color: #fff;\">Vuoi avviare il tuo prossimo progetto?<\/h3>\n<p style=\"color: #fff;\">Contattaci, siamo a tua disposizione. Non vediamo l\u2019ora di conoscerti per capire al meglio le tue esigenze e consigliarti il miglior approccio per il tuo progetto di localizzazione.<\/p>\n<p>[\/vc_column_text]<a href=\"https:\/\/ajt.morton.media\/it\/contattaci\/\" title=\"Contattaci\"  data-id=\"mpc_button-2669f21497f0645\" class=\"mpc-button mpc-init mpc-transition \" ><div class=\"mpc-button__content mpc-effect-type--none mpc-effect-side--none\"><span class=\"mpc-button__title mpc-transition\">Contattaci<\/span><\/div><div class=\"mpc-button__background mpc-transition mpc-effect-type--fade mpc-effect-side--in\"><\/div><\/a>[\/vc_column_inner][vc_column_inner width=&#8221;1\/2&#8243; css=&#8221;.vc_custom_1652340426179{padding-bottom: 35px !important;background-color: #f8f8f8 !important;border-radius: 10px !important;}&#8221; offset=&#8221;vc_hidden-sm vc_hidden-xs&#8221;][vc_column_text]<\/p>\n<h3>Perch\u00e9 scegliere AJT?<\/h3>\n<p style=\"color: #1f375d;\">Dopo oltre dieci anni di esperienza svolti nel rispetto dei nostri valori, e sempre pi\u00f9 clienti soddisfatti che continuano a rivolgersi a noi, siamo certi di aver trovato la formula vincente!<\/p>\n<p>[\/vc_column_text]<a href=\"https:\/\/ajt.morton.media\/it\/perche-scegliere-ajt\/\" title=\"Scopri altre ragioni\"  data-id=\"mpc_button-669f21497f06be\" class=\"mpc-button mpc-init mpc-transition \" ><div class=\"mpc-button__content mpc-effect-type--none mpc-effect-side--none\"><span class=\"mpc-button__title mpc-transition\">Scopri altre ragioni<\/span><\/div><div class=\"mpc-button__background mpc-transition mpc-effect-type--fade mpc-effect-side--in\"><\/div><\/a>[\/vc_column_inner][\/vc_row_inner][\/vc_column][\/vc_row][vc_row full_width=&#8221;stretch_row_content&#8221; el_id=&#8221;mobile-view&#8221; css=&#8221;.vc_custom_1652298518539{margin-top: 5vh !important;}&#8221;][vc_column offset=&#8221;vc_hidden-lg vc_hidden-md&#8221;][vc_row_inner equal_height=&#8221;yes&#8221; content_placement=&#8221;top&#8221;][vc_column_inner width=&#8221;1\/2&#8243; css=&#8221;.vc_custom_1652340504227{padding-bottom: 35px !important;background: #1f375d url(https:\/\/ajt.morton.media\/wp-content\/uploads\/logo-bg-blue.svg?id=47564) !important;background-position: center !important;background-repeat: no-repeat !important;background-size: contain !important;}&#8221;][vc_column_text]<\/p>\n<h3 style=\"color: #fff;\">Vuoi avviare il tuo prossimo progetto?<\/h3>\n<p style=\"color: #fff;\">Contattaci, siamo a tua disposizione. Non vediamo l\u2019ora di conoscerti per capire al meglio le tue esigenze e consigliarti il miglior approccio per il tuo progetto di localizzazione.<\/p>\n<p>[\/vc_column_text]<a href=\"https:\/\/ajt.morton.media\/it\/contattaci\/\" title=\"Contattaci\"  data-id=\"mpc_button-5469f21497f072d\" class=\"mpc-button mpc-init mpc-transition \" ><div class=\"mpc-button__content mpc-effect-type--none mpc-effect-side--none\"><span class=\"mpc-button__title mpc-transition\">Contattaci<\/span><\/div><div class=\"mpc-button__background mpc-transition mpc-effect-type--fade mpc-effect-side--in\"><\/div><\/a>[\/vc_column_inner][vc_column_inner width=&#8221;1\/2&#8243; css=&#8221;.vc_custom_1652340509095{padding-bottom: 35px !important;background-color: #f8f8f8 !important;}&#8221;][vc_column_text]<\/p>\n<h3>Perch\u00e9 scegliere AJT?<\/h3>\n<p style=\"color: #1f375d;\">Dopo oltre dieci anni di esperienza svolti nel rispetto dei nostri valori, e sempre pi\u00f9 clienti soddisfatti che continuano a rivolgersi a noi, siamo certi di aver trovato la formula vincente!<\/p>\n<p>[\/vc_column_text]<a href=\"https:\/\/ajt.morton.media\/it\/perche-scegliere-ajt\/\" title=\"Scopri altre ragioni\"  data-id=\"mpc_button-8869f21497f0797\" class=\"mpc-button mpc-init mpc-transition \" ><div class=\"mpc-button__content mpc-effect-type--none mpc-effect-side--none\"><span class=\"mpc-button__title mpc-transition\">Scopri altre ragioni<\/span><\/div><div class=\"mpc-button__background mpc-transition mpc-effect-type--fade mpc-effect-side--in\"><\/div><\/a>[\/vc_column_inner][\/vc_row_inner][\/vc_column][\/vc_row][vc_row][vc_column][vc_column_text]<\/p>\n<div id=\"excerpt\" class=\"memsource-post-attribute\">\n<div class=\"memsource-post-attribute-end\"><\/div>\n<\/div>\n<p>[\/vc_column_text][\/vc_column][\/vc_row]<\/p>\n","protected":false},"excerpt":{"rendered":"<p>[vc_row full_width=&#8221;stretch_row&#8221; content_placement=&#8221;middle&#8221; css=&#8221;.vc_custom_1651650689565{padding-bottom: 5vh !important;background-color: #f8f8f8 !important;}&#8221;][vc_column][vc_row_inner content_placement=&#8221;middle&#8221; el_id=&#8221;desktop-view&#8221;][vc_column_inner width=&#8221;5\/12&#8243; offset=&#8221;vc_hidden-sm vc_hidden-xs&#8221;][vc_column_text] Caso di studio [\/vc_column_text][vc_column_text] DYCEM [\/vc_column_text][vc_column_text css=&#8221;.vc_custom_1652339798373{border-top-width: 1px !important;border-top-color: #888888 !important;border-top-style: solid !important;}&#8221;] Traduzione del sito web (inglese &gt; francese e tedesco) [\/vc_column_text][\/vc_column_inner][vc_column_inner width=&#8221;7\/12&#8243; offset=&#8221;vc_hidden-sm vc_hidden-xs&#8221;][vc_single_image image=&#8221;48363&#8243; img_size=&#8221;&#8221; alignment=&#8221;center&#8221; el_class=&#8221;svg-image&#8221;][\/vc_column_inner][\/vc_row_inner][vc_row_inner content_placement=&#8221;middle&#8221; el_id=&#8221;tablet-view&#8221;][vc_column_inner width=&#8221;1\/2&#8243; offset=&#8221;vc_hidden-lg vc_hidden-md vc_hidden-xs&#8221;][vc_column_text] Caso di studio [\/vc_column_text][vc_column_text] DYCEM [\/vc_column_text][vc_column_text<\/p>\n","protected":false},"author":2,"featured_media":0,"parent":50147,"menu_order":3,"comment_status":"closed","ping_status":"closed","template":"","meta":{"inline_featured_image":false},"yoast_head":"<!-- This site is optimized with the Yoast SEO plugin v19.10 - https:\/\/yoast.com\/wordpress\/plugins\/seo\/ -->\n<title>Caso di studio sulla localizzazione: Dycem | AJT<\/title>\n<meta name=\"description\" content=\"Dycem voleva localizzare il proprio sito inglese per il mercato tedesco e francese.\" \/>\n<meta name=\"robots\" content=\"index, follow, max-snippet:-1, max-image-preview:large, max-video-preview:-1\" \/>\n<link rel=\"canonical\" href=\"https:\/\/ajt.morton.media\/it\/i-nostri-clienti\/dycem-traduzione-del-sito-web-inglese-francese-e-tedesco\/\" \/>\n<meta property=\"og:locale\" content=\"it_IT\" \/>\n<meta property=\"og:type\" content=\"article\" \/>\n<meta property=\"og:title\" content=\"Caso di studio sulla localizzazione: Dycem | AJT\" \/>\n<meta property=\"og:description\" content=\"Dycem voleva localizzare il proprio sito inglese per il mercato tedesco e francese.\" \/>\n<meta property=\"og:url\" content=\"https:\/\/ajt.morton.media\/it\/i-nostri-clienti\/dycem-traduzione-del-sito-web-inglese-francese-e-tedesco\/\" \/>\n<meta property=\"og:site_name\" content=\"AJT\" \/>\n<meta property=\"article:modified_time\" content=\"2022-07-20T15:06:00+00:00\" \/>\n<meta name=\"twitter:label1\" content=\"Tempo di lettura stimato\" \/>\n\t<meta name=\"twitter:data1\" content=\"5 minuti\" \/>\n<script type=\"application\/ld+json\" class=\"yoast-schema-graph\">{\"@context\":\"https:\/\/schema.org\",\"@graph\":[{\"@type\":\"WebPage\",\"@id\":\"https:\/\/ajt.morton.media\/it\/i-nostri-clienti\/dycem-traduzione-del-sito-web-inglese-francese-e-tedesco\/\",\"url\":\"https:\/\/ajt.morton.media\/it\/i-nostri-clienti\/dycem-traduzione-del-sito-web-inglese-francese-e-tedesco\/\",\"name\":\"Caso di studio sulla localizzazione: Dycem | AJT\",\"isPartOf\":{\"@id\":\"https:\/\/www.teamajt.com\/#website\"},\"datePublished\":\"2022-07-08T09:46:22+00:00\",\"dateModified\":\"2022-07-20T15:06:00+00:00\",\"description\":\"Dycem voleva localizzare il proprio sito inglese per il mercato tedesco e francese.\",\"breadcrumb\":{\"@id\":\"https:\/\/ajt.morton.media\/it\/i-nostri-clienti\/dycem-traduzione-del-sito-web-inglese-francese-e-tedesco\/#breadcrumb\"},\"inLanguage\":\"it-IT\",\"potentialAction\":[{\"@type\":\"ReadAction\",\"target\":[\"https:\/\/ajt.morton.media\/it\/i-nostri-clienti\/dycem-traduzione-del-sito-web-inglese-francese-e-tedesco\/\"]}]},{\"@type\":\"BreadcrumbList\",\"@id\":\"https:\/\/ajt.morton.media\/it\/i-nostri-clienti\/dycem-traduzione-del-sito-web-inglese-francese-e-tedesco\/#breadcrumb\",\"itemListElement\":[{\"@type\":\"ListItem\",\"position\":1,\"name\":\"Home\",\"item\":\"https:\/\/www.teamajt.com\/it\/\"},{\"@type\":\"ListItem\",\"position\":2,\"name\":\"I nostri clienti\",\"item\":\"https:\/\/www.teamajt.com\/it\/i-nostri-clienti\/\"},{\"@type\":\"ListItem\",\"position\":3,\"name\":\"Dycem: Traduzione del sito web (inglese > francese e tedesco)\"}]},{\"@type\":\"WebSite\",\"@id\":\"https:\/\/www.teamajt.com\/#website\",\"url\":\"https:\/\/www.teamajt.com\/\",\"name\":\"AJT\",\"description\":\"\",\"publisher\":{\"@id\":\"https:\/\/www.teamajt.com\/#organization\"},\"potentialAction\":[{\"@type\":\"SearchAction\",\"target\":{\"@type\":\"EntryPoint\",\"urlTemplate\":\"https:\/\/www.teamajt.com\/?s={search_term_string}\"},\"query-input\":\"required name=search_term_string\"}],\"inLanguage\":\"it-IT\"},{\"@type\":\"Organization\",\"@id\":\"https:\/\/www.teamajt.com\/#organization\",\"name\":\"Anja Jones Translation\",\"url\":\"https:\/\/www.teamajt.com\/\",\"logo\":{\"@type\":\"ImageObject\",\"inLanguage\":\"it-IT\",\"@id\":\"https:\/\/www.teamajt.com\/#\/schema\/logo\/image\/\",\"url\":\"https:\/\/ajt.morton.media\/wp-content\/uploads\/ajt_logo.png\",\"contentUrl\":\"https:\/\/ajt.morton.media\/wp-content\/uploads\/ajt_logo.png\",\"width\":889,\"height\":877,\"caption\":\"Anja Jones Translation\"},\"image\":{\"@id\":\"https:\/\/www.teamajt.com\/#\/schema\/logo\/image\/\"}}]}<\/script>\n<!-- \/ Yoast SEO plugin. -->","yoast_head_json":{"title":"Caso di studio sulla localizzazione: Dycem | AJT","description":"Dycem voleva localizzare il proprio sito inglese per il mercato tedesco e francese.","robots":{"index":"index","follow":"follow","max-snippet":"max-snippet:-1","max-image-preview":"max-image-preview:large","max-video-preview":"max-video-preview:-1"},"canonical":"https:\/\/ajt.morton.media\/it\/i-nostri-clienti\/dycem-traduzione-del-sito-web-inglese-francese-e-tedesco\/","og_locale":"it_IT","og_type":"article","og_title":"Caso di studio sulla localizzazione: Dycem | AJT","og_description":"Dycem voleva localizzare il proprio sito inglese per il mercato tedesco e francese.","og_url":"https:\/\/ajt.morton.media\/it\/i-nostri-clienti\/dycem-traduzione-del-sito-web-inglese-francese-e-tedesco\/","og_site_name":"AJT","article_modified_time":"2022-07-20T15:06:00+00:00","twitter_misc":{"Tempo di lettura stimato":"5 minuti"},"schema":{"@context":"https:\/\/schema.org","@graph":[{"@type":"WebPage","@id":"https:\/\/ajt.morton.media\/it\/i-nostri-clienti\/dycem-traduzione-del-sito-web-inglese-francese-e-tedesco\/","url":"https:\/\/ajt.morton.media\/it\/i-nostri-clienti\/dycem-traduzione-del-sito-web-inglese-francese-e-tedesco\/","name":"Caso di studio sulla localizzazione: Dycem | AJT","isPartOf":{"@id":"https:\/\/www.teamajt.com\/#website"},"datePublished":"2022-07-08T09:46:22+00:00","dateModified":"2022-07-20T15:06:00+00:00","description":"Dycem voleva localizzare il proprio sito inglese per il mercato tedesco e francese.","breadcrumb":{"@id":"https:\/\/ajt.morton.media\/it\/i-nostri-clienti\/dycem-traduzione-del-sito-web-inglese-francese-e-tedesco\/#breadcrumb"},"inLanguage":"it-IT","potentialAction":[{"@type":"ReadAction","target":["https:\/\/ajt.morton.media\/it\/i-nostri-clienti\/dycem-traduzione-del-sito-web-inglese-francese-e-tedesco\/"]}]},{"@type":"BreadcrumbList","@id":"https:\/\/ajt.morton.media\/it\/i-nostri-clienti\/dycem-traduzione-del-sito-web-inglese-francese-e-tedesco\/#breadcrumb","itemListElement":[{"@type":"ListItem","position":1,"name":"Home","item":"https:\/\/www.teamajt.com\/it\/"},{"@type":"ListItem","position":2,"name":"I nostri clienti","item":"https:\/\/www.teamajt.com\/it\/i-nostri-clienti\/"},{"@type":"ListItem","position":3,"name":"Dycem: Traduzione del sito web (inglese > francese e tedesco)"}]},{"@type":"WebSite","@id":"https:\/\/www.teamajt.com\/#website","url":"https:\/\/www.teamajt.com\/","name":"AJT","description":"","publisher":{"@id":"https:\/\/www.teamajt.com\/#organization"},"potentialAction":[{"@type":"SearchAction","target":{"@type":"EntryPoint","urlTemplate":"https:\/\/www.teamajt.com\/?s={search_term_string}"},"query-input":"required name=search_term_string"}],"inLanguage":"it-IT"},{"@type":"Organization","@id":"https:\/\/www.teamajt.com\/#organization","name":"Anja Jones Translation","url":"https:\/\/www.teamajt.com\/","logo":{"@type":"ImageObject","inLanguage":"it-IT","@id":"https:\/\/www.teamajt.com\/#\/schema\/logo\/image\/","url":"https:\/\/ajt.morton.media\/wp-content\/uploads\/ajt_logo.png","contentUrl":"https:\/\/ajt.morton.media\/wp-content\/uploads\/ajt_logo.png","width":889,"height":877,"caption":"Anja Jones Translation"},"image":{"@id":"https:\/\/www.teamajt.com\/#\/schema\/logo\/image\/"}}]}},"_links":{"self":[{"href":"https:\/\/ajt.morton.media\/it\/wp-json\/wp\/v2\/pages\/50112"}],"collection":[{"href":"https:\/\/ajt.morton.media\/it\/wp-json\/wp\/v2\/pages"}],"about":[{"href":"https:\/\/ajt.morton.media\/it\/wp-json\/wp\/v2\/types\/page"}],"author":[{"embeddable":true,"href":"https:\/\/ajt.morton.media\/it\/wp-json\/wp\/v2\/users\/2"}],"replies":[{"embeddable":true,"href":"https:\/\/ajt.morton.media\/it\/wp-json\/wp\/v2\/comments?post=50112"}],"version-history":[{"count":4,"href":"https:\/\/ajt.morton.media\/it\/wp-json\/wp\/v2\/pages\/50112\/revisions"}],"predecessor-version":[{"id":50927,"href":"https:\/\/ajt.morton.media\/it\/wp-json\/wp\/v2\/pages\/50112\/revisions\/50927"}],"up":[{"embeddable":true,"href":"https:\/\/ajt.morton.media\/it\/wp-json\/wp\/v2\/pages\/50147"}],"wp:attachment":[{"href":"https:\/\/ajt.morton.media\/it\/wp-json\/wp\/v2\/media?parent=50112"}],"curies":[{"name":"wp","href":"https:\/\/api.w.org\/{rel}","templated":true}]}}